{"id":3364858,"date":"2025-10-09T22:16:05","date_gmt":"2025-10-10T02:16:05","guid":{"rendered":"https:\/\/stoic-curie.212-227-153-4.plesk.page\/product\/ampoule-navette-a-led-12-v-41-mm\/"},"modified":"2026-02-24T23:08:34","modified_gmt":"2026-02-24T23:08:34","slug":"ampoule-navette-a-led-12-v-41-mm","status":"publish","type":"product","link":"https:\/\/stoic-curie.212-227-153-4.plesk.page\/fr\/product\/ampoule-navette-a-led-12-v-41-mm\/","title":{"rendered":"Ampoule navette \u00e0 LED, 12\u00a0V, 41\u00a0mm"},"content":{"rendered":"<p>Ampoule navette \u00e0 LED, 12\u00a0V, 41\u00a0mm &#8211; <\/p>\n<p>Ampoules LED festonn\u00e9es. Faible consommation et longue dur\u00e9e de vie. Couleur de lumi\u00e8re blanche chaude de 3000 K\u00b0.<\/p>\n","protected":false},"excerpt":{"rendered":"<p>Ampoule navette \u00e0 LED, 12\u00a0V, 41\u00a0mm &#8211; Ampoules LED festonn\u00e9es. Faible consommation et longue dur\u00e9e de vie. Couleur de lumi\u00e8re<\/p>\n","protected":false},"featured_media":5944337,"comment_status":"closed","ping_status":"closed","template":"","meta":[],"product_brand":[3219],"product_cat":[1165,1162],"product_tag":[],"class_list":{"0":"post-3364858","1":"product","2":"type-product","3":"status-publish","4":"has-post-thumbnail","6":"product_brand-oceanled-fr","7":"product_cat-eclairage","8":"product_cat-feux-de-navigation-led","10":"first","11":"instock","12":"shipping-taxable","13":"purchasable","14":"product-type-simple"},"_links":{"self":[{"href":"https:\/\/stoic-curie.212-227-153-4.plesk.page\/fr\/wp-json\/wp\/v2\/product\/3364858","targetHints":{"allow":["GET"]}}],"collection":[{"href":"https:\/\/stoic-curie.212-227-153-4.plesk.page\/fr\/wp-json\/wp\/v2\/product"}],"about":[{"href":"https:\/\/stoic-curie.212-227-153-4.plesk.page\/fr\/wp-json\/wp\/v2\/types\/product"}],"replies":[{"embeddable":true,"href":"https:\/\/stoic-curie.212-227-153-4.plesk.page\/fr\/wp-json\/wp\/v2\/comments?post=3364858"}],"version-history":[{"count":0,"href":"https:\/\/stoic-curie.212-227-153-4.plesk.page\/fr\/wp-json\/wp\/v2\/product\/3364858\/revisions"}],"wp:featuredmedia":[{"embeddable":true,"href":"https:\/\/stoic-curie.212-227-153-4.plesk.page\/fr\/wp-json\/wp\/v2\/media\/5944337"}],"wp:attachment":[{"href":"https:\/\/stoic-curie.212-227-153-4.plesk.page\/fr\/wp-json\/wp\/v2\/media?parent=3364858"}],"wp:term":[{"taxonomy":"product_brand","embeddable":true,"href":"https:\/\/stoic-curie.212-227-153-4.plesk.page\/fr\/wp-json\/wp\/v2\/product_brand?post=3364858"},{"taxonomy":"product_cat","embeddable":true,"href":"https:\/\/stoic-curie.212-227-153-4.plesk.page\/fr\/wp-json\/wp\/v2\/product_cat?post=3364858"},{"taxonomy":"product_tag","embeddable":true,"href":"https:\/\/stoic-curie.212-227-153-4.plesk.page\/fr\/wp-json\/wp\/v2\/product_tag?post=3364858"}],"curies":[{"name":"wp","href":"https:\/\/api.w.org\/{rel}","templated":true}]}}