{"id":3364888,"date":"2025-10-09T22:16:06","date_gmt":"2025-10-10T02:16:06","guid":{"rendered":"https:\/\/stoic-curie.212-227-153-4.plesk.page\/product\/cordage-pour-pare-battage-gris-d-14-mm-x-2-m\/"},"modified":"2026-02-24T23:08:34","modified_gmt":"2026-02-24T23:08:34","slug":"cordage-pour-pare-battage-gris-d-14-mm-x-2-m","status":"publish","type":"product","link":"https:\/\/stoic-curie.212-227-153-4.plesk.page\/fr\/product\/cordage-pour-pare-battage-gris-d-14-mm-x-2-m\/","title":{"rendered":"Cordage pour pare-battage gris, D\u00a014\u00a0mm\u00a0x\u00a02\u00a0m"},"content":{"rendered":"<p>Cordage pour pare-battage gris, D\u00a014\u00a0mm\u00a0x\u00a02\u00a0m &#8211; <\/p>\n<p>Les lignes plates Fender Bride pour suspendre les fenders sont fabriqu\u00e9es en fil de polyester haute t\u00e9nacit\u00e9 de la m\u00eame couleur que les housses de fender. L\u00e9g\u00e8res et robustes, r\u00e9sistantes aux UV. Vendues en packs pratiques de 2 ou 3 m\u00e8tres.<\/p>\n","protected":false},"excerpt":{"rendered":"<p>Cordage pour pare-battage gris, D\u00a014\u00a0mm\u00a0x\u00a02\u00a0m &#8211; Les lignes plates Fender Bride pour suspendre les fenders sont fabriqu\u00e9es en fil de<\/p>\n","protected":false},"featured_media":5939654,"comment_status":"closed","ping_status":"closed","template":"","meta":[],"product_brand":[3099],"product_cat":[1273],"product_tag":[],"class_list":{"0":"post-3364888","1":"product","2":"type-product","3":"status-publish","4":"has-post-thumbnail","6":"product_brand-marco-benvenuti-fr","7":"product_cat-accessoires-de-pare-battages","9":"first","10":"instock","11":"shipping-taxable","12":"purchasable","13":"product-type-simple"},"_links":{"self":[{"href":"https:\/\/stoic-curie.212-227-153-4.plesk.page\/fr\/wp-json\/wp\/v2\/product\/3364888","targetHints":{"allow":["GET"]}}],"collection":[{"href":"https:\/\/stoic-curie.212-227-153-4.plesk.page\/fr\/wp-json\/wp\/v2\/product"}],"about":[{"href":"https:\/\/stoic-curie.212-227-153-4.plesk.page\/fr\/wp-json\/wp\/v2\/types\/product"}],"replies":[{"embeddable":true,"href":"https:\/\/stoic-curie.212-227-153-4.plesk.page\/fr\/wp-json\/wp\/v2\/comments?post=3364888"}],"version-history":[{"count":0,"href":"https:\/\/stoic-curie.212-227-153-4.plesk.page\/fr\/wp-json\/wp\/v2\/product\/3364888\/revisions"}],"wp:featuredmedia":[{"embeddable":true,"href":"https:\/\/stoic-curie.212-227-153-4.plesk.page\/fr\/wp-json\/wp\/v2\/media\/5939654"}],"wp:attachment":[{"href":"https:\/\/stoic-curie.212-227-153-4.plesk.page\/fr\/wp-json\/wp\/v2\/media?parent=3364888"}],"wp:term":[{"taxonomy":"product_brand","embeddable":true,"href":"https:\/\/stoic-curie.212-227-153-4.plesk.page\/fr\/wp-json\/wp\/v2\/product_brand?post=3364888"},{"taxonomy":"product_cat","embeddable":true,"href":"https:\/\/stoic-curie.212-227-153-4.plesk.page\/fr\/wp-json\/wp\/v2\/product_cat?post=3364888"},{"taxonomy":"product_tag","embeddable":true,"href":"https:\/\/stoic-curie.212-227-153-4.plesk.page\/fr\/wp-json\/wp\/v2\/product_tag?post=3364888"}],"curies":[{"name":"wp","href":"https:\/\/api.w.org\/{rel}","templated":true}]}}