{"id":3364896,"date":"2025-10-09T22:16:06","date_gmt":"2025-10-10T02:16:06","guid":{"rendered":"https:\/\/stoic-curie.212-227-153-4.plesk.page\/product\/bouton-automatique-minax-mf01\/"},"modified":"2026-02-24T23:08:34","modified_gmt":"2026-02-24T23:08:34","slug":"bouton-automatique-minax-mf01","status":"publish","type":"product","link":"https:\/\/stoic-curie.212-227-153-4.plesk.page\/fr\/product\/bouton-automatique-minax-mf01\/","title":{"rendered":"Bouton automatique Minax MF01"},"content":{"rendered":"<p>Bouton automatique Minax MF01 &#8211; <\/p>\n<p>Le syst\u00e8me de fixation automatique Minax est compos\u00e9 d&#8217;une t\u00eate en plastique antichoc et d&#8217;une vis en acier inoxydable. La t\u00eate est fix\u00e9e sur le couvercle et se verrouille sur la vis avec un simple syst\u00e8me de clic. La vis est fix\u00e9e \u00e0 la structure et sert de point de fixation.<\/p>\n","protected":false},"excerpt":{"rendered":"<p>Bouton automatique Minax MF01 &#8211; Le syst\u00e8me de fixation automatique Minax est compos\u00e9 d&#8217;une t\u00eate en plastique antichoc et d&#8217;une<\/p>\n","protected":false},"featured_media":5944349,"comment_status":"closed","ping_status":"closed","template":"","meta":[],"product_brand":[3074],"product_cat":[1129,1115],"product_tag":[],"class_list":{"0":"post-3364896","1":"product","2":"type-product","3":"status-publish","4":"has-post-thumbnail","6":"product_brand-loxx-fr","7":"product_cat-pieces-tauds-et-bimini","8":"product_cat-tauds-bimini","10":"first","11":"instock","12":"shipping-taxable","13":"purchasable","14":"product-type-simple"},"_links":{"self":[{"href":"https:\/\/stoic-curie.212-227-153-4.plesk.page\/fr\/wp-json\/wp\/v2\/product\/3364896","targetHints":{"allow":["GET"]}}],"collection":[{"href":"https:\/\/stoic-curie.212-227-153-4.plesk.page\/fr\/wp-json\/wp\/v2\/product"}],"about":[{"href":"https:\/\/stoic-curie.212-227-153-4.plesk.page\/fr\/wp-json\/wp\/v2\/types\/product"}],"replies":[{"embeddable":true,"href":"https:\/\/stoic-curie.212-227-153-4.plesk.page\/fr\/wp-json\/wp\/v2\/comments?post=3364896"}],"version-history":[{"count":0,"href":"https:\/\/stoic-curie.212-227-153-4.plesk.page\/fr\/wp-json\/wp\/v2\/product\/3364896\/revisions"}],"wp:featuredmedia":[{"embeddable":true,"href":"https:\/\/stoic-curie.212-227-153-4.plesk.page\/fr\/wp-json\/wp\/v2\/media\/5944349"}],"wp:attachment":[{"href":"https:\/\/stoic-curie.212-227-153-4.plesk.page\/fr\/wp-json\/wp\/v2\/media?parent=3364896"}],"wp:term":[{"taxonomy":"product_brand","embeddable":true,"href":"https:\/\/stoic-curie.212-227-153-4.plesk.page\/fr\/wp-json\/wp\/v2\/product_brand?post=3364896"},{"taxonomy":"product_cat","embeddable":true,"href":"https:\/\/stoic-curie.212-227-153-4.plesk.page\/fr\/wp-json\/wp\/v2\/product_cat?post=3364896"},{"taxonomy":"product_tag","embeddable":true,"href":"https:\/\/stoic-curie.212-227-153-4.plesk.page\/fr\/wp-json\/wp\/v2\/product_tag?post=3364896"}],"curies":[{"name":"wp","href":"https:\/\/api.w.org\/{rel}","templated":true}]}}