{"id":3364926,"date":"2025-10-09T22:16:07","date_gmt":"2025-10-10T02:16:07","guid":{"rendered":"https:\/\/stoic-curie.212-227-153-4.plesk.page\/product\/embout-a-chape-articulee-en-inox-a-sertir-sur-cable-d-5-mm\/"},"modified":"2026-02-24T23:08:34","modified_gmt":"2026-02-24T23:08:34","slug":"embout-a-chape-articulee-en-inox-a-sertir-sur-cable-d-5-mm","status":"publish","type":"product","link":"https:\/\/stoic-curie.212-227-153-4.plesk.page\/fr\/product\/embout-a-chape-articulee-en-inox-a-sertir-sur-cable-d-5-mm\/","title":{"rendered":"Embout \u00e0 chape articul\u00e9e en inox, \u00e0 sertir sur c\u00e2ble D\u00a05\u00a0mm"},"content":{"rendered":"<p>Embout \u00e0 chape articul\u00e9e en inox, \u00e0 sertir sur c\u00e2ble D\u00a05\u00a0mm &#8211; <\/p>\n<p>Terminal \u00e0 bascule en acier inoxydable 316. Id\u00e9al pour des applications exigeantes.<\/p>\n","protected":false},"excerpt":{"rendered":"<p>Embout \u00e0 chape articul\u00e9e en inox, \u00e0 sertir sur c\u00e2ble D\u00a05\u00a0mm &#8211; Terminal \u00e0 bascule en acier inoxydable 316. Id\u00e9al<\/p>\n","protected":false},"featured_media":5939825,"comment_status":"closed","ping_status":"closed","template":"","meta":[],"product_brand":[3119],"product_cat":[1191,1122],"product_tag":[],"class_list":{"0":"post-3364926","1":"product","2":"type-product","3":"status-publish","4":"has-post-thumbnail","6":"product_brand-marinetech-fr","7":"product_cat-quincaillerie","8":"product_cat-terminaux-de-cables","10":"first","11":"instock","12":"shipping-taxable","13":"purchasable","14":"product-type-simple"},"_links":{"self":[{"href":"https:\/\/stoic-curie.212-227-153-4.plesk.page\/fr\/wp-json\/wp\/v2\/product\/3364926","targetHints":{"allow":["GET"]}}],"collection":[{"href":"https:\/\/stoic-curie.212-227-153-4.plesk.page\/fr\/wp-json\/wp\/v2\/product"}],"about":[{"href":"https:\/\/stoic-curie.212-227-153-4.plesk.page\/fr\/wp-json\/wp\/v2\/types\/product"}],"replies":[{"embeddable":true,"href":"https:\/\/stoic-curie.212-227-153-4.plesk.page\/fr\/wp-json\/wp\/v2\/comments?post=3364926"}],"version-history":[{"count":0,"href":"https:\/\/stoic-curie.212-227-153-4.plesk.page\/fr\/wp-json\/wp\/v2\/product\/3364926\/revisions"}],"wp:featuredmedia":[{"embeddable":true,"href":"https:\/\/stoic-curie.212-227-153-4.plesk.page\/fr\/wp-json\/wp\/v2\/media\/5939825"}],"wp:attachment":[{"href":"https:\/\/stoic-curie.212-227-153-4.plesk.page\/fr\/wp-json\/wp\/v2\/media?parent=3364926"}],"wp:term":[{"taxonomy":"product_brand","embeddable":true,"href":"https:\/\/stoic-curie.212-227-153-4.plesk.page\/fr\/wp-json\/wp\/v2\/product_brand?post=3364926"},{"taxonomy":"product_cat","embeddable":true,"href":"https:\/\/stoic-curie.212-227-153-4.plesk.page\/fr\/wp-json\/wp\/v2\/product_cat?post=3364926"},{"taxonomy":"product_tag","embeddable":true,"href":"https:\/\/stoic-curie.212-227-153-4.plesk.page\/fr\/wp-json\/wp\/v2\/product_tag?post=3364926"}],"curies":[{"name":"wp","href":"https:\/\/api.w.org\/{rel}","templated":true}]}}