{"id":3364943,"date":"2025-10-09T22:16:08","date_gmt":"2025-10-10T02:16:08","guid":{"rendered":"https:\/\/stoic-curie.212-227-153-4.plesk.page\/product\/chaussette-a-pare-battage-fendress-f1-bleu-marine\/"},"modified":"2026-02-24T23:08:34","modified_gmt":"2026-02-24T23:08:34","slug":"chaussette-a-pare-battage-fendress-f1-bleu-marine","status":"publish","type":"product","link":"https:\/\/stoic-curie.212-227-153-4.plesk.page\/fr\/product\/chaussette-a-pare-battage-fendress-f1-bleu-marine\/","title":{"rendered":"Chaussette \u00e0 pare-battage Fendress F1, bleu marine"},"content":{"rendered":"<p>Chaussette \u00e0 pare-battage Fendress F1, bleu marine &#8211; <\/p>\n<p>Couvercles de fender en polaire fait main Fendress. Protection premium pour vos fenders, tout en \u00e9liminant les bruits de frottement et les marques. Doux et robustes, ces couvre-fenders prot\u00e8gent efficacement votre peinture gel-coat et prolongent la dur\u00e9e de vie de vos fenders.<\/p>\n<p>\u2022 Les \u201cFendress Covers\u201d sont 100% acryliques, faites main, de qualit\u00e9 premium, r\u00e9sistantes et non abrasives. Des couvertures en polaire douces et moelleuses offrent une protection optimale pour vos surfaces sup\u00e9rieures. \u2022 Les \u201cFendress Covers\u201d sont r\u00e9sistantes aux UV et \u00e0 l&#8217;eau de mer, prot\u00e9geant efficacement votre peinture gel-coat contre les marques et les abrasions. Le tissu polaire robuste poss\u00e8de toutes les meilleures caract\u00e9ristiques, y compris la r\u00e9sistance \u00e0 la d\u00e9chirure et \u00e0 l&#8217;abrasion, un s\u00e9chage rapide et un retrait facile pour le nettoyage. \u2022 Les \u201cFendress Covers\u201d prolonge la dur\u00e9e de vie de vos fenders et \u00e9liminent les bruits irritants. Les couleurs r\u00e9sistantes aux UV ne laissent pas de traces sur vos surfaces. Lavable en machine. \u2022 Les \u201cFendress Covers\u201d \u00e0 haute r\u00e9sistance et \u00e0 ourlet \u00e9lastique permettent un ajustement personnalis\u00e9 pour tous les types de fenders. Les couvertures sont disponibles en 9 couleurs.<\/p>\n","protected":false},"excerpt":{"rendered":"<p>Chaussette \u00e0 pare-battage Fendress F1, bleu marine &#8211; Couvercles de fender en polaire fait main Fendress. Protection premium pour vos<\/p>\n","protected":false},"featured_media":5944351,"comment_status":"closed","ping_status":"closed","template":"","meta":[],"product_brand":[2934],"product_cat":[1277],"product_tag":[],"class_list":{"0":"post-3364943","1":"product","2":"type-product","3":"status-publish","4":"has-post-thumbnail","6":"product_brand-fendress-fr","7":"product_cat-housses-de-pare-battage","9":"first","10":"instock","11":"shipping-taxable","12":"purchasable","13":"product-type-simple"},"_links":{"self":[{"href":"https:\/\/stoic-curie.212-227-153-4.plesk.page\/fr\/wp-json\/wp\/v2\/product\/3364943","targetHints":{"allow":["GET"]}}],"collection":[{"href":"https:\/\/stoic-curie.212-227-153-4.plesk.page\/fr\/wp-json\/wp\/v2\/product"}],"about":[{"href":"https:\/\/stoic-curie.212-227-153-4.plesk.page\/fr\/wp-json\/wp\/v2\/types\/product"}],"replies":[{"embeddable":true,"href":"https:\/\/stoic-curie.212-227-153-4.plesk.page\/fr\/wp-json\/wp\/v2\/comments?post=3364943"}],"version-history":[{"count":0,"href":"https:\/\/stoic-curie.212-227-153-4.plesk.page\/fr\/wp-json\/wp\/v2\/product\/3364943\/revisions"}],"wp:featuredmedia":[{"embeddable":true,"href":"https:\/\/stoic-curie.212-227-153-4.plesk.page\/fr\/wp-json\/wp\/v2\/media\/5944351"}],"wp:attachment":[{"href":"https:\/\/stoic-curie.212-227-153-4.plesk.page\/fr\/wp-json\/wp\/v2\/media?parent=3364943"}],"wp:term":[{"taxonomy":"product_brand","embeddable":true,"href":"https:\/\/stoic-curie.212-227-153-4.plesk.page\/fr\/wp-json\/wp\/v2\/product_brand?post=3364943"},{"taxonomy":"product_cat","embeddable":true,"href":"https:\/\/stoic-curie.212-227-153-4.plesk.page\/fr\/wp-json\/wp\/v2\/product_cat?post=3364943"},{"taxonomy":"product_tag","embeddable":true,"href":"https:\/\/stoic-curie.212-227-153-4.plesk.page\/fr\/wp-json\/wp\/v2\/product_tag?post=3364943"}],"curies":[{"name":"wp","href":"https:\/\/api.w.org\/{rel}","templated":true}]}}