{"id":3364982,"date":"2025-10-09T22:16:09","date_gmt":"2025-10-10T02:16:09","guid":{"rendered":"https:\/\/stoic-curie.212-227-153-4.plesk.page\/product\/chaussette-a-pare-battage-fendress-f1-bordeaux\/"},"modified":"2026-02-24T23:08:34","modified_gmt":"2026-02-24T23:08:34","slug":"chaussette-a-pare-battage-fendress-f1-bordeaux","status":"publish","type":"product","link":"https:\/\/stoic-curie.212-227-153-4.plesk.page\/fr\/product\/chaussette-a-pare-battage-fendress-f1-bordeaux\/","title":{"rendered":"Chaussette \u00e0 pare-battage Fendress F1, bordeaux"},"content":{"rendered":"<p>Chaussette \u00e0 pare-battage Fendress F1, bordeaux &#8211; <\/p>\n<p>Housses de fender Fendress en polaire peluch\u00e9 fait main. Protection premium pour vos fenders, \u00e9liminant les bruits de fender et les marques. Douces et robustes, ces housses prot\u00e8gent efficacement votre peinture en gel et prolongent la dur\u00e9e de vie de vos fenders.<\/p>\n<p>\u2022 Les \u201cFendress Covers\u201d sont en acrylique 100% fait main de qualit\u00e9 sup\u00e9rieure, r\u00e9sistantes et non abrasives en tricot boucl\u00e9. Les housses en polaire douce et pelucheuse offrent la protection ultime pour vos zones sup\u00e9rieures. \u2022 Les \u201cFendress Covers\u201d sont r\u00e9sistantes aux UV et \u00e0 l&#8217;eau de mer, prot\u00e9geant efficacement votre peinture en gel des marques et des abrasions. Le tissu en polaire r\u00e9sistant et robuste poss\u00e8de toutes les meilleures caract\u00e9ristiques, y compris r\u00e9sistance \u00e0 la d\u00e9chirure et \u00e0 l&#8217;abrasion, capacit\u00e9 de s\u00e9chage rapide et facile \u00e0 retirer pour le nettoyage. \u2022 Les \u201cFendress Covers\u201d prolongent la dur\u00e9e de vie de vos fenders et \u00e9liminent le bruit d\u00e9rangeant des fenders. Les couleurs r\u00e9sistantes aux UV ne laissent pas de marques sur vos zones sup\u00e9rieures. Lavables en machine. \u2022 Les \u201cFendress Covers\u201d avec un haut tr\u00e8s r\u00e9sistant et un ourlet \u00e9lastique permettent un ajustement personnalis\u00e9 pour tous les types de fenders. Les housses sont disponibles en 9 couleurs.<\/p>\n","protected":false},"excerpt":{"rendered":"<p>Chaussette \u00e0 pare-battage Fendress F1, bordeaux &#8211; Housses de fender Fendress en polaire peluch\u00e9 fait main. Protection premium pour vos<\/p>\n","protected":false},"featured_media":5944364,"comment_status":"closed","ping_status":"closed","template":"","meta":[],"product_brand":[2934],"product_cat":[1277],"product_tag":[],"class_list":{"0":"post-3364982","1":"product","2":"type-product","3":"status-publish","4":"has-post-thumbnail","6":"product_brand-fendress-fr","7":"product_cat-housses-de-pare-battage","9":"first","10":"instock","11":"shipping-taxable","12":"purchasable","13":"product-type-simple"},"_links":{"self":[{"href":"https:\/\/stoic-curie.212-227-153-4.plesk.page\/fr\/wp-json\/wp\/v2\/product\/3364982","targetHints":{"allow":["GET"]}}],"collection":[{"href":"https:\/\/stoic-curie.212-227-153-4.plesk.page\/fr\/wp-json\/wp\/v2\/product"}],"about":[{"href":"https:\/\/stoic-curie.212-227-153-4.plesk.page\/fr\/wp-json\/wp\/v2\/types\/product"}],"replies":[{"embeddable":true,"href":"https:\/\/stoic-curie.212-227-153-4.plesk.page\/fr\/wp-json\/wp\/v2\/comments?post=3364982"}],"version-history":[{"count":0,"href":"https:\/\/stoic-curie.212-227-153-4.plesk.page\/fr\/wp-json\/wp\/v2\/product\/3364982\/revisions"}],"wp:featuredmedia":[{"embeddable":true,"href":"https:\/\/stoic-curie.212-227-153-4.plesk.page\/fr\/wp-json\/wp\/v2\/media\/5944364"}],"wp:attachment":[{"href":"https:\/\/stoic-curie.212-227-153-4.plesk.page\/fr\/wp-json\/wp\/v2\/media?parent=3364982"}],"wp:term":[{"taxonomy":"product_brand","embeddable":true,"href":"https:\/\/stoic-curie.212-227-153-4.plesk.page\/fr\/wp-json\/wp\/v2\/product_brand?post=3364982"},{"taxonomy":"product_cat","embeddable":true,"href":"https:\/\/stoic-curie.212-227-153-4.plesk.page\/fr\/wp-json\/wp\/v2\/product_cat?post=3364982"},{"taxonomy":"product_tag","embeddable":true,"href":"https:\/\/stoic-curie.212-227-153-4.plesk.page\/fr\/wp-json\/wp\/v2\/product_tag?post=3364982"}],"curies":[{"name":"wp","href":"https:\/\/api.w.org\/{rel}","templated":true}]}}