{"id":3365008,"date":"2025-10-09T22:16:10","date_gmt":"2025-10-10T02:16:10","guid":{"rendered":"https:\/\/stoic-curie.212-227-153-4.plesk.page\/product\/chaussette-a-pare-battage-fendress-f2-gris\/"},"modified":"2026-02-24T23:08:34","modified_gmt":"2026-02-24T23:08:34","slug":"chaussette-a-pare-battage-fendress-f2-gris","status":"publish","type":"product","link":"https:\/\/stoic-curie.212-227-153-4.plesk.page\/fr\/product\/chaussette-a-pare-battage-fendress-f2-gris\/","title":{"rendered":"Chaussette \u00e0 pare-battage Fendress F2, gris"},"content":{"rendered":"<p>Chaussette \u00e0 pare-battage Fendress F2, gris &#8211; <\/p>\n<p>Housses de fender Fendress en polaire faite main. Protection premium pour vos fenders, tout en \u00e9liminant les bruits de fender et les marques. Douces et r\u00e9sistantes, ces housses prot\u00e8gent efficacement votre peinture gelcoat et prolongent la dur\u00e9e de vie de vos fenders.<\/p>\n<p>\u2022 Les &#8220;Fendress Covers&#8221; sont en acrylique 100% fait main, de qualit\u00e9 premium, r\u00e9sistant et non abrasif. Les housses en polaire douce offrent une protection ultime pour vos surfaces.<\/p>\n<p>\u2022 Les &#8220;Fendress Covers&#8221; sont r\u00e9sistantes aux UV et \u00e0 l&#8217;eau de mer, prot\u00e9geant efficacement votre peinture gelcoat contre les marques et abrasions. Le tissu polaire solide et r\u00e9sistant contient toutes les meilleures caract\u00e9ristiques, y compris la r\u00e9sistance \u00e0 la d\u00e9chirure et \u00e0 l&#8217;abrasion, un s\u00e9chage rapide et un enl\u00e8vement facile pour le nettoyage.<\/p>\n<p>\u2022 Les &#8220;Fendress Covers&#8221; permettent \u00e0 vos fenders de durer plus longtemps et \u00e9liminent les bruits irritants. Les couleurs r\u00e9sistantes aux UV ne laissent pas de traces sur vos surfaces. Lavables en machine.<\/p>\n<p>\u2022 Les &#8220;Fendress Covers&#8221; avec une haute r\u00e9sistance en haut et un ourlet \u00e9lastique permettent un ajustement sur mesure pour tous types de fenders. Housses disponibles en 9 couleurs.<\/p>\n","protected":false},"excerpt":{"rendered":"<p>Chaussette \u00e0 pare-battage Fendress F2, gris &#8211; Housses de fender Fendress en polaire faite main. Protection premium pour vos fenders,<\/p>\n","protected":false},"featured_media":5944363,"comment_status":"closed","ping_status":"closed","template":"","meta":[],"product_brand":[2934],"product_cat":[1277],"product_tag":[],"class_list":{"0":"post-3365008","1":"product","2":"type-product","3":"status-publish","4":"has-post-thumbnail","6":"product_brand-fendress-fr","7":"product_cat-housses-de-pare-battage","9":"first","10":"instock","11":"shipping-taxable","12":"purchasable","13":"product-type-simple"},"_links":{"self":[{"href":"https:\/\/stoic-curie.212-227-153-4.plesk.page\/fr\/wp-json\/wp\/v2\/product\/3365008","targetHints":{"allow":["GET"]}}],"collection":[{"href":"https:\/\/stoic-curie.212-227-153-4.plesk.page\/fr\/wp-json\/wp\/v2\/product"}],"about":[{"href":"https:\/\/stoic-curie.212-227-153-4.plesk.page\/fr\/wp-json\/wp\/v2\/types\/product"}],"replies":[{"embeddable":true,"href":"https:\/\/stoic-curie.212-227-153-4.plesk.page\/fr\/wp-json\/wp\/v2\/comments?post=3365008"}],"version-history":[{"count":0,"href":"https:\/\/stoic-curie.212-227-153-4.plesk.page\/fr\/wp-json\/wp\/v2\/product\/3365008\/revisions"}],"wp:featuredmedia":[{"embeddable":true,"href":"https:\/\/stoic-curie.212-227-153-4.plesk.page\/fr\/wp-json\/wp\/v2\/media\/5944363"}],"wp:attachment":[{"href":"https:\/\/stoic-curie.212-227-153-4.plesk.page\/fr\/wp-json\/wp\/v2\/media?parent=3365008"}],"wp:term":[{"taxonomy":"product_brand","embeddable":true,"href":"https:\/\/stoic-curie.212-227-153-4.plesk.page\/fr\/wp-json\/wp\/v2\/product_brand?post=3365008"},{"taxonomy":"product_cat","embeddable":true,"href":"https:\/\/stoic-curie.212-227-153-4.plesk.page\/fr\/wp-json\/wp\/v2\/product_cat?post=3365008"},{"taxonomy":"product_tag","embeddable":true,"href":"https:\/\/stoic-curie.212-227-153-4.plesk.page\/fr\/wp-json\/wp\/v2\/product_tag?post=3365008"}],"curies":[{"name":"wp","href":"https:\/\/api.w.org\/{rel}","templated":true}]}}