{"id":3365049,"date":"2025-10-09T22:16:11","date_gmt":"2025-10-10T02:16:11","guid":{"rendered":"https:\/\/stoic-curie.212-227-153-4.plesk.page\/product\/chaussette-a-pare-battage-fendress-f3-beige\/"},"modified":"2026-02-24T23:08:34","modified_gmt":"2026-02-24T23:08:34","slug":"chaussette-a-pare-battage-fendress-f3-beige","status":"publish","type":"product","link":"https:\/\/stoic-curie.212-227-153-4.plesk.page\/fr\/product\/chaussette-a-pare-battage-fendress-f3-beige\/","title":{"rendered":"Chaussette \u00e0 pare-battage Fendress F3, beige"},"content":{"rendered":"<p>Chaussette \u00e0 pare-battage Fendress F3, beige &#8211; <\/p>\n<p>Couvre-fenders Fendress en polaire doux faits main. Protection premium pour vos fenders, tout en \u00e9liminant les bruits et les marques. Douces et r\u00e9sistantes, ces couvertures prot\u00e8gent efficacement votre peinture en gelcoat et prolongent la dur\u00e9e de vie de vos fenders. <br \/> \u2022 Les \u00ab Couvre-fenders Fendress \u00bb sont en 100 % acrylique, faites main, de qualit\u00e9 premium, r\u00e9sistantes et tricot\u00e9es en boucle non abrasive. Les couvertures en polaire doux offrent la protection ultime pour vos c\u00f4t\u00e9s. <br \/> \u2022 Les \u00ab Couvre-fenders Fendress \u00bb sont r\u00e9sistants aux UV et \u00e0 l&#8217;eau de mer, prot\u00e9geant efficacement votre peinture en gelcoat contre les marques et les abrasions. Le tissu polaire robuste et r\u00e9sistant de haute qualit\u00e9 poss\u00e8de toutes les meilleures caract\u00e9ristiques, y compris la r\u00e9sistance \u00e0 la d\u00e9chirure et \u00e0 l&#8217;abrasion, un s\u00e9chage rapide et un retrait facile pour le nettoyage. <br \/> \u2022 Les \u00ab Couvre-fenders Fendress \u00bb prolongent la dur\u00e9e de vie de vos fenders et \u00e9liminent le bruit g\u00eanant. Les couleurs r\u00e9sistantes aux UV ne laissent pas de marques sur vos c\u00f4t\u00e9s. Lavable en machine. <br \/> \u2022 Les \u00ab Couvre-fenders Fendress \u00bb disposent d&#8217;un haut de haute r\u00e9sistance et d&#8217;un ourlet inf\u00e9rieur \u00e9lastique permettant un ajustement personnalis\u00e9 pour tous les types de fenders. Les couvertures sont disponibles en 9 couleurs.<\/p>\n","protected":false},"excerpt":{"rendered":"<p>Chaussette \u00e0 pare-battage Fendress F3, beige &#8211; Couvre-fenders Fendress en polaire doux faits main. Protection premium pour vos fenders, tout<\/p>\n","protected":false},"featured_media":5944362,"comment_status":"closed","ping_status":"closed","template":"","meta":[],"product_brand":[2934],"product_cat":[1277],"product_tag":[],"class_list":{"0":"post-3365049","1":"product","2":"type-product","3":"status-publish","4":"has-post-thumbnail","6":"product_brand-fendress-fr","7":"product_cat-housses-de-pare-battage","9":"first","10":"instock","11":"shipping-taxable","12":"purchasable","13":"product-type-simple"},"_links":{"self":[{"href":"https:\/\/stoic-curie.212-227-153-4.plesk.page\/fr\/wp-json\/wp\/v2\/product\/3365049","targetHints":{"allow":["GET"]}}],"collection":[{"href":"https:\/\/stoic-curie.212-227-153-4.plesk.page\/fr\/wp-json\/wp\/v2\/product"}],"about":[{"href":"https:\/\/stoic-curie.212-227-153-4.plesk.page\/fr\/wp-json\/wp\/v2\/types\/product"}],"replies":[{"embeddable":true,"href":"https:\/\/stoic-curie.212-227-153-4.plesk.page\/fr\/wp-json\/wp\/v2\/comments?post=3365049"}],"version-history":[{"count":0,"href":"https:\/\/stoic-curie.212-227-153-4.plesk.page\/fr\/wp-json\/wp\/v2\/product\/3365049\/revisions"}],"wp:featuredmedia":[{"embeddable":true,"href":"https:\/\/stoic-curie.212-227-153-4.plesk.page\/fr\/wp-json\/wp\/v2\/media\/5944362"}],"wp:attachment":[{"href":"https:\/\/stoic-curie.212-227-153-4.plesk.page\/fr\/wp-json\/wp\/v2\/media?parent=3365049"}],"wp:term":[{"taxonomy":"product_brand","embeddable":true,"href":"https:\/\/stoic-curie.212-227-153-4.plesk.page\/fr\/wp-json\/wp\/v2\/product_brand?post=3365049"},{"taxonomy":"product_cat","embeddable":true,"href":"https:\/\/stoic-curie.212-227-153-4.plesk.page\/fr\/wp-json\/wp\/v2\/product_cat?post=3365049"},{"taxonomy":"product_tag","embeddable":true,"href":"https:\/\/stoic-curie.212-227-153-4.plesk.page\/fr\/wp-json\/wp\/v2\/product_tag?post=3365049"}],"curies":[{"name":"wp","href":"https:\/\/api.w.org\/{rel}","templated":true}]}}