{"id":3365052,"date":"2025-10-09T22:16:12","date_gmt":"2025-10-10T02:16:12","guid":{"rendered":"https:\/\/stoic-curie.212-227-153-4.plesk.page\/product\/chaussette-a-pare-battage-fendress-f3-gris\/"},"modified":"2026-02-24T23:08:34","modified_gmt":"2026-02-24T23:08:34","slug":"chaussette-a-pare-battage-fendress-f3-gris","status":"publish","type":"product","link":"https:\/\/stoic-curie.212-227-153-4.plesk.page\/fr\/product\/chaussette-a-pare-battage-fendress-f3-gris\/","title":{"rendered":"Chaussette \u00e0 pare-battage Fendress F3, gris"},"content":{"rendered":"<p>Chaussette \u00e0 pare-battage Fendress F3, gris &#8211; <\/p>\n<p>Couvre-fenders en polaire fait main de Fendress. Protection premium pour vos fenders, tout en \u00e9liminant les bruits de frottement et les marques d&#8217;usure. Doux et robustes, ces couvre-fenders prot\u00e8gent efficacement votre peinture gel-coat et prolongent la dur\u00e9e de vie de vos fenders. <br \/> \u2022 Les &#8220;Fendress Covers&#8221; sont en polyester 100% acrylique, fabriqu\u00e9es \u00e0 la main, de qualit\u00e9 premium, r\u00e9sistantes et non abrasives. Les couvre-fenders en polaire douce offrent la protection ultime pour vos c\u00f4t\u00e9s sup\u00e9rieurs. <br \/> \u2022 Les &#8220;Fendress Covers&#8221; sont r\u00e9sistants aux UV et \u00e0 l&#8217;eau de mer, prot\u00e9geant efficacement votre peinture gel-coat des marques d&#8217;usure et des abrasions. Le tissu polaire robuste et durable contient toutes les meilleures caract\u00e9ristiques, y compris la r\u00e9sistance aux d\u00e9chirures et \u00e0 l&#8217;abrasion, la capacit\u00e9 de s\u00e9chage rapide et le retrait facile pour le nettoyage. <br \/> \u2022 Les &#8220;Fendress Covers&#8221; prolongent la dur\u00e9e de vie de vos fenders et \u00e9liminent les bruits de frottement irritants. Les couleurs r\u00e9sistantes aux UV ne laissent aucune trace sur vos c\u00f4t\u00e9s sup\u00e9rieurs. Lavables en machine. <br \/> \u2022 Les &#8220;Fendress Covers&#8221; avec une partie sup\u00e9rieure de haute r\u00e9sistance et un ourlet \u00e9lastique permettent un ajustement personnalis\u00e9 pour tous les types de fenders. Les couvercles sont disponibles en 9 couleurs.<\/p>\n","protected":false},"excerpt":{"rendered":"<p>Chaussette \u00e0 pare-battage Fendress F3, gris &#8211; Couvre-fenders en polaire fait main de Fendress. Protection premium pour vos fenders, tout<\/p>\n","protected":false},"featured_media":5944363,"comment_status":"closed","ping_status":"closed","template":"","meta":[],"product_brand":[2934],"product_cat":[1277],"product_tag":[],"class_list":{"0":"post-3365052","1":"product","2":"type-product","3":"status-publish","4":"has-post-thumbnail","6":"product_brand-fendress-fr","7":"product_cat-housses-de-pare-battage","9":"first","10":"instock","11":"shipping-taxable","12":"purchasable","13":"product-type-simple"},"_links":{"self":[{"href":"https:\/\/stoic-curie.212-227-153-4.plesk.page\/fr\/wp-json\/wp\/v2\/product\/3365052","targetHints":{"allow":["GET"]}}],"collection":[{"href":"https:\/\/stoic-curie.212-227-153-4.plesk.page\/fr\/wp-json\/wp\/v2\/product"}],"about":[{"href":"https:\/\/stoic-curie.212-227-153-4.plesk.page\/fr\/wp-json\/wp\/v2\/types\/product"}],"replies":[{"embeddable":true,"href":"https:\/\/stoic-curie.212-227-153-4.plesk.page\/fr\/wp-json\/wp\/v2\/comments?post=3365052"}],"version-history":[{"count":0,"href":"https:\/\/stoic-curie.212-227-153-4.plesk.page\/fr\/wp-json\/wp\/v2\/product\/3365052\/revisions"}],"wp:featuredmedia":[{"embeddable":true,"href":"https:\/\/stoic-curie.212-227-153-4.plesk.page\/fr\/wp-json\/wp\/v2\/media\/5944363"}],"wp:attachment":[{"href":"https:\/\/stoic-curie.212-227-153-4.plesk.page\/fr\/wp-json\/wp\/v2\/media?parent=3365052"}],"wp:term":[{"taxonomy":"product_brand","embeddable":true,"href":"https:\/\/stoic-curie.212-227-153-4.plesk.page\/fr\/wp-json\/wp\/v2\/product_brand?post=3365052"},{"taxonomy":"product_cat","embeddable":true,"href":"https:\/\/stoic-curie.212-227-153-4.plesk.page\/fr\/wp-json\/wp\/v2\/product_cat?post=3365052"},{"taxonomy":"product_tag","embeddable":true,"href":"https:\/\/stoic-curie.212-227-153-4.plesk.page\/fr\/wp-json\/wp\/v2\/product_tag?post=3365052"}],"curies":[{"name":"wp","href":"https:\/\/api.w.org\/{rel}","templated":true}]}}