{"id":3365138,"date":"2025-10-09T22:16:14","date_gmt":"2025-10-10T02:16:14","guid":{"rendered":"https:\/\/stoic-curie.212-227-153-4.plesk.page\/product\/chaussette-a-pare-battage-fendress-f5-gris\/"},"modified":"2026-02-24T23:08:34","modified_gmt":"2026-02-24T23:08:34","slug":"chaussette-a-pare-battage-fendress-f5-gris","status":"publish","type":"product","link":"https:\/\/stoic-curie.212-227-153-4.plesk.page\/fr\/product\/chaussette-a-pare-battage-fendress-f5-gris\/","title":{"rendered":"Chaussette \u00e0 pare-battage Fendress F5, gris"},"content":{"rendered":"<p>Chaussette \u00e0 pare-battage Fendress F5, gris &#8211; <\/p>\n<p>Housses de protection pour pare-battage Fendress en polaire douce faites main. Protection premium pour vos pare-battages, tout en \u00e9liminant les grincements et les marques d\u2019usure. Douces et r\u00e9sistantes, ces housses prot\u00e8gent efficacement la peinture gelcoat et prolongent la dur\u00e9e de vie de vos pare-battages.<\/p>\n<p>\u2022 Les \u201cFendress Covers\u201d sont 100% acryliques, faites \u00e0 la main, de qualit\u00e9 sup\u00e9rieure, r\u00e9sistantes et non abrasives. Les housses en polaire douce et moelleuse offrent une protection ultime pour vos bords sup\u00e9rieurs. \u2022 Les \u201cFendress Covers\u201d sont r\u00e9sistantes aux UV et \u00e0 l\u2019eau de mer, prot\u00e9geant efficacement votre peinture gelcoat des marques d\u2019usure et des abrasions. Le tissu en polaire robuste poss\u00e8de toutes les meilleures caract\u00e9ristiques, y compris la r\u00e9sistance \u00e0 la d\u00e9chirure, la r\u00e9sistance \u00e0 l\u2019abrasion, un s\u00e9chage rapide et un retrait facile pour le nettoyage. \u2022 Les \u201cFendress Covers\u201d prolongent la dur\u00e9e de vie de vos pare-battages et \u00e9liminent les grincements irritants. Les couleurs r\u00e9sistantes aux UV ne laissent pas de marques sur vos bords sup\u00e9rieurs. Lavable en machine. \u2022 Les \u201cFendress Covers\u201d avec un haut tr\u00e8s r\u00e9sistant et un ourlet \u00e9lastique en bas permettent un ajustement personnalis\u00e9 pour tous les types de pare-battages. Les housses sont disponibles en 9 couleurs.<\/p>\n","protected":false},"excerpt":{"rendered":"<p>Chaussette \u00e0 pare-battage Fendress F5, gris &#8211; Housses de protection pour pare-battage Fendress en polaire douce faites main. Protection premium<\/p>\n","protected":false},"featured_media":5944363,"comment_status":"closed","ping_status":"closed","template":"","meta":[],"product_brand":[2934],"product_cat":[1277],"product_tag":[],"class_list":{"0":"post-3365138","1":"product","2":"type-product","3":"status-publish","4":"has-post-thumbnail","6":"product_brand-fendress-fr","7":"product_cat-housses-de-pare-battage","9":"first","10":"instock","11":"shipping-taxable","12":"purchasable","13":"product-type-simple"},"_links":{"self":[{"href":"https:\/\/stoic-curie.212-227-153-4.plesk.page\/fr\/wp-json\/wp\/v2\/product\/3365138","targetHints":{"allow":["GET"]}}],"collection":[{"href":"https:\/\/stoic-curie.212-227-153-4.plesk.page\/fr\/wp-json\/wp\/v2\/product"}],"about":[{"href":"https:\/\/stoic-curie.212-227-153-4.plesk.page\/fr\/wp-json\/wp\/v2\/types\/product"}],"replies":[{"embeddable":true,"href":"https:\/\/stoic-curie.212-227-153-4.plesk.page\/fr\/wp-json\/wp\/v2\/comments?post=3365138"}],"version-history":[{"count":0,"href":"https:\/\/stoic-curie.212-227-153-4.plesk.page\/fr\/wp-json\/wp\/v2\/product\/3365138\/revisions"}],"wp:featuredmedia":[{"embeddable":true,"href":"https:\/\/stoic-curie.212-227-153-4.plesk.page\/fr\/wp-json\/wp\/v2\/media\/5944363"}],"wp:attachment":[{"href":"https:\/\/stoic-curie.212-227-153-4.plesk.page\/fr\/wp-json\/wp\/v2\/media?parent=3365138"}],"wp:term":[{"taxonomy":"product_brand","embeddable":true,"href":"https:\/\/stoic-curie.212-227-153-4.plesk.page\/fr\/wp-json\/wp\/v2\/product_brand?post=3365138"},{"taxonomy":"product_cat","embeddable":true,"href":"https:\/\/stoic-curie.212-227-153-4.plesk.page\/fr\/wp-json\/wp\/v2\/product_cat?post=3365138"},{"taxonomy":"product_tag","embeddable":true,"href":"https:\/\/stoic-curie.212-227-153-4.plesk.page\/fr\/wp-json\/wp\/v2\/product_tag?post=3365138"}],"curies":[{"name":"wp","href":"https:\/\/api.w.org\/{rel}","templated":true}]}}