{"id":3365146,"date":"2025-10-09T22:16:15","date_gmt":"2025-10-10T02:16:15","guid":{"rendered":"https:\/\/stoic-curie.212-227-153-4.plesk.page\/product\/chaussette-a-pare-battage-fendress-f5-bordeaux\/"},"modified":"2026-02-24T23:08:34","modified_gmt":"2026-02-24T23:08:34","slug":"chaussette-a-pare-battage-fendress-f5-bordeaux","status":"publish","type":"product","link":"https:\/\/stoic-curie.212-227-153-4.plesk.page\/fr\/product\/chaussette-a-pare-battage-fendress-f5-bordeaux\/","title":{"rendered":"Chaussette \u00e0 pare-battage Fendress F5, bordeaux"},"content":{"rendered":"<p>Chaussette \u00e0 pare-battage Fendress F5, bordeaux &#8211; <\/p>\n<p>Housses de fender Fendress en polaire doux faites \u00e0 la main. Protection haut de gamme pour vos fenders, tout en \u00e9liminant les grincements et les marques d&#8217;usure. Douces et r\u00e9sistantes, ces housses prot\u00e8gent efficacement la peinture en gelcoat et prolongent la dur\u00e9e de vie de vos fenders.<\/p>\n<p>\u2022 Les \u201cFendress Covers\u201d sont en acrylique 100 %, faites \u00e0 la main, de qualit\u00e9 sup\u00e9rieure, r\u00e9sistantes et en tricot boucle non abrasif. Les housses de fender en polaire doux et pelucheux offrent une protection ultime pour vos surfaces. \u2022 Les \u201cFendress Covers\u201d sont r\u00e9sistantes aux UV et \u00e0 l&#8217;eau de mer, prot\u00e9geant efficacement votre peinture en gelcoat des marques d&#8217;usure et des abrasions. Le tissu en polaire robuste et r\u00e9sistant contient toutes les meilleures caract\u00e9ristiques, y compris la r\u00e9sistance \u00e0 la d\u00e9chirure et \u00e0 l&#8217;abrasion, le s\u00e9chage rapide et un retrait facile pour le nettoyage. \u2022 Les \u201cFendress Covers\u201d prolongent la dur\u00e9e de vie de vos fenders et \u00e9liminent les grincements irritants. Les couleurs r\u00e9sistantes aux UV ne laissent pas de marques sur vos surfaces. Lavables en machine. \u2022 Les \u201cFendress Covers\u201d avec un haut de grande r\u00e9sistance et un ourlet inf\u00e9rieur \u00e9lastique permettent un ajustement personnalis\u00e9 pour tous types de fenders. Les housses sont disponibles en 9 couleurs.<\/p>\n","protected":false},"excerpt":{"rendered":"<p>Chaussette \u00e0 pare-battage Fendress F5, bordeaux &#8211; Housses de fender Fendress en polaire doux faites \u00e0 la main. Protection haut<\/p>\n","protected":false},"featured_media":5944364,"comment_status":"closed","ping_status":"closed","template":"","meta":[],"product_brand":[2934],"product_cat":[1277],"product_tag":[],"class_list":{"0":"post-3365146","1":"product","2":"type-product","3":"status-publish","4":"has-post-thumbnail","6":"product_brand-fendress-fr","7":"product_cat-housses-de-pare-battage","9":"first","10":"instock","11":"shipping-taxable","12":"purchasable","13":"product-type-simple"},"_links":{"self":[{"href":"https:\/\/stoic-curie.212-227-153-4.plesk.page\/fr\/wp-json\/wp\/v2\/product\/3365146","targetHints":{"allow":["GET"]}}],"collection":[{"href":"https:\/\/stoic-curie.212-227-153-4.plesk.page\/fr\/wp-json\/wp\/v2\/product"}],"about":[{"href":"https:\/\/stoic-curie.212-227-153-4.plesk.page\/fr\/wp-json\/wp\/v2\/types\/product"}],"replies":[{"embeddable":true,"href":"https:\/\/stoic-curie.212-227-153-4.plesk.page\/fr\/wp-json\/wp\/v2\/comments?post=3365146"}],"version-history":[{"count":0,"href":"https:\/\/stoic-curie.212-227-153-4.plesk.page\/fr\/wp-json\/wp\/v2\/product\/3365146\/revisions"}],"wp:featuredmedia":[{"embeddable":true,"href":"https:\/\/stoic-curie.212-227-153-4.plesk.page\/fr\/wp-json\/wp\/v2\/media\/5944364"}],"wp:attachment":[{"href":"https:\/\/stoic-curie.212-227-153-4.plesk.page\/fr\/wp-json\/wp\/v2\/media?parent=3365146"}],"wp:term":[{"taxonomy":"product_brand","embeddable":true,"href":"https:\/\/stoic-curie.212-227-153-4.plesk.page\/fr\/wp-json\/wp\/v2\/product_brand?post=3365146"},{"taxonomy":"product_cat","embeddable":true,"href":"https:\/\/stoic-curie.212-227-153-4.plesk.page\/fr\/wp-json\/wp\/v2\/product_cat?post=3365146"},{"taxonomy":"product_tag","embeddable":true,"href":"https:\/\/stoic-curie.212-227-153-4.plesk.page\/fr\/wp-json\/wp\/v2\/product_tag?post=3365146"}],"curies":[{"name":"wp","href":"https:\/\/api.w.org\/{rel}","templated":true}]}}