{"id":3365154,"date":"2025-10-09T22:16:15","date_gmt":"2025-10-10T02:16:15","guid":{"rendered":"https:\/\/stoic-curie.212-227-153-4.plesk.page\/product\/chaussette-a-pare-battage-fendress-f6-bleu-marine\/"},"modified":"2026-02-24T23:08:34","modified_gmt":"2026-02-24T23:08:34","slug":"chaussette-a-pare-battage-fendress-f6-bleu-marine","status":"publish","type":"product","link":"https:\/\/stoic-curie.212-227-153-4.plesk.page\/fr\/product\/chaussette-a-pare-battage-fendress-f6-bleu-marine\/","title":{"rendered":"Chaussette \u00e0 pare-battage Fendress F6, bleu marine"},"content":{"rendered":"<p>Chaussette \u00e0 pare-battage Fendress F6, bleu marine &#8211; <\/p>\n<p>Couvre-fender Fendress fait main en peluche. Protection premium pour vos fenders, tout en \u00e9liminant le bruit et les marques sur les fenders. Doux et r\u00e9sistant, ces couvre-fenders prot\u00e8gent efficacement votre peinture gel coat et prolongent la dur\u00e9e de vie de vos fenders.<\/p>\n<p>\u2022 Les \u201cFendress Covers\u201d sont fabriqu\u00e9s \u00e0 100% en acrylique, faits main, de qualit\u00e9 premium, r\u00e9sistants et en maille \u00e0 boucle non abrasive. Les couvertures de fender en peluche douce offrent une protection ultime pour vos parties sup\u00e9rieures. \u2022 Les \u201cFendress Covers\u201d sont r\u00e9sistantes aux UV et \u00e0 l&#8217;eau de mer, prot\u00e9geant efficacement votre peinture en gel coat des marques et des abrasions. Le tissu en peluche r\u00e9sistant et robuste comprend toutes les meilleures caract\u00e9ristiques, y compris la r\u00e9sistance aux d\u00e9chirures et \u00e0 l&#8217;abrasion, une capacit\u00e9 de s\u00e9chage rapide et un retrait facile pour le nettoyage. \u2022 Les \u201cFendress Covers\u201d prolongent la dur\u00e9e de vie de vos fenders et \u00e9liminent le bruit irritant des fenders. Les couleurs r\u00e9sistantes aux UV ne laissent pas de marques sur vos parties sup\u00e9rieures. Lavable en machine. \u2022 Les \u201cFendress Covers\u201d avec un haut tr\u00e8s r\u00e9sistant et un ourlet inf\u00e9rieur \u00e9lastiqu\u00e9 permettent un ajustement personnalis\u00e9 pour tous les types de fenders. Les couvertures sont disponibles en 9 couleurs.<\/p>\n","protected":false},"excerpt":{"rendered":"<p>Chaussette \u00e0 pare-battage Fendress F6, bleu marine &#8211; Couvre-fender Fendress fait main en peluche. Protection premium pour vos fenders, tout<\/p>\n","protected":false},"featured_media":5944351,"comment_status":"closed","ping_status":"closed","template":"","meta":[],"product_brand":[2934],"product_cat":[1277],"product_tag":[],"class_list":{"0":"post-3365154","1":"product","2":"type-product","3":"status-publish","4":"has-post-thumbnail","6":"product_brand-fendress-fr","7":"product_cat-housses-de-pare-battage","9":"first","10":"instock","11":"shipping-taxable","12":"purchasable","13":"product-type-simple"},"_links":{"self":[{"href":"https:\/\/stoic-curie.212-227-153-4.plesk.page\/fr\/wp-json\/wp\/v2\/product\/3365154","targetHints":{"allow":["GET"]}}],"collection":[{"href":"https:\/\/stoic-curie.212-227-153-4.plesk.page\/fr\/wp-json\/wp\/v2\/product"}],"about":[{"href":"https:\/\/stoic-curie.212-227-153-4.plesk.page\/fr\/wp-json\/wp\/v2\/types\/product"}],"replies":[{"embeddable":true,"href":"https:\/\/stoic-curie.212-227-153-4.plesk.page\/fr\/wp-json\/wp\/v2\/comments?post=3365154"}],"version-history":[{"count":0,"href":"https:\/\/stoic-curie.212-227-153-4.plesk.page\/fr\/wp-json\/wp\/v2\/product\/3365154\/revisions"}],"wp:featuredmedia":[{"embeddable":true,"href":"https:\/\/stoic-curie.212-227-153-4.plesk.page\/fr\/wp-json\/wp\/v2\/media\/5944351"}],"wp:attachment":[{"href":"https:\/\/stoic-curie.212-227-153-4.plesk.page\/fr\/wp-json\/wp\/v2\/media?parent=3365154"}],"wp:term":[{"taxonomy":"product_brand","embeddable":true,"href":"https:\/\/stoic-curie.212-227-153-4.plesk.page\/fr\/wp-json\/wp\/v2\/product_brand?post=3365154"},{"taxonomy":"product_cat","embeddable":true,"href":"https:\/\/stoic-curie.212-227-153-4.plesk.page\/fr\/wp-json\/wp\/v2\/product_cat?post=3365154"},{"taxonomy":"product_tag","embeddable":true,"href":"https:\/\/stoic-curie.212-227-153-4.plesk.page\/fr\/wp-json\/wp\/v2\/product_tag?post=3365154"}],"curies":[{"name":"wp","href":"https:\/\/api.w.org\/{rel}","templated":true}]}}