{"id":3365176,"date":"2025-10-09T22:16:15","date_gmt":"2025-10-10T02:16:15","guid":{"rendered":"https:\/\/stoic-curie.212-227-153-4.plesk.page\/product\/chaussette-a-pare-battage-fendress-f6-beige\/"},"modified":"2026-02-24T23:08:34","modified_gmt":"2026-02-24T23:08:34","slug":"chaussette-a-pare-battage-fendress-f6-beige","status":"publish","type":"product","link":"https:\/\/stoic-curie.212-227-153-4.plesk.page\/fr\/product\/chaussette-a-pare-battage-fendress-f6-beige\/","title":{"rendered":"Chaussette \u00e0 pare-battage Fendress F6, beige"},"content":{"rendered":"<p>Chaussette \u00e0 pare-battage Fendress F6, beige &#8211; <\/p>\n<p>Protecteurs de fender en polaire faits \u00e0 la main de Fendress. Protection premium pour vos fenders, tout en \u00e9liminant les bruits de grincement et les marques. Doux et r\u00e9sistants, ces protections prot\u00e8gent efficacement votre peinture en gel-coat et prolongent la dur\u00e9e de vie de vos fenders.<\/p>\n<p>\u2022 Les \u00ab Fendress Covers \u00bb sont en acrylique 100% fait \u00e0 la main, de qualit\u00e9 sup\u00e9rieure, r\u00e9sistants et en tricot boucl\u00e9 non abrasif. Des couvre-fenders en polaire doux et moelleux offrent une protection ultime pour votre pont. <br \/> \u2022 Les \u00ab Fendress Covers \u00bb sont r\u00e9sistants aux UV et \u00e0 l&#8217;eau de mer, prot\u00e9geant efficacement votre peinture en gel-coat des marques et des abrasions. Le tissu en polaire robuste et r\u00e9sistant poss\u00e8de toutes les meilleures caract\u00e9ristiques, y compris la r\u00e9sistance \u00e0 la d\u00e9chirure et \u00e0 l&#8217;abrasion, un s\u00e9chage rapide et un retrait facile pour le nettoyage. <br \/> \u2022 Les \u00ab Fendress Covers \u00bb prolongent la dur\u00e9e de vie de vos fenders et \u00e9liminent les bruits de grincement irritants. Les couleurs r\u00e9sistantes aux UV ne laissent pas de marques sur votre pont. Lavable en machine. <br \/> \u2022 Les \u00ab Fendress Covers \u00bb \u00e0 haute r\u00e9sistance sup\u00e9rieure et ourlet inf\u00e9rieur \u00e9lastique permettent un ajustement sur mesure pour tous les types de fenders. Les protections sont disponibles en 9 couleurs.<\/p>\n","protected":false},"excerpt":{"rendered":"<p>Chaussette \u00e0 pare-battage Fendress F6, beige &#8211; Protecteurs de fender en polaire faits \u00e0 la main de Fendress. Protection premium<\/p>\n","protected":false},"featured_media":5944362,"comment_status":"closed","ping_status":"closed","template":"","meta":[],"product_brand":[2934],"product_cat":[1277],"product_tag":[],"class_list":{"0":"post-3365176","1":"product","2":"type-product","3":"status-publish","4":"has-post-thumbnail","6":"product_brand-fendress-fr","7":"product_cat-housses-de-pare-battage","9":"first","10":"instock","11":"shipping-taxable","12":"purchasable","13":"product-type-simple"},"_links":{"self":[{"href":"https:\/\/stoic-curie.212-227-153-4.plesk.page\/fr\/wp-json\/wp\/v2\/product\/3365176","targetHints":{"allow":["GET"]}}],"collection":[{"href":"https:\/\/stoic-curie.212-227-153-4.plesk.page\/fr\/wp-json\/wp\/v2\/product"}],"about":[{"href":"https:\/\/stoic-curie.212-227-153-4.plesk.page\/fr\/wp-json\/wp\/v2\/types\/product"}],"replies":[{"embeddable":true,"href":"https:\/\/stoic-curie.212-227-153-4.plesk.page\/fr\/wp-json\/wp\/v2\/comments?post=3365176"}],"version-history":[{"count":0,"href":"https:\/\/stoic-curie.212-227-153-4.plesk.page\/fr\/wp-json\/wp\/v2\/product\/3365176\/revisions"}],"wp:featuredmedia":[{"embeddable":true,"href":"https:\/\/stoic-curie.212-227-153-4.plesk.page\/fr\/wp-json\/wp\/v2\/media\/5944362"}],"wp:attachment":[{"href":"https:\/\/stoic-curie.212-227-153-4.plesk.page\/fr\/wp-json\/wp\/v2\/media?parent=3365176"}],"wp:term":[{"taxonomy":"product_brand","embeddable":true,"href":"https:\/\/stoic-curie.212-227-153-4.plesk.page\/fr\/wp-json\/wp\/v2\/product_brand?post=3365176"},{"taxonomy":"product_cat","embeddable":true,"href":"https:\/\/stoic-curie.212-227-153-4.plesk.page\/fr\/wp-json\/wp\/v2\/product_cat?post=3365176"},{"taxonomy":"product_tag","embeddable":true,"href":"https:\/\/stoic-curie.212-227-153-4.plesk.page\/fr\/wp-json\/wp\/v2\/product_tag?post=3365176"}],"curies":[{"name":"wp","href":"https:\/\/api.w.org\/{rel}","templated":true}]}}