{"id":3365192,"date":"2025-10-09T22:16:16","date_gmt":"2025-10-10T02:16:16","guid":{"rendered":"https:\/\/stoic-curie.212-227-153-4.plesk.page\/product\/chaussette-a-pare-battage-fendress-f6-bordeaux\/"},"modified":"2026-02-24T23:08:34","modified_gmt":"2026-02-24T23:08:34","slug":"chaussette-a-pare-battage-fendress-f6-bordeaux","status":"publish","type":"product","link":"https:\/\/stoic-curie.212-227-153-4.plesk.page\/fr\/product\/chaussette-a-pare-battage-fendress-f6-bordeaux\/","title":{"rendered":"Chaussette \u00e0 pare-battage Fendress F6, bordeaux"},"content":{"rendered":"<p>Chaussette \u00e0 pare-battage Fendress F6, bordeaux &#8211; <\/p>\n<p>Housse de pare-chocs Fendress en velours doux faite main. Protection premium pour vos pare-chocs, tout en \u00e9liminant les grincements et les marques de frottement. Douces et r\u00e9sistantes, ces housses prot\u00e8gent efficacement votre peinture en gel-coat et prolongent la dur\u00e9e de vie de vos pare-chocs.<\/p>\n<p>\u2022 Les \u201cFendress Covers\u201d sont en acrylique \u00e0 100 % faites main, de qualit\u00e9 premium, r\u00e9sistantes et non abrasives. Des housses de pare-chocs en velours doux offrent une protection ultime pour vos c\u00f4t\u00e9s.<br \/>\u2022 Les \u201cFendress Covers\u201d r\u00e9sistent aux UV et \u00e0 l&#8217;eau de mer, prot\u00e9geant efficacement votre peinture en gel-coat contre les marques de frottement et les abrasions. Le tissu en velours r\u00e9sistant contient toutes les meilleures caract\u00e9ristiques, notamment r\u00e9sistance aux d\u00e9chirures et aux abrasions, capacit\u00e9 de s\u00e9chage rapide et retrait facile pour le nettoyage.<br \/>\u2022 Les \u201cFendress Covers\u201d prolongent la dur\u00e9e de vie de vos pare-chocs et \u00e9liminent les grincements irritants. Les couleurs r\u00e9sistantes aux UV ne laissent pas de marques sur vos c\u00f4t\u00e9s. Lavables en machine.<br \/>\u2022 Les \u201cFendress Covers\u201d dot\u00e9es d&#8217;un haut r\u00e9sistant et d&#8217;un ourlet \u00e9lastique permettent un ajustement personnalis\u00e9 pour tous les types de pare-chocs. Les housses sont disponibles en 9 couleurs.<\/p>\n","protected":false},"excerpt":{"rendered":"<p>Chaussette \u00e0 pare-battage Fendress F6, bordeaux &#8211; Housse de pare-chocs Fendress en velours doux faite main. Protection premium pour vos<\/p>\n","protected":false},"featured_media":5944364,"comment_status":"closed","ping_status":"closed","template":"","meta":[],"product_brand":[2934],"product_cat":[1277],"product_tag":[],"class_list":{"0":"post-3365192","1":"product","2":"type-product","3":"status-publish","4":"has-post-thumbnail","6":"product_brand-fendress-fr","7":"product_cat-housses-de-pare-battage","9":"first","10":"instock","11":"shipping-taxable","12":"purchasable","13":"product-type-simple"},"_links":{"self":[{"href":"https:\/\/stoic-curie.212-227-153-4.plesk.page\/fr\/wp-json\/wp\/v2\/product\/3365192","targetHints":{"allow":["GET"]}}],"collection":[{"href":"https:\/\/stoic-curie.212-227-153-4.plesk.page\/fr\/wp-json\/wp\/v2\/product"}],"about":[{"href":"https:\/\/stoic-curie.212-227-153-4.plesk.page\/fr\/wp-json\/wp\/v2\/types\/product"}],"replies":[{"embeddable":true,"href":"https:\/\/stoic-curie.212-227-153-4.plesk.page\/fr\/wp-json\/wp\/v2\/comments?post=3365192"}],"version-history":[{"count":0,"href":"https:\/\/stoic-curie.212-227-153-4.plesk.page\/fr\/wp-json\/wp\/v2\/product\/3365192\/revisions"}],"wp:featuredmedia":[{"embeddable":true,"href":"https:\/\/stoic-curie.212-227-153-4.plesk.page\/fr\/wp-json\/wp\/v2\/media\/5944364"}],"wp:attachment":[{"href":"https:\/\/stoic-curie.212-227-153-4.plesk.page\/fr\/wp-json\/wp\/v2\/media?parent=3365192"}],"wp:term":[{"taxonomy":"product_brand","embeddable":true,"href":"https:\/\/stoic-curie.212-227-153-4.plesk.page\/fr\/wp-json\/wp\/v2\/product_brand?post=3365192"},{"taxonomy":"product_cat","embeddable":true,"href":"https:\/\/stoic-curie.212-227-153-4.plesk.page\/fr\/wp-json\/wp\/v2\/product_cat?post=3365192"},{"taxonomy":"product_tag","embeddable":true,"href":"https:\/\/stoic-curie.212-227-153-4.plesk.page\/fr\/wp-json\/wp\/v2\/product_tag?post=3365192"}],"curies":[{"name":"wp","href":"https:\/\/api.w.org\/{rel}","templated":true}]}}