{"id":3365202,"date":"2025-10-09T22:16:17","date_gmt":"2025-10-10T02:16:17","guid":{"rendered":"https:\/\/stoic-curie.212-227-153-4.plesk.page\/product\/chaussette-a-pare-battage-fendress-f7-noir\/"},"modified":"2026-02-24T23:08:34","modified_gmt":"2026-02-24T23:08:34","slug":"chaussette-a-pare-battage-fendress-f7-noir","status":"publish","type":"product","link":"https:\/\/stoic-curie.212-227-153-4.plesk.page\/fr\/product\/chaussette-a-pare-battage-fendress-f7-noir\/","title":{"rendered":"Chaussette \u00e0 pare-battage Fendress F7, noir"},"content":{"rendered":"<p>Chaussette \u00e0 pare-battage Fendress F7, noir &#8211; <\/p>\n<p>Housses de fender Fendress en polaire peluche faite \u00e0 la main. Protection premium pour vos fenders, tout en \u00e9liminant les bruits et les marques de frottement. Douces et robustes, ces housses prot\u00e8gent efficacement votre peinture gel-coat et prolongent la dur\u00e9e de vie de vos fenders.<\/p>\n<p>&#149; Les \u201cFendress Covers\u201d sont 100% acryliques, faites \u00e0 la main de qualit\u00e9 premium, r\u00e9sistantes et non abrasives. Les housses de fender en polaire douce offrent la protection ultime pour vos surfaces sup\u00e9rieures. &#149; Les \u201cFendress Covers\u201d sont r\u00e9sistantes aux UV et \u00e0 l&#8217;eau de mer, prot\u00e9geant efficacement votre peinture gel-coat des marques de frottement et des abrasions. Le tissu en polaire r\u00e9sistant poss\u00e8de toutes les meilleures caract\u00e9ristiques, y compris la r\u00e9sistance \u00e0 la d\u00e9chirure et \u00e0 l&#8217;abrasion, un s\u00e9chage rapide et un retrait facile pour le nettoyage. &#149; Les \u201cFendress Covers\u201d prolongent la dur\u00e9e de vie de vos fenders et \u00e9liminent les crissements de fender irritants. Les couleurs r\u00e9sistantes aux UV ne laissent pas de marques sur vos surfaces sup\u00e9rieures. Lavable en machine. &#149; Les \u201cFendress Covers\u201d ont une partie sup\u00e9rieure tr\u00e8s r\u00e9sistante et un ourlet \u00e9lastique permettant un ajustement sur mesure pour tous les types de fenders. Les housses sont disponibles en 9 couleurs.<\/p>\n","protected":false},"excerpt":{"rendered":"<p>Chaussette \u00e0 pare-battage Fendress F7, noir &#8211; Housses de fender Fendress en polaire peluche faite \u00e0 la main. Protection premium<\/p>\n","protected":false},"featured_media":5944361,"comment_status":"closed","ping_status":"closed","template":"","meta":[],"product_brand":[2934],"product_cat":[1277],"product_tag":[],"class_list":{"0":"post-3365202","1":"product","2":"type-product","3":"status-publish","4":"has-post-thumbnail","6":"product_brand-fendress-fr","7":"product_cat-housses-de-pare-battage","9":"first","10":"instock","11":"shipping-taxable","12":"purchasable","13":"product-type-simple"},"_links":{"self":[{"href":"https:\/\/stoic-curie.212-227-153-4.plesk.page\/fr\/wp-json\/wp\/v2\/product\/3365202","targetHints":{"allow":["GET"]}}],"collection":[{"href":"https:\/\/stoic-curie.212-227-153-4.plesk.page\/fr\/wp-json\/wp\/v2\/product"}],"about":[{"href":"https:\/\/stoic-curie.212-227-153-4.plesk.page\/fr\/wp-json\/wp\/v2\/types\/product"}],"replies":[{"embeddable":true,"href":"https:\/\/stoic-curie.212-227-153-4.plesk.page\/fr\/wp-json\/wp\/v2\/comments?post=3365202"}],"version-history":[{"count":0,"href":"https:\/\/stoic-curie.212-227-153-4.plesk.page\/fr\/wp-json\/wp\/v2\/product\/3365202\/revisions"}],"wp:featuredmedia":[{"embeddable":true,"href":"https:\/\/stoic-curie.212-227-153-4.plesk.page\/fr\/wp-json\/wp\/v2\/media\/5944361"}],"wp:attachment":[{"href":"https:\/\/stoic-curie.212-227-153-4.plesk.page\/fr\/wp-json\/wp\/v2\/media?parent=3365202"}],"wp:term":[{"taxonomy":"product_brand","embeddable":true,"href":"https:\/\/stoic-curie.212-227-153-4.plesk.page\/fr\/wp-json\/wp\/v2\/product_brand?post=3365202"},{"taxonomy":"product_cat","embeddable":true,"href":"https:\/\/stoic-curie.212-227-153-4.plesk.page\/fr\/wp-json\/wp\/v2\/product_cat?post=3365202"},{"taxonomy":"product_tag","embeddable":true,"href":"https:\/\/stoic-curie.212-227-153-4.plesk.page\/fr\/wp-json\/wp\/v2\/product_tag?post=3365202"}],"curies":[{"name":"wp","href":"https:\/\/api.w.org\/{rel}","templated":true}]}}