{"id":3365246,"date":"2025-10-09T22:16:18","date_gmt":"2025-10-10T02:16:18","guid":{"rendered":"https:\/\/stoic-curie.212-227-153-4.plesk.page\/product\/chaussette-a-pare-battage-fendress-f02-bleu-marine\/"},"modified":"2026-02-24T23:08:34","modified_gmt":"2026-02-24T23:08:34","slug":"chaussette-a-pare-battage-fendress-f02-bleu-marine","status":"publish","type":"product","link":"https:\/\/stoic-curie.212-227-153-4.plesk.page\/fr\/product\/chaussette-a-pare-battage-fendress-f02-bleu-marine\/","title":{"rendered":"Chaussette \u00e0 pare-battage Fendress F02, bleu marine"},"content":{"rendered":"<p>Chaussette \u00e0 pare-battage Fendress F02, bleu marine &#8211; <\/p>\n<p>Couvre-fenders Fendress en polaire fait main. Protection de qualit\u00e9 sup\u00e9rieure pour vos flotteurs, \u00e9liminant correctement les grincements et les marques. Doux et durables, ces couvre-fenders prot\u00e8gent efficacement votre peinture gel-coat et prolongent la dur\u00e9e de vie de vos flotteurs.<\/p>\n<p>&#149; Les &#8220;Fendress Covers&#8221; sont 100 % acryliques, fabriqu\u00e9es \u00e0 la main, de qualit\u00e9 premium, r\u00e9sistantes et en tricot boucle non abrasif. Les couvre-fenders en polaire doux et duveteux offrent la protection ultime pour vos superstructures.&#149; Les &#8220;Fendress Covers&#8221; sont r\u00e9sistants aux UV et \u00e0 l&#8217;eau de mer, prot\u00e9geant efficacement votre peinture gel-coat des marques et des abrasions. Le tissu en polaire robuste et durable poss\u00e8de toutes les meilleures caract\u00e9ristiques, y compris la r\u00e9sistance aux d\u00e9chirures et \u00e0 l&#8217;abrasion, un s\u00e9chage rapide et un enl\u00e8vement facile pour le nettoyage.&#149; Les &#8220;Fendress Covers&#8221; prolongent la dur\u00e9e de vie de vos flotteurs et \u00e9liminent les grincements aga\u00e7ants. Les couleurs r\u00e9sistantes aux UV ne laissent pas de traces sur vos superstructures. Lavables en machine.&#149; Les &#8220;Fendress Covers&#8221; avec une partie sup\u00e9rieure \u00e0 haute r\u00e9sistance et un ourlet \u00e9lastique permettent un ajustement personnalis\u00e9 pour tous les types de flotteurs. Les housses sont disponibles en 9 couleurs.<\/p>\n","protected":false},"excerpt":{"rendered":"<p>Chaussette \u00e0 pare-battage Fendress F02, bleu marine &#8211; Couvre-fenders Fendress en polaire fait main. Protection de qualit\u00e9 sup\u00e9rieure pour vos<\/p>\n","protected":false},"featured_media":5944351,"comment_status":"closed","ping_status":"closed","template":"","meta":[],"product_brand":[2934],"product_cat":[1277],"product_tag":[],"class_list":{"0":"post-3365246","1":"product","2":"type-product","3":"status-publish","4":"has-post-thumbnail","6":"product_brand-fendress-fr","7":"product_cat-housses-de-pare-battage","9":"first","10":"instock","11":"shipping-taxable","12":"purchasable","13":"product-type-simple"},"_links":{"self":[{"href":"https:\/\/stoic-curie.212-227-153-4.plesk.page\/fr\/wp-json\/wp\/v2\/product\/3365246","targetHints":{"allow":["GET"]}}],"collection":[{"href":"https:\/\/stoic-curie.212-227-153-4.plesk.page\/fr\/wp-json\/wp\/v2\/product"}],"about":[{"href":"https:\/\/stoic-curie.212-227-153-4.plesk.page\/fr\/wp-json\/wp\/v2\/types\/product"}],"replies":[{"embeddable":true,"href":"https:\/\/stoic-curie.212-227-153-4.plesk.page\/fr\/wp-json\/wp\/v2\/comments?post=3365246"}],"version-history":[{"count":0,"href":"https:\/\/stoic-curie.212-227-153-4.plesk.page\/fr\/wp-json\/wp\/v2\/product\/3365246\/revisions"}],"wp:featuredmedia":[{"embeddable":true,"href":"https:\/\/stoic-curie.212-227-153-4.plesk.page\/fr\/wp-json\/wp\/v2\/media\/5944351"}],"wp:attachment":[{"href":"https:\/\/stoic-curie.212-227-153-4.plesk.page\/fr\/wp-json\/wp\/v2\/media?parent=3365246"}],"wp:term":[{"taxonomy":"product_brand","embeddable":true,"href":"https:\/\/stoic-curie.212-227-153-4.plesk.page\/fr\/wp-json\/wp\/v2\/product_brand?post=3365246"},{"taxonomy":"product_cat","embeddable":true,"href":"https:\/\/stoic-curie.212-227-153-4.plesk.page\/fr\/wp-json\/wp\/v2\/product_cat?post=3365246"},{"taxonomy":"product_tag","embeddable":true,"href":"https:\/\/stoic-curie.212-227-153-4.plesk.page\/fr\/wp-json\/wp\/v2\/product_tag?post=3365246"}],"curies":[{"name":"wp","href":"https:\/\/api.w.org\/{rel}","templated":true}]}}