{"id":3365268,"date":"2025-10-09T22:16:18","date_gmt":"2025-10-10T02:16:18","guid":{"rendered":"https:\/\/stoic-curie.212-227-153-4.plesk.page\/product\/chaussette-a-pare-battage-fendress-pour-pare-battage-polyform-f02-19-x-64-cm-sable\/"},"modified":"2026-02-24T23:08:34","modified_gmt":"2026-02-24T23:08:34","slug":"chaussette-a-pare-battage-fendress-pour-pare-battage-polyform-f02-19-x-64-cm-sable","status":"publish","type":"product","link":"https:\/\/stoic-curie.212-227-153-4.plesk.page\/fr\/product\/chaussette-a-pare-battage-fendress-pour-pare-battage-polyform-f02-19-x-64-cm-sable\/","title":{"rendered":"Chaussette \u00e0 pare-battage Fendress pour pare-battage Polyform\u00a0F02, 19\u00a0x\u00a064\u00a0cm, sable"},"content":{"rendered":"<p>Chaussette \u00e0 pare-battage Fendress pour pare-battage Polyform\u00a0F02, 19\u00a0x\u00a064\u00a0cm, sable &#8211; <\/p>\n<p>Housses de protection Fendress en polaire confectionn\u00e9es \u00e0 la main. Protection premium pour vos pare-battages, tout en \u00e9liminant les bruits de grattage et les marques. Douces et robustes, ces housses prot\u00e8gent efficacement votre peinture en gelcoat et prolongent la dur\u00e9e de vie de vos pare-battages.<\/p>\n<p>\u2022 Les &#8220;Fendress Covers&#8221; sont 100 % acryliques, faits main, de qualit\u00e9 premium, r\u00e9sistantes et en tissu tricot\u00e9 boucl\u00e9s non abrasifs. Les housses en polaire douce et pelucheuse offrent la protection ultime pour les parties sup\u00e9rieures de votre bateau.<\/p>\n<p>\u2022 Les &#8220;Fendress Covers&#8221; sont r\u00e9sistants aux UV et \u00e0 l&#8217;eau de mer, prot\u00e9geant efficacement votre peinture en gelcoat contre les marques et les abrasions. Le tissu polaire r\u00e9sistant. Elle contient toutes les meilleures caract\u00e9ristiques, y compris la r\u00e9sistance aux d\u00e9chirures et \u00e0 l&#8217;abrasion, une capacit\u00e9 de s\u00e9chage rapide et un retrait facile pour le nettoyage.<\/p>\n<p>\u2022 Les &#8220;Fendress Covers&#8221; prolongent la vie de vos pare-battages et \u00e9liminent les bruits irritants. Les couleurs r\u00e9sistantes aux UV ne laissent pas de traces sur vos parties sup\u00e9rieures. Lavable en machine.<\/p>\n<p>\u2022 Les &#8220;Fendress Covers&#8221; avec une partie sup\u00e9rieure r\u00e9sistante et un ourlet inf\u00e9rieur \u00e9lastique permettent un ajustement sur mesure pour tous les types de pare-battages. Les housses sont disponibles en 9 couleurs.<\/p>\n","protected":false},"excerpt":{"rendered":"<p>Chaussette \u00e0 pare-battage Fendress pour pare-battage Polyform\u00a0F02, 19\u00a0x\u00a064\u00a0cm, sable &#8211; Housses de protection Fendress en polaire confectionn\u00e9es \u00e0 la main.<\/p>\n","protected":false},"featured_media":5944367,"comment_status":"closed","ping_status":"closed","template":"","meta":[],"product_brand":[2934],"product_cat":[1277],"product_tag":[],"class_list":{"0":"post-3365268","1":"product","2":"type-product","3":"status-publish","4":"has-post-thumbnail","6":"product_brand-fendress-fr","7":"product_cat-housses-de-pare-battage","9":"first","10":"instock","11":"shipping-taxable","12":"purchasable","13":"product-type-simple"},"_links":{"self":[{"href":"https:\/\/stoic-curie.212-227-153-4.plesk.page\/fr\/wp-json\/wp\/v2\/product\/3365268","targetHints":{"allow":["GET"]}}],"collection":[{"href":"https:\/\/stoic-curie.212-227-153-4.plesk.page\/fr\/wp-json\/wp\/v2\/product"}],"about":[{"href":"https:\/\/stoic-curie.212-227-153-4.plesk.page\/fr\/wp-json\/wp\/v2\/types\/product"}],"replies":[{"embeddable":true,"href":"https:\/\/stoic-curie.212-227-153-4.plesk.page\/fr\/wp-json\/wp\/v2\/comments?post=3365268"}],"version-history":[{"count":0,"href":"https:\/\/stoic-curie.212-227-153-4.plesk.page\/fr\/wp-json\/wp\/v2\/product\/3365268\/revisions"}],"wp:featuredmedia":[{"embeddable":true,"href":"https:\/\/stoic-curie.212-227-153-4.plesk.page\/fr\/wp-json\/wp\/v2\/media\/5944367"}],"wp:attachment":[{"href":"https:\/\/stoic-curie.212-227-153-4.plesk.page\/fr\/wp-json\/wp\/v2\/media?parent=3365268"}],"wp:term":[{"taxonomy":"product_brand","embeddable":true,"href":"https:\/\/stoic-curie.212-227-153-4.plesk.page\/fr\/wp-json\/wp\/v2\/product_brand?post=3365268"},{"taxonomy":"product_cat","embeddable":true,"href":"https:\/\/stoic-curie.212-227-153-4.plesk.page\/fr\/wp-json\/wp\/v2\/product_cat?post=3365268"},{"taxonomy":"product_tag","embeddable":true,"href":"https:\/\/stoic-curie.212-227-153-4.plesk.page\/fr\/wp-json\/wp\/v2\/product_tag?post=3365268"}],"curies":[{"name":"wp","href":"https:\/\/api.w.org\/{rel}","templated":true}]}}