{"id":3365387,"date":"2025-10-09T22:16:23","date_gmt":"2025-10-10T02:16:23","guid":{"rendered":"https:\/\/stoic-curie.212-227-153-4.plesk.page\/product\/bague-hydrolube-en-laiton-pour-arbre-d-25-mm-d-ext-11-2-38-mm\/"},"modified":"2026-02-24T23:08:35","modified_gmt":"2026-02-24T23:08:35","slug":"bague-hydrolube-en-laiton-pour-arbre-d-25-mm-d-ext-11-2-38-mm","status":"publish","type":"product","link":"https:\/\/stoic-curie.212-227-153-4.plesk.page\/fr\/product\/bague-hydrolube-en-laiton-pour-arbre-d-25-mm-d-ext-11-2-38-mm\/","title":{"rendered":"Bague hydrolube en laiton pour arbre D\u00a025\u00a0mm (D. ext. 1\u2019\u20191\/2 \u2013 38\u00a0mm)"},"content":{"rendered":"<p>Bague hydrolube en laiton pour arbre D\u00a025\u00a0mm (D. ext. 1\u2019\u20191\/2 \u2013 38\u00a0mm) &#8211; <\/p>\n<p>Roulements d&#8217;arbre lubrifi\u00e9s \u00e0 l&#8217;eau avec diam\u00e8tre int\u00e9rieur m\u00e9trique et diam\u00e8tre ext\u00e9rieur en pouces. Coque en laiton, partie int\u00e9rieure en caoutchouc avec canaux axiaux.<\/p>\n","protected":false},"excerpt":{"rendered":"<p>Bague hydrolube en laiton pour arbre D\u00a025\u00a0mm (D. ext. 1\u2019\u20191\/2 \u2013 38\u00a0mm) &#8211; Roulements d&#8217;arbre lubrifi\u00e9s \u00e0 l&#8217;eau avec diam\u00e8tre<\/p>\n","protected":false},"featured_media":5940503,"comment_status":"closed","ping_status":"closed","template":"","meta":[],"product_brand":[2914],"product_cat":[1238],"product_tag":[],"class_list":{"0":"post-3365387","1":"product","2":"type-product","3":"status-publish","4":"has-post-thumbnail","6":"product_brand-eliche-radice-fr","7":"product_cat-paliers-darbre-dhelice","9":"first","10":"instock","11":"shipping-taxable","12":"purchasable","13":"product-type-simple"},"_links":{"self":[{"href":"https:\/\/stoic-curie.212-227-153-4.plesk.page\/fr\/wp-json\/wp\/v2\/product\/3365387","targetHints":{"allow":["GET"]}}],"collection":[{"href":"https:\/\/stoic-curie.212-227-153-4.plesk.page\/fr\/wp-json\/wp\/v2\/product"}],"about":[{"href":"https:\/\/stoic-curie.212-227-153-4.plesk.page\/fr\/wp-json\/wp\/v2\/types\/product"}],"replies":[{"embeddable":true,"href":"https:\/\/stoic-curie.212-227-153-4.plesk.page\/fr\/wp-json\/wp\/v2\/comments?post=3365387"}],"version-history":[{"count":0,"href":"https:\/\/stoic-curie.212-227-153-4.plesk.page\/fr\/wp-json\/wp\/v2\/product\/3365387\/revisions"}],"wp:featuredmedia":[{"embeddable":true,"href":"https:\/\/stoic-curie.212-227-153-4.plesk.page\/fr\/wp-json\/wp\/v2\/media\/5940503"}],"wp:attachment":[{"href":"https:\/\/stoic-curie.212-227-153-4.plesk.page\/fr\/wp-json\/wp\/v2\/media?parent=3365387"}],"wp:term":[{"taxonomy":"product_brand","embeddable":true,"href":"https:\/\/stoic-curie.212-227-153-4.plesk.page\/fr\/wp-json\/wp\/v2\/product_brand?post=3365387"},{"taxonomy":"product_cat","embeddable":true,"href":"https:\/\/stoic-curie.212-227-153-4.plesk.page\/fr\/wp-json\/wp\/v2\/product_cat?post=3365387"},{"taxonomy":"product_tag","embeddable":true,"href":"https:\/\/stoic-curie.212-227-153-4.plesk.page\/fr\/wp-json\/wp\/v2\/product_tag?post=3365387"}],"curies":[{"name":"wp","href":"https:\/\/api.w.org\/{rel}","templated":true}]}}