{"id":3365467,"date":"2025-10-09T22:16:25","date_gmt":"2025-10-10T02:16:25","guid":{"rendered":"https:\/\/stoic-curie.212-227-153-4.plesk.page\/product\/bague-hydrolube-en-resine-di-35-x-de-4762-x-140-mm\/"},"modified":"2026-02-24T23:08:35","modified_gmt":"2026-02-24T23:08:35","slug":"bague-hydrolube-en-resine-di-35-x-de-4762-x-140-mm","status":"publish","type":"product","link":"https:\/\/stoic-curie.212-227-153-4.plesk.page\/fr\/product\/bague-hydrolube-en-resine-di-35-x-de-4762-x-140-mm\/","title":{"rendered":"Bague hydrolube en r\u00e9sine, DI\u00a035\u00a0x\u00a0DE\u00a047,62\u00a0x\u00a0140\u00a0mm"},"content":{"rendered":"<p>Bague hydrolube en r\u00e9sine, DI\u00a035\u00a0x\u00a0DE\u00a047,62\u00a0x\u00a0140\u00a0mm &#8211; <\/p>\n<p>Roulements de vilebrequin lubrifi\u00e9s \u00e0 l&#8217;eau avec un int\u00e9rieur m\u00e9trique en \u00c3\u00b8 &#8211; ext\u00e9rieur en pouces. Coque en r\u00e9sine, partie interne en caoutchouc avec des canaux axiaux.<\/p>\n","protected":false},"excerpt":{"rendered":"<p>Bague hydrolube en r\u00e9sine, DI\u00a035\u00a0x\u00a0DE\u00a047,62\u00a0x\u00a0140\u00a0mm &#8211; Roulements de vilebrequin lubrifi\u00e9s \u00e0 l&#8217;eau avec un int\u00e9rieur m\u00e9trique en \u00c3\u00b8 &#8211; ext\u00e9rieur<\/p>\n","protected":false},"featured_media":5936301,"comment_status":"closed","ping_status":"closed","template":"","meta":[],"product_brand":[2929],"product_cat":[1238],"product_tag":[],"class_list":{"0":"post-3365467","1":"product","2":"type-product","3":"status-publish","4":"has-post-thumbnail","6":"product_brand-exalto-marine-fr","7":"product_cat-paliers-darbre-dhelice","9":"first","10":"instock","11":"shipping-taxable","12":"purchasable","13":"product-type-simple"},"_links":{"self":[{"href":"https:\/\/stoic-curie.212-227-153-4.plesk.page\/fr\/wp-json\/wp\/v2\/product\/3365467","targetHints":{"allow":["GET"]}}],"collection":[{"href":"https:\/\/stoic-curie.212-227-153-4.plesk.page\/fr\/wp-json\/wp\/v2\/product"}],"about":[{"href":"https:\/\/stoic-curie.212-227-153-4.plesk.page\/fr\/wp-json\/wp\/v2\/types\/product"}],"replies":[{"embeddable":true,"href":"https:\/\/stoic-curie.212-227-153-4.plesk.page\/fr\/wp-json\/wp\/v2\/comments?post=3365467"}],"version-history":[{"count":0,"href":"https:\/\/stoic-curie.212-227-153-4.plesk.page\/fr\/wp-json\/wp\/v2\/product\/3365467\/revisions"}],"wp:featuredmedia":[{"embeddable":true,"href":"https:\/\/stoic-curie.212-227-153-4.plesk.page\/fr\/wp-json\/wp\/v2\/media\/5936301"}],"wp:attachment":[{"href":"https:\/\/stoic-curie.212-227-153-4.plesk.page\/fr\/wp-json\/wp\/v2\/media?parent=3365467"}],"wp:term":[{"taxonomy":"product_brand","embeddable":true,"href":"https:\/\/stoic-curie.212-227-153-4.plesk.page\/fr\/wp-json\/wp\/v2\/product_brand?post=3365467"},{"taxonomy":"product_cat","embeddable":true,"href":"https:\/\/stoic-curie.212-227-153-4.plesk.page\/fr\/wp-json\/wp\/v2\/product_cat?post=3365467"},{"taxonomy":"product_tag","embeddable":true,"href":"https:\/\/stoic-curie.212-227-153-4.plesk.page\/fr\/wp-json\/wp\/v2\/product_tag?post=3365467"}],"curies":[{"name":"wp","href":"https:\/\/api.w.org\/{rel}","templated":true}]}}