{"id":3365533,"date":"2025-10-09T22:16:28","date_gmt":"2025-10-10T02:16:28","guid":{"rendered":"https:\/\/stoic-curie.212-227-153-4.plesk.page\/product\/bague-hydrolube-en-resine-di-40-x-de-56-x-160-mm\/"},"modified":"2026-02-24T23:08:35","modified_gmt":"2026-02-24T23:08:35","slug":"bague-hydrolube-en-resine-di-40-x-de-56-x-160-mm","status":"publish","type":"product","link":"https:\/\/stoic-curie.212-227-153-4.plesk.page\/fr\/product\/bague-hydrolube-en-resine-di-40-x-de-56-x-160-mm\/","title":{"rendered":"Bague hydrolube en r\u00e9sine, DI\u00a040\u00a0x\u00a0DE\u00a056\u00a0x\u00a0160\u00a0mm"},"content":{"rendered":"<p>Bague hydrolube en r\u00e9sine, DI\u00a040\u00a0x\u00a0DE\u00a056\u00a0x\u00a0160\u00a0mm &#8211; <\/p>\n<p>Roulements de mani\u00e8re lubrifi\u00e9s \u00e0 l&#8217;eau avec dimensions int\u00e9rieures et ext\u00e9rieures m\u00e9triques. Coque en r\u00e9sine, partie int\u00e9rieure en caoutchouc avec canaux axiaux.<\/p>\n","protected":false},"excerpt":{"rendered":"<p>Bague hydrolube en r\u00e9sine, DI\u00a040\u00a0x\u00a0DE\u00a056\u00a0x\u00a0160\u00a0mm &#8211; Roulements de mani\u00e8re lubrifi\u00e9s \u00e0 l&#8217;eau avec dimensions int\u00e9rieures et ext\u00e9rieures m\u00e9triques. Coque en<\/p>\n","protected":false},"featured_media":5936301,"comment_status":"closed","ping_status":"closed","template":"","meta":[],"product_brand":[2929],"product_cat":[1238],"product_tag":[],"class_list":{"0":"post-3365533","1":"product","2":"type-product","3":"status-publish","4":"has-post-thumbnail","6":"product_brand-exalto-marine-fr","7":"product_cat-paliers-darbre-dhelice","9":"first","10":"instock","11":"shipping-taxable","12":"purchasable","13":"product-type-simple"},"_links":{"self":[{"href":"https:\/\/stoic-curie.212-227-153-4.plesk.page\/fr\/wp-json\/wp\/v2\/product\/3365533","targetHints":{"allow":["GET"]}}],"collection":[{"href":"https:\/\/stoic-curie.212-227-153-4.plesk.page\/fr\/wp-json\/wp\/v2\/product"}],"about":[{"href":"https:\/\/stoic-curie.212-227-153-4.plesk.page\/fr\/wp-json\/wp\/v2\/types\/product"}],"replies":[{"embeddable":true,"href":"https:\/\/stoic-curie.212-227-153-4.plesk.page\/fr\/wp-json\/wp\/v2\/comments?post=3365533"}],"version-history":[{"count":0,"href":"https:\/\/stoic-curie.212-227-153-4.plesk.page\/fr\/wp-json\/wp\/v2\/product\/3365533\/revisions"}],"wp:featuredmedia":[{"embeddable":true,"href":"https:\/\/stoic-curie.212-227-153-4.plesk.page\/fr\/wp-json\/wp\/v2\/media\/5936301"}],"wp:attachment":[{"href":"https:\/\/stoic-curie.212-227-153-4.plesk.page\/fr\/wp-json\/wp\/v2\/media?parent=3365533"}],"wp:term":[{"taxonomy":"product_brand","embeddable":true,"href":"https:\/\/stoic-curie.212-227-153-4.plesk.page\/fr\/wp-json\/wp\/v2\/product_brand?post=3365533"},{"taxonomy":"product_cat","embeddable":true,"href":"https:\/\/stoic-curie.212-227-153-4.plesk.page\/fr\/wp-json\/wp\/v2\/product_cat?post=3365533"},{"taxonomy":"product_tag","embeddable":true,"href":"https:\/\/stoic-curie.212-227-153-4.plesk.page\/fr\/wp-json\/wp\/v2\/product_tag?post=3365533"}],"curies":[{"name":"wp","href":"https:\/\/api.w.org\/{rel}","templated":true}]}}