{"id":3365595,"date":"2025-10-09T22:16:30","date_gmt":"2025-10-10T02:16:30","guid":{"rendered":"https:\/\/stoic-curie.212-227-153-4.plesk.page\/product\/rallonge-en-aluminium-glomex-ra129-15-cm\/"},"modified":"2026-02-24T23:08:35","modified_gmt":"2026-02-24T23:08:35","slug":"rallonge-en-aluminium-glomex-ra129-15-cm","status":"publish","type":"product","link":"https:\/\/stoic-curie.212-227-153-4.plesk.page\/fr\/product\/rallonge-en-aluminium-glomex-ra129-15-cm\/","title":{"rendered":"Rallonge en aluminium Glomex RA129, 15\u00a0cm"},"content":{"rendered":"<p>Rallonge en aluminium Glomex RA129, 15\u00a0cm &#8211; <\/p>\n<p>Extensions en aluminium laqu\u00e9 blanc Glomex RA129 pour antennes GPS. Permettent le passage central et lat\u00e9ral du c\u00e2ble GPS. Filetage standard 1&#8243; x 14 \u00e0 chaque extr\u00e9mit\u00e9.<\/p>\n","protected":false},"excerpt":{"rendered":"<p>Rallonge en aluminium Glomex RA129, 15\u00a0cm &#8211; Extensions en aluminium laqu\u00e9 blanc Glomex RA129 pour antennes GPS. Permettent le passage<\/p>\n","protected":false},"featured_media":5944445,"comment_status":"closed","ping_status":"closed","template":"","meta":[],"product_brand":[2979],"product_cat":[1170],"product_tag":[],"class_list":{"0":"post-3365595","1":"product","2":"type-product","3":"status-publish","4":"has-post-thumbnail","6":"product_brand-glomex-fr","7":"product_cat-electronique","9":"first","10":"instock","11":"shipping-taxable","12":"purchasable","13":"product-type-simple"},"_links":{"self":[{"href":"https:\/\/stoic-curie.212-227-153-4.plesk.page\/fr\/wp-json\/wp\/v2\/product\/3365595","targetHints":{"allow":["GET"]}}],"collection":[{"href":"https:\/\/stoic-curie.212-227-153-4.plesk.page\/fr\/wp-json\/wp\/v2\/product"}],"about":[{"href":"https:\/\/stoic-curie.212-227-153-4.plesk.page\/fr\/wp-json\/wp\/v2\/types\/product"}],"replies":[{"embeddable":true,"href":"https:\/\/stoic-curie.212-227-153-4.plesk.page\/fr\/wp-json\/wp\/v2\/comments?post=3365595"}],"version-history":[{"count":0,"href":"https:\/\/stoic-curie.212-227-153-4.plesk.page\/fr\/wp-json\/wp\/v2\/product\/3365595\/revisions"}],"wp:featuredmedia":[{"embeddable":true,"href":"https:\/\/stoic-curie.212-227-153-4.plesk.page\/fr\/wp-json\/wp\/v2\/media\/5944445"}],"wp:attachment":[{"href":"https:\/\/stoic-curie.212-227-153-4.plesk.page\/fr\/wp-json\/wp\/v2\/media?parent=3365595"}],"wp:term":[{"taxonomy":"product_brand","embeddable":true,"href":"https:\/\/stoic-curie.212-227-153-4.plesk.page\/fr\/wp-json\/wp\/v2\/product_brand?post=3365595"},{"taxonomy":"product_cat","embeddable":true,"href":"https:\/\/stoic-curie.212-227-153-4.plesk.page\/fr\/wp-json\/wp\/v2\/product_cat?post=3365595"},{"taxonomy":"product_tag","embeddable":true,"href":"https:\/\/stoic-curie.212-227-153-4.plesk.page\/fr\/wp-json\/wp\/v2\/product_tag?post=3365595"}],"curies":[{"name":"wp","href":"https:\/\/api.w.org\/{rel}","templated":true}]}}