{"id":3365628,"date":"2025-10-09T22:16:31","date_gmt":"2025-10-10T02:16:31","guid":{"rendered":"https:\/\/stoic-curie.212-227-153-4.plesk.page\/product\/support-en-inox-glomex-v9123-pour-antennes-tv-avior-et-talitha\/"},"modified":"2026-02-24T23:08:35","modified_gmt":"2026-02-24T23:08:35","slug":"support-en-inox-glomex-v9123-pour-antennes-tv-avior-et-talitha","status":"publish","type":"product","link":"https:\/\/stoic-curie.212-227-153-4.plesk.page\/fr\/product\/support-en-inox-glomex-v9123-pour-antennes-tv-avior-et-talitha\/","title":{"rendered":"Support en inox Glomex V9123 pour antennes TV Avior et Talitha"},"content":{"rendered":"<p>Support en inox Glomex V9123 pour antennes TV Avior et Talitha &#8211; <\/p>\n<p>Antenne omnidirectionnelle Glomex V9125AGCU\/DAB20 Talitha pour TV analogique\/digitale. Gr\u00e2ce \u00e0 la hauteur de 31 mm de son aileron en forme de requin, qui permet la r\u00e9ception de signaux verticaux, cette antenne peut recevoir des signaux TV analogiques ou num\u00e9riques polaris\u00e9s \u00e0 la fois horizontalement et verticalement, ce qui en fait la solution id\u00e9ale pour tout type de bateau, voilier ou bateau \u00e0 moteur. \u00c9quip\u00e9e d&#8217;un stylet pour la r\u00e9ception du signal DAB et d&#8217;un amplificateur de contr\u00f4le automatique de gain (AGC) qui garantit un signal parfait, que ce soit en mer ou au port. Si associ\u00e9e avec un r\u00e9partiteur V9147 (2 voies, en option), install\u00e9 entre l&#8217;antenne et l&#8217;amplificateur, elle peut \u00e9galement recevoir des fr\u00e9quences radio AM-FM. Fr\u00e9quence 87,5\/774 MHz, 174\/240 MHz DA &#8211; Imp\u00e9dance 75 Ohm &#8211; Alimentation universelle 12\/24V.<\/p>\n","protected":false},"excerpt":{"rendered":"<p>Support en inox Glomex V9123 pour antennes TV Avior et Talitha &#8211; Antenne omnidirectionnelle Glomex V9125AGCU\/DAB20 Talitha pour TV analogique\/digitale.<\/p>\n","protected":false},"featured_media":5944453,"comment_status":"closed","ping_status":"closed","template":"","meta":[],"product_brand":[2979],"product_cat":[1180],"product_tag":[],"class_list":{"0":"post-3365628","1":"product","2":"type-product","3":"status-publish","4":"has-post-thumbnail","6":"product_brand-glomex-fr","7":"product_cat-antennes-tv","9":"first","10":"instock","11":"shipping-taxable","12":"purchasable","13":"product-type-simple"},"_links":{"self":[{"href":"https:\/\/stoic-curie.212-227-153-4.plesk.page\/fr\/wp-json\/wp\/v2\/product\/3365628","targetHints":{"allow":["GET"]}}],"collection":[{"href":"https:\/\/stoic-curie.212-227-153-4.plesk.page\/fr\/wp-json\/wp\/v2\/product"}],"about":[{"href":"https:\/\/stoic-curie.212-227-153-4.plesk.page\/fr\/wp-json\/wp\/v2\/types\/product"}],"replies":[{"embeddable":true,"href":"https:\/\/stoic-curie.212-227-153-4.plesk.page\/fr\/wp-json\/wp\/v2\/comments?post=3365628"}],"version-history":[{"count":0,"href":"https:\/\/stoic-curie.212-227-153-4.plesk.page\/fr\/wp-json\/wp\/v2\/product\/3365628\/revisions"}],"wp:featuredmedia":[{"embeddable":true,"href":"https:\/\/stoic-curie.212-227-153-4.plesk.page\/fr\/wp-json\/wp\/v2\/media\/5944453"}],"wp:attachment":[{"href":"https:\/\/stoic-curie.212-227-153-4.plesk.page\/fr\/wp-json\/wp\/v2\/media?parent=3365628"}],"wp:term":[{"taxonomy":"product_brand","embeddable":true,"href":"https:\/\/stoic-curie.212-227-153-4.plesk.page\/fr\/wp-json\/wp\/v2\/product_brand?post=3365628"},{"taxonomy":"product_cat","embeddable":true,"href":"https:\/\/stoic-curie.212-227-153-4.plesk.page\/fr\/wp-json\/wp\/v2\/product_cat?post=3365628"},{"taxonomy":"product_tag","embeddable":true,"href":"https:\/\/stoic-curie.212-227-153-4.plesk.page\/fr\/wp-json\/wp\/v2\/product_tag?post=3365628"}],"curies":[{"name":"wp","href":"https:\/\/api.w.org\/{rel}","templated":true}]}}