{"id":3365637,"date":"2025-10-09T22:16:32","date_gmt":"2025-10-10T02:16:32","guid":{"rendered":"https:\/\/stoic-curie.212-227-153-4.plesk.page\/product\/huile-pour-teck-star-brite-gold-500-ml\/"},"modified":"2026-02-24T23:08:35","modified_gmt":"2026-02-24T23:08:35","slug":"huile-pour-teck-star-brite-gold-500-ml","status":"publish","type":"product","link":"https:\/\/stoic-curie.212-227-153-4.plesk.page\/fr\/product\/huile-pour-teck-star-brite-gold-500-ml\/","title":{"rendered":"Huile pour teck Star brite Gold, 500\u00a0ml"},"content":{"rendered":"<p>Huile pour teck Star brite Gold, 500\u00a0ml &#8211; <\/p>\n<p>\u2022 Protection extra longue dur\u00e9e pour le Teck<br \/>\n\u2022 Donne au Teck une couleur dor\u00e9e naturelle et chaude<br \/>\n\u2022 Facile \u00e0 utiliser, s\u00e9chage rapide<br \/>\n\u2022 Prot\u00e8ge contre les rayons ultraviolets<br \/>\n\u2022 Formule avanc\u00e9e de polym\u00e8re \u00e0 base d&#8217;huile de tung<br \/>\n\u2022 Huile de Teck la mieux not\u00e9e dans les tests ind\u00e9pendants<br \/>\n\u2022 Dure six fois plus longtemps que les huiles de Teck standard<\/p>\n","protected":false},"excerpt":{"rendered":"<p>Huile pour teck Star brite Gold, 500\u00a0ml &#8211; \u2022 Protection extra longue dur\u00e9e pour le Teck \u2022 Donne au Teck<\/p>\n","protected":false},"featured_media":5944458,"comment_status":"closed","ping_status":"closed","template":"","meta":[],"product_brand":[3434],"product_cat":[1051],"product_tag":[],"class_list":{"0":"post-3365637","1":"product","2":"type-product","3":"status-publish","4":"has-post-thumbnail","6":"product_brand-starbrite-fr","7":"product_cat-vernis-marin-et-huile-de-teck","9":"first","10":"instock","11":"shipping-taxable","12":"purchasable","13":"product-type-simple"},"_links":{"self":[{"href":"https:\/\/stoic-curie.212-227-153-4.plesk.page\/fr\/wp-json\/wp\/v2\/product\/3365637","targetHints":{"allow":["GET"]}}],"collection":[{"href":"https:\/\/stoic-curie.212-227-153-4.plesk.page\/fr\/wp-json\/wp\/v2\/product"}],"about":[{"href":"https:\/\/stoic-curie.212-227-153-4.plesk.page\/fr\/wp-json\/wp\/v2\/types\/product"}],"replies":[{"embeddable":true,"href":"https:\/\/stoic-curie.212-227-153-4.plesk.page\/fr\/wp-json\/wp\/v2\/comments?post=3365637"}],"version-history":[{"count":0,"href":"https:\/\/stoic-curie.212-227-153-4.plesk.page\/fr\/wp-json\/wp\/v2\/product\/3365637\/revisions"}],"wp:featuredmedia":[{"embeddable":true,"href":"https:\/\/stoic-curie.212-227-153-4.plesk.page\/fr\/wp-json\/wp\/v2\/media\/5944458"}],"wp:attachment":[{"href":"https:\/\/stoic-curie.212-227-153-4.plesk.page\/fr\/wp-json\/wp\/v2\/media?parent=3365637"}],"wp:term":[{"taxonomy":"product_brand","embeddable":true,"href":"https:\/\/stoic-curie.212-227-153-4.plesk.page\/fr\/wp-json\/wp\/v2\/product_brand?post=3365637"},{"taxonomy":"product_cat","embeddable":true,"href":"https:\/\/stoic-curie.212-227-153-4.plesk.page\/fr\/wp-json\/wp\/v2\/product_cat?post=3365637"},{"taxonomy":"product_tag","embeddable":true,"href":"https:\/\/stoic-curie.212-227-153-4.plesk.page\/fr\/wp-json\/wp\/v2\/product_tag?post=3365637"}],"curies":[{"name":"wp","href":"https:\/\/api.w.org\/{rel}","templated":true}]}}