{"id":3365660,"date":"2025-10-09T22:16:32","date_gmt":"2025-10-10T02:16:32","guid":{"rendered":"https:\/\/stoic-curie.212-227-153-4.plesk.page\/product\/chaussette-a-pare-battage-fendress-f3-bleu-roi\/"},"modified":"2026-02-24T23:08:35","modified_gmt":"2026-02-24T23:08:35","slug":"chaussette-a-pare-battage-fendress-f3-bleu-roi","status":"publish","type":"product","link":"https:\/\/stoic-curie.212-227-153-4.plesk.page\/fr\/product\/chaussette-a-pare-battage-fendress-f3-bleu-roi\/","title":{"rendered":"Chaussette \u00e0 pare-battage Fendress F3, bleu roi"},"content":{"rendered":"<p>Chaussette \u00e0 pare-battage Fendress F3, bleu roi &#8211; <\/p>\n<p>Couvre-fenders en polaire fait main Fendress. Protection premium pour vos fenders, tout en \u00e9liminant les grincements et les marques d\u2019usure. Doux et pourtant robustes, ces couvre-fenders prot\u00e8gent efficacement votre peinture gel-coat et prolongent la dur\u00e9e de vie de vos fenders.<\/p>\n<p>\u2022 Les \u201cFendress Covers\u201d sont en 100% acrylique, fait main, de qualit\u00e9 premium, r\u00e9sistants et non abrasifs tricot\u00e9s. Les couvre-fenders en polaire doux et luxueux offrent la protection ultime pour vos c\u00f4t\u00e9s. <br \/>\u2022 Les \u201cFendress Covers\u201d sont r\u00e9sistants aux UV et \u00e0 l\u2019eau de mer, prot\u00e9geant efficacement votre peinture gel-coat des marques et abrasions. Le tissu en polaire r\u00e9sistant et robuste poss\u00e8de toutes les meilleures caract\u00e9ristiques, y compris la r\u00e9sistance \u00e0 la d\u00e9chirure et \u00e0 l\u2019abrasion, la capacit\u00e9 de s\u00e9chage rapide et un retrait facile pour le nettoyage. <br \/>\u2022 Les \u201cFendress Covers\u201d prolongent la dur\u00e9e de vie de vos fenders et \u00e9liminent les grincements irritants. Les couleurs r\u00e9sistantes aux UV ne laissent pas de marques sur vos c\u00f4t\u00e9s. Lavable en machine. <br \/>\u2022 Les \u201cFendress Covers\u201d avec une partie sup\u00e9rieure hautement r\u00e9sistante et un ourlet inf\u00e9rieur \u00e9lastique permettent un ajustement personnalis\u00e9 pour tous les types de fenders. Les couvertures sont disponibles en 9 couleurs.<\/p>\n","protected":false},"excerpt":{"rendered":"<p>Chaussette \u00e0 pare-battage Fendress F3, bleu roi &#8211; Couvre-fenders en polaire fait main Fendress. Protection premium pour vos fenders, tout<\/p>\n","protected":false},"featured_media":5944460,"comment_status":"closed","ping_status":"closed","template":"","meta":[],"product_brand":[2934],"product_cat":[1277],"product_tag":[],"class_list":{"0":"post-3365660","1":"product","2":"type-product","3":"status-publish","4":"has-post-thumbnail","6":"product_brand-fendress-fr","7":"product_cat-housses-de-pare-battage","9":"first","10":"instock","11":"shipping-taxable","12":"purchasable","13":"product-type-simple"},"_links":{"self":[{"href":"https:\/\/stoic-curie.212-227-153-4.plesk.page\/fr\/wp-json\/wp\/v2\/product\/3365660","targetHints":{"allow":["GET"]}}],"collection":[{"href":"https:\/\/stoic-curie.212-227-153-4.plesk.page\/fr\/wp-json\/wp\/v2\/product"}],"about":[{"href":"https:\/\/stoic-curie.212-227-153-4.plesk.page\/fr\/wp-json\/wp\/v2\/types\/product"}],"replies":[{"embeddable":true,"href":"https:\/\/stoic-curie.212-227-153-4.plesk.page\/fr\/wp-json\/wp\/v2\/comments?post=3365660"}],"version-history":[{"count":0,"href":"https:\/\/stoic-curie.212-227-153-4.plesk.page\/fr\/wp-json\/wp\/v2\/product\/3365660\/revisions"}],"wp:featuredmedia":[{"embeddable":true,"href":"https:\/\/stoic-curie.212-227-153-4.plesk.page\/fr\/wp-json\/wp\/v2\/media\/5944460"}],"wp:attachment":[{"href":"https:\/\/stoic-curie.212-227-153-4.plesk.page\/fr\/wp-json\/wp\/v2\/media?parent=3365660"}],"wp:term":[{"taxonomy":"product_brand","embeddable":true,"href":"https:\/\/stoic-curie.212-227-153-4.plesk.page\/fr\/wp-json\/wp\/v2\/product_brand?post=3365660"},{"taxonomy":"product_cat","embeddable":true,"href":"https:\/\/stoic-curie.212-227-153-4.plesk.page\/fr\/wp-json\/wp\/v2\/product_cat?post=3365660"},{"taxonomy":"product_tag","embeddable":true,"href":"https:\/\/stoic-curie.212-227-153-4.plesk.page\/fr\/wp-json\/wp\/v2\/product_tag?post=3365660"}],"curies":[{"name":"wp","href":"https:\/\/api.w.org\/{rel}","templated":true}]}}