{"id":3365661,"date":"2025-10-09T22:16:32","date_gmt":"2025-10-10T02:16:32","guid":{"rendered":"https:\/\/stoic-curie.212-227-153-4.plesk.page\/product\/chaussette-a-pare-battage-fendress-f4-bleu-roi\/"},"modified":"2026-02-24T23:08:35","modified_gmt":"2026-02-24T23:08:35","slug":"chaussette-a-pare-battage-fendress-f4-bleu-roi","status":"publish","type":"product","link":"https:\/\/stoic-curie.212-227-153-4.plesk.page\/fr\/product\/chaussette-a-pare-battage-fendress-f4-bleu-roi\/","title":{"rendered":"Chaussette \u00e0 pare-battage Fendress F4, bleu roi"},"content":{"rendered":"<p>Chaussette \u00e0 pare-battage Fendress F4, bleu roi &#8211; <\/p>\n<p>Couvertures de fender Fendress en peluche faites \u00e0 la main. Protection premium pour vos fenders, tout en \u00e9liminant les bruits et les marques d&#8217;usure. Douces et robustes, ces couvertures prot\u00e8gent efficacement la peinture gelcoat de votre bateau et prolongent la dur\u00e9e de vie de vos fenders.<\/p>\n<p>\u2022 Les \u201cFendress Covers\u201d sont en acrylique 100 % fait main, de qualit\u00e9 premium, r\u00e9sistantes et non abrasives. Les couvertures de fender en peluche douces offrent une protection maximale pour les flancs de votre embarcation.<br \/>\u2022 Les \u201cFendress Covers\u201d sont r\u00e9sistantes aux UV et \u00e0 l&#8217;eau de mer, prot\u00e9geant efficacement votre peinture gelcoat des marques d&#8217;usure et des abrasions. Le tissu en peluche r\u00e9sistant comprend toutes les meilleures caract\u00e9ristiques, y compris la r\u00e9sistance \u00e0 la d\u00e9chirure et \u00e0 l&#8217;abrasion, un s\u00e9chage rapide et un retrait facile pour le nettoyage.<br \/>\u2022 Les \u201cFendress Covers\u201d prolongent la dur\u00e9e de vie de vos fenders et \u00e9liminent les bruits de fender g\u00eanants. Les couleurs r\u00e9sistantes aux UV ne laissent pas de traces sur les flancs de votre bateau. Lavables en machine.<br \/>\u2022 Les \u201cFendress Covers\u201d avec une haute r\u00e9sistance en haut et un ourlet \u00e9lastique permettent un ajustement personnalis\u00e9 pour tous les types de fenders. Les couvertures sont disponibles en 9 couleurs.<\/p>\n","protected":false},"excerpt":{"rendered":"<p>Chaussette \u00e0 pare-battage Fendress F4, bleu roi &#8211; Couvertures de fender Fendress en peluche faites \u00e0 la main. Protection premium<\/p>\n","protected":false},"featured_media":5944460,"comment_status":"closed","ping_status":"closed","template":"","meta":[],"product_brand":[2934],"product_cat":[1277],"product_tag":[],"class_list":{"0":"post-3365661","1":"product","2":"type-product","3":"status-publish","4":"has-post-thumbnail","6":"product_brand-fendress-fr","7":"product_cat-housses-de-pare-battage","9":"first","10":"instock","11":"shipping-taxable","12":"purchasable","13":"product-type-simple"},"_links":{"self":[{"href":"https:\/\/stoic-curie.212-227-153-4.plesk.page\/fr\/wp-json\/wp\/v2\/product\/3365661","targetHints":{"allow":["GET"]}}],"collection":[{"href":"https:\/\/stoic-curie.212-227-153-4.plesk.page\/fr\/wp-json\/wp\/v2\/product"}],"about":[{"href":"https:\/\/stoic-curie.212-227-153-4.plesk.page\/fr\/wp-json\/wp\/v2\/types\/product"}],"replies":[{"embeddable":true,"href":"https:\/\/stoic-curie.212-227-153-4.plesk.page\/fr\/wp-json\/wp\/v2\/comments?post=3365661"}],"version-history":[{"count":0,"href":"https:\/\/stoic-curie.212-227-153-4.plesk.page\/fr\/wp-json\/wp\/v2\/product\/3365661\/revisions"}],"wp:featuredmedia":[{"embeddable":true,"href":"https:\/\/stoic-curie.212-227-153-4.plesk.page\/fr\/wp-json\/wp\/v2\/media\/5944460"}],"wp:attachment":[{"href":"https:\/\/stoic-curie.212-227-153-4.plesk.page\/fr\/wp-json\/wp\/v2\/media?parent=3365661"}],"wp:term":[{"taxonomy":"product_brand","embeddable":true,"href":"https:\/\/stoic-curie.212-227-153-4.plesk.page\/fr\/wp-json\/wp\/v2\/product_brand?post=3365661"},{"taxonomy":"product_cat","embeddable":true,"href":"https:\/\/stoic-curie.212-227-153-4.plesk.page\/fr\/wp-json\/wp\/v2\/product_cat?post=3365661"},{"taxonomy":"product_tag","embeddable":true,"href":"https:\/\/stoic-curie.212-227-153-4.plesk.page\/fr\/wp-json\/wp\/v2\/product_tag?post=3365661"}],"curies":[{"name":"wp","href":"https:\/\/api.w.org\/{rel}","templated":true}]}}