{"id":3365663,"date":"2025-10-09T22:16:32","date_gmt":"2025-10-10T02:16:32","guid":{"rendered":"https:\/\/stoic-curie.212-227-153-4.plesk.page\/product\/chaussette-a-pare-battage-fendress-f5-bleu-roi\/"},"modified":"2026-02-24T23:08:35","modified_gmt":"2026-02-24T23:08:35","slug":"chaussette-a-pare-battage-fendress-f5-bleu-roi","status":"publish","type":"product","link":"https:\/\/stoic-curie.212-227-153-4.plesk.page\/fr\/product\/chaussette-a-pare-battage-fendress-f5-bleu-roi\/","title":{"rendered":"Chaussette \u00e0 pare-battage Fendress F5, bleu roi"},"content":{"rendered":"<p>Chaussette \u00e0 pare-battage Fendress F5, bleu roi &#8211; <\/p>\n<p>Couvre-fenders en polaire faits \u00e0 la main Fendress. Protection premium pour vos fenders, tout en \u00e9liminant les grincements et les marques de frottement. Doux et r\u00e9sistants, ces couvre-fenders prot\u00e8gent efficacement votre peinture en gel-coat et prolongent la dur\u00e9e de vie de vos fenders.<\/p>\n<p>\u2022 Les &#8220;Fendress Covers&#8221; sont en 100 % acrylique, faits \u00e0 la main de qualit\u00e9 premium, r\u00e9sistants et non abrasifs, tricot\u00e9s en boucle. Les couvre-fenders en polaire douce et pelucheuse offrent la protection ultime pour vos surfaces.<br \/>\u2022 Les &#8220;Fendress Covers&#8221; sont r\u00e9sistants aux UV et \u00e0 l&#8217;eau de mer, prot\u00e9geant efficacement votre peinture en gel-coat des marques de frottement et des abrasions. Le tissu en polaire robuste et extensible pr\u00e9sente toutes les meilleures caract\u00e9ristiques, y compris la r\u00e9sistance aux d\u00e9chirures et \u00e0 l&#8217;abrasion, un s\u00e9chage rapide et un retrait facile pour nettoyage.<br \/>\u2022 Les &#8220;Fendress Covers&#8221; prolongent la dur\u00e9e de vie de vos fenders et \u00e9liminent les bruits de grincement irritants. Les couleurs r\u00e9sistantes aux UV ne laissent pas de traces sur vos surfaces. Lavable en machine.<br \/>\u2022 Les &#8220;Fendress Covers&#8221; avec une partie sup\u00e9rieure haute r\u00e9sistance et un ourlet \u00e9lastiqu\u00e9 permettent un ajustement sur mesure pour tous les types de fenders. Les housses sont disponibles en 9 couleurs.<\/p>\n","protected":false},"excerpt":{"rendered":"<p>Chaussette \u00e0 pare-battage Fendress F5, bleu roi &#8211; Couvre-fenders en polaire faits \u00e0 la main Fendress. Protection premium pour vos<\/p>\n","protected":false},"featured_media":5944460,"comment_status":"closed","ping_status":"closed","template":"","meta":[],"product_brand":[2934],"product_cat":[1277],"product_tag":[],"class_list":{"0":"post-3365663","1":"product","2":"type-product","3":"status-publish","4":"has-post-thumbnail","6":"product_brand-fendress-fr","7":"product_cat-housses-de-pare-battage","9":"first","10":"instock","11":"shipping-taxable","12":"purchasable","13":"product-type-simple"},"_links":{"self":[{"href":"https:\/\/stoic-curie.212-227-153-4.plesk.page\/fr\/wp-json\/wp\/v2\/product\/3365663","targetHints":{"allow":["GET"]}}],"collection":[{"href":"https:\/\/stoic-curie.212-227-153-4.plesk.page\/fr\/wp-json\/wp\/v2\/product"}],"about":[{"href":"https:\/\/stoic-curie.212-227-153-4.plesk.page\/fr\/wp-json\/wp\/v2\/types\/product"}],"replies":[{"embeddable":true,"href":"https:\/\/stoic-curie.212-227-153-4.plesk.page\/fr\/wp-json\/wp\/v2\/comments?post=3365663"}],"version-history":[{"count":0,"href":"https:\/\/stoic-curie.212-227-153-4.plesk.page\/fr\/wp-json\/wp\/v2\/product\/3365663\/revisions"}],"wp:featuredmedia":[{"embeddable":true,"href":"https:\/\/stoic-curie.212-227-153-4.plesk.page\/fr\/wp-json\/wp\/v2\/media\/5944460"}],"wp:attachment":[{"href":"https:\/\/stoic-curie.212-227-153-4.plesk.page\/fr\/wp-json\/wp\/v2\/media?parent=3365663"}],"wp:term":[{"taxonomy":"product_brand","embeddable":true,"href":"https:\/\/stoic-curie.212-227-153-4.plesk.page\/fr\/wp-json\/wp\/v2\/product_brand?post=3365663"},{"taxonomy":"product_cat","embeddable":true,"href":"https:\/\/stoic-curie.212-227-153-4.plesk.page\/fr\/wp-json\/wp\/v2\/product_cat?post=3365663"},{"taxonomy":"product_tag","embeddable":true,"href":"https:\/\/stoic-curie.212-227-153-4.plesk.page\/fr\/wp-json\/wp\/v2\/product_tag?post=3365663"}],"curies":[{"name":"wp","href":"https:\/\/api.w.org\/{rel}","templated":true}]}}