{"id":3365683,"date":"2025-10-09T22:16:33","date_gmt":"2025-10-10T02:16:33","guid":{"rendered":"https:\/\/stoic-curie.212-227-153-4.plesk.page\/product\/chaussette-a-pare-battage-fendress-f6-bleu-roi\/"},"modified":"2026-02-24T23:08:35","modified_gmt":"2026-02-24T23:08:35","slug":"chaussette-a-pare-battage-fendress-f6-bleu-roi","status":"publish","type":"product","link":"https:\/\/stoic-curie.212-227-153-4.plesk.page\/fr\/product\/chaussette-a-pare-battage-fendress-f6-bleu-roi\/","title":{"rendered":"Chaussette \u00e0 pare-battage Fendress F6, bleu roi"},"content":{"rendered":"<p>Chaussette \u00e0 pare-battage Fendress F6, bleu roi &#8211; <\/p>\n<p>Couvertures de fenders Fendress en polaire fait main. Protection premium pour vos fenders, \u00e9liminant les bruits et les marques. Douces et robustes, ces couvertures de fenders prot\u00e8gent efficacement votre peinture en gel-coat et font durer vos fenders plus longtemps.<\/p>\n<p>\u2022 Les &#8220;Fendress Covers&#8221; sont 100% acryliques, de qualit\u00e9 premium, faits main, r\u00e9sistants et non abrasifs. Les douces et moelleuses couvertures en polaire offrent une protection ultime pour vos c\u00f4t\u00e9s. \u2022 Les &#8220;Fendress Covers&#8221; sont r\u00e9sistants aux UV et \u00e0 l&#8217;eau de mer, prot\u00e9geant efficacement votre peinture en gel-coat des marques et des abrasions. Le tissu polaire robuste et durable contient toutes les meilleures caract\u00e9ristiques, y compris la r\u00e9sistance aux d\u00e9chirures et \u00e0 l&#8217;abrasion, un s\u00e9chage rapide et un retrait facile pour le nettoyage. \u2022 Les &#8220;Fendress Covers&#8221; prolongent la dur\u00e9e de vie de vos fenders et \u00e9liminent les bruits de fender g\u00eanants. Les couleurs r\u00e9sistantes aux UV ne laissent pas de traces sur vos c\u00f4t\u00e9s. Lavables en machine. \u2022 Les &#8220;Fendress Covers&#8221; \u00e0 haute r\u00e9sistance en haut et ourlet \u00e9lastique permettent un ajustement sur mesure pour tous les types de fenders. Les couvre-fenders sont disponibles en 9 couleurs.<\/p>\n","protected":false},"excerpt":{"rendered":"<p>Chaussette \u00e0 pare-battage Fendress F6, bleu roi &#8211; Couvertures de fenders Fendress en polaire fait main. Protection premium pour vos<\/p>\n","protected":false},"featured_media":5944460,"comment_status":"closed","ping_status":"closed","template":"","meta":[],"product_brand":[2934],"product_cat":[1277],"product_tag":[],"class_list":{"0":"post-3365683","1":"product","2":"type-product","3":"status-publish","4":"has-post-thumbnail","6":"product_brand-fendress-fr","7":"product_cat-housses-de-pare-battage","9":"first","10":"instock","11":"shipping-taxable","12":"purchasable","13":"product-type-simple"},"_links":{"self":[{"href":"https:\/\/stoic-curie.212-227-153-4.plesk.page\/fr\/wp-json\/wp\/v2\/product\/3365683","targetHints":{"allow":["GET"]}}],"collection":[{"href":"https:\/\/stoic-curie.212-227-153-4.plesk.page\/fr\/wp-json\/wp\/v2\/product"}],"about":[{"href":"https:\/\/stoic-curie.212-227-153-4.plesk.page\/fr\/wp-json\/wp\/v2\/types\/product"}],"replies":[{"embeddable":true,"href":"https:\/\/stoic-curie.212-227-153-4.plesk.page\/fr\/wp-json\/wp\/v2\/comments?post=3365683"}],"version-history":[{"count":0,"href":"https:\/\/stoic-curie.212-227-153-4.plesk.page\/fr\/wp-json\/wp\/v2\/product\/3365683\/revisions"}],"wp:featuredmedia":[{"embeddable":true,"href":"https:\/\/stoic-curie.212-227-153-4.plesk.page\/fr\/wp-json\/wp\/v2\/media\/5944460"}],"wp:attachment":[{"href":"https:\/\/stoic-curie.212-227-153-4.plesk.page\/fr\/wp-json\/wp\/v2\/media?parent=3365683"}],"wp:term":[{"taxonomy":"product_brand","embeddable":true,"href":"https:\/\/stoic-curie.212-227-153-4.plesk.page\/fr\/wp-json\/wp\/v2\/product_brand?post=3365683"},{"taxonomy":"product_cat","embeddable":true,"href":"https:\/\/stoic-curie.212-227-153-4.plesk.page\/fr\/wp-json\/wp\/v2\/product_cat?post=3365683"},{"taxonomy":"product_tag","embeddable":true,"href":"https:\/\/stoic-curie.212-227-153-4.plesk.page\/fr\/wp-json\/wp\/v2\/product_tag?post=3365683"}],"curies":[{"name":"wp","href":"https:\/\/api.w.org\/{rel}","templated":true}]}}