{"id":3365713,"date":"2025-10-09T22:16:34","date_gmt":"2025-10-10T02:16:34","guid":{"rendered":"https:\/\/stoic-curie.212-227-153-4.plesk.page\/product\/protege-amarre-fendress-bordeaux-50-cm\/"},"modified":"2026-02-24T23:08:35","modified_gmt":"2026-02-24T23:08:35","slug":"protege-amarre-fendress-bordeaux-50-cm","status":"publish","type":"product","link":"https:\/\/stoic-curie.212-227-153-4.plesk.page\/fr\/product\/protege-amarre-fendress-bordeaux-50-cm\/","title":{"rendered":"Prot\u00e8ge-amarre Fendress, bordeaux, 50\u00a0cm"},"content":{"rendered":"<p>Prot\u00e8ge-amarre Fendress, bordeaux, 50\u00a0cm &#8211; <\/p>\n<p>Universal (de 14 \u00e0 32 mm) protection de ligne d&#8217;amarrage en acrylique, r\u00e9sistante aux UV et durable. Fabriqu\u00e9e dans le m\u00eame tissu que celui utilis\u00e9 pour les couvre-fenders Fendress, doux et robustes. Prot\u00e8ge les cordes contre l&#8217;usure et les intemp\u00e9ries, tout en s&#8217;alignant aux m\u00eames couleurs que les couvre-fenders. Fermeture en velcro robuste et facile \u00e0 installer.<\/p>\n","protected":false},"excerpt":{"rendered":"<p>Prot\u00e8ge-amarre Fendress, bordeaux, 50\u00a0cm &#8211; Universal (de 14 \u00e0 32 mm) protection de ligne d&#8217;amarrage en acrylique, r\u00e9sistante aux UV<\/p>\n","protected":false},"featured_media":5944466,"comment_status":"closed","ping_status":"closed","template":"","meta":[],"product_brand":[2934],"product_cat":[1048,1039],"product_tag":[],"class_list":{"0":"post-3365713","1":"product","2":"type-product","3":"status-publish","4":"has-post-thumbnail","6":"product_brand-fendress-fr","7":"product_cat-corde-damarrage","8":"product_cat-outils-depissage","10":"first","11":"instock","12":"shipping-taxable","13":"purchasable","14":"product-type-simple"},"_links":{"self":[{"href":"https:\/\/stoic-curie.212-227-153-4.plesk.page\/fr\/wp-json\/wp\/v2\/product\/3365713","targetHints":{"allow":["GET"]}}],"collection":[{"href":"https:\/\/stoic-curie.212-227-153-4.plesk.page\/fr\/wp-json\/wp\/v2\/product"}],"about":[{"href":"https:\/\/stoic-curie.212-227-153-4.plesk.page\/fr\/wp-json\/wp\/v2\/types\/product"}],"replies":[{"embeddable":true,"href":"https:\/\/stoic-curie.212-227-153-4.plesk.page\/fr\/wp-json\/wp\/v2\/comments?post=3365713"}],"version-history":[{"count":0,"href":"https:\/\/stoic-curie.212-227-153-4.plesk.page\/fr\/wp-json\/wp\/v2\/product\/3365713\/revisions"}],"wp:featuredmedia":[{"embeddable":true,"href":"https:\/\/stoic-curie.212-227-153-4.plesk.page\/fr\/wp-json\/wp\/v2\/media\/5944466"}],"wp:attachment":[{"href":"https:\/\/stoic-curie.212-227-153-4.plesk.page\/fr\/wp-json\/wp\/v2\/media?parent=3365713"}],"wp:term":[{"taxonomy":"product_brand","embeddable":true,"href":"https:\/\/stoic-curie.212-227-153-4.plesk.page\/fr\/wp-json\/wp\/v2\/product_brand?post=3365713"},{"taxonomy":"product_cat","embeddable":true,"href":"https:\/\/stoic-curie.212-227-153-4.plesk.page\/fr\/wp-json\/wp\/v2\/product_cat?post=3365713"},{"taxonomy":"product_tag","embeddable":true,"href":"https:\/\/stoic-curie.212-227-153-4.plesk.page\/fr\/wp-json\/wp\/v2\/product_tag?post=3365713"}],"curies":[{"name":"wp","href":"https:\/\/api.w.org\/{rel}","templated":true}]}}