{"id":3365741,"date":"2025-10-09T22:16:35","date_gmt":"2025-10-10T02:16:35","guid":{"rendered":"https:\/\/stoic-curie.212-227-153-4.plesk.page\/product\/gilet-flottant-de-sports-nautiques-reef-iso-en-12402-5-70-n-70-80-kg\/"},"modified":"2026-02-24T23:08:35","modified_gmt":"2026-02-24T23:08:35","slug":"gilet-flottant-de-sports-nautiques-reef-iso-en-12402-5-70-n-70-80-kg","status":"publish","type":"product","link":"https:\/\/stoic-curie.212-227-153-4.plesk.page\/fr\/product\/gilet-flottant-de-sports-nautiques-reef-iso-en-12402-5-70-n-70-80-kg\/","title":{"rendered":"Gilet flottant de sports nautiques Reef ISO\u00a0EN\u00a012402-5, 70\u00a0N, 70-80\u00a0kg"},"content":{"rendered":"<p>Gilet flottant de sports nautiques Reef ISO\u00a0EN\u00a012402-5, 70\u00a0N, 70-80\u00a0kg &#8211; <\/p>\n<p>Veste de flottaison ergonomique et compacte Reef ISO EN12402-5 approuv\u00e9e avec 50N de flottabilit\u00e9. Recommand\u00e9e par les meilleurs champions de catamaran de loisir. \u00c9galement adapt\u00e9e pour le rafting et le ski nautique. Syst\u00e8me d&#8217;ajustement compos\u00e9 de trois sangles avec boucles \u00e0 d\u00e9gagement rapide. 50N &#8211; Aide \u00e0 la flottaison et \u00e0 la natation. Ce n&#8217;est pas un gilet de sauvetage. Pour les nageurs r\u00e9guliers. \u00c0 utiliser pr\u00e8s du rivage.<\/p>\n","protected":false},"excerpt":{"rendered":"<p>Gilet flottant de sports nautiques Reef ISO\u00a0EN\u00a012402-5, 70\u00a0N, 70-80\u00a0kg &#8211; Veste de flottaison ergonomique et compacte Reef ISO EN12402-5 approuv\u00e9e<\/p>\n","protected":false},"featured_media":5935788,"comment_status":"closed","ping_status":"closed","template":"","meta":[],"product_brand":[3514],"product_cat":[1029,1268],"product_tag":[],"class_list":{"0":"post-3365741","1":"product","2":"type-product","3":"status-publish","4":"has-post-thumbnail","6":"product_brand-veleria-san-giorgio-fr","7":"product_cat-gilets-bouyancy-aid","8":"product_cat-vestes-de-sport","10":"first","11":"instock","12":"shipping-taxable","13":"purchasable","14":"product-type-simple"},"_links":{"self":[{"href":"https:\/\/stoic-curie.212-227-153-4.plesk.page\/fr\/wp-json\/wp\/v2\/product\/3365741","targetHints":{"allow":["GET"]}}],"collection":[{"href":"https:\/\/stoic-curie.212-227-153-4.plesk.page\/fr\/wp-json\/wp\/v2\/product"}],"about":[{"href":"https:\/\/stoic-curie.212-227-153-4.plesk.page\/fr\/wp-json\/wp\/v2\/types\/product"}],"replies":[{"embeddable":true,"href":"https:\/\/stoic-curie.212-227-153-4.plesk.page\/fr\/wp-json\/wp\/v2\/comments?post=3365741"}],"version-history":[{"count":0,"href":"https:\/\/stoic-curie.212-227-153-4.plesk.page\/fr\/wp-json\/wp\/v2\/product\/3365741\/revisions"}],"wp:featuredmedia":[{"embeddable":true,"href":"https:\/\/stoic-curie.212-227-153-4.plesk.page\/fr\/wp-json\/wp\/v2\/media\/5935788"}],"wp:attachment":[{"href":"https:\/\/stoic-curie.212-227-153-4.plesk.page\/fr\/wp-json\/wp\/v2\/media?parent=3365741"}],"wp:term":[{"taxonomy":"product_brand","embeddable":true,"href":"https:\/\/stoic-curie.212-227-153-4.plesk.page\/fr\/wp-json\/wp\/v2\/product_brand?post=3365741"},{"taxonomy":"product_cat","embeddable":true,"href":"https:\/\/stoic-curie.212-227-153-4.plesk.page\/fr\/wp-json\/wp\/v2\/product_cat?post=3365741"},{"taxonomy":"product_tag","embeddable":true,"href":"https:\/\/stoic-curie.212-227-153-4.plesk.page\/fr\/wp-json\/wp\/v2\/product_tag?post=3365741"}],"curies":[{"name":"wp","href":"https:\/\/api.w.org\/{rel}","templated":true}]}}