{"id":3365750,"date":"2025-10-09T22:16:35","date_gmt":"2025-10-10T02:16:35","guid":{"rendered":"https:\/\/stoic-curie.212-227-153-4.plesk.page\/product\/gilet-flottant-de-sports-nautiques-40-n-25-40-kg\/"},"modified":"2026-02-24T23:08:35","modified_gmt":"2026-02-24T23:08:35","slug":"gilet-flottant-de-sports-nautiques-40-n-25-40-kg","status":"publish","type":"product","link":"https:\/\/stoic-curie.212-227-153-4.plesk.page\/fr\/product\/gilet-flottant-de-sports-nautiques-40-n-25-40-kg\/","title":{"rendered":"Gilet flottant de sports nautiques 40\u00a0N, 25-40\u00a0kg"},"content":{"rendered":"<p>Gilet flottant de sports nautiques 40\u00a0N, 25-40\u00a0kg &#8211; <\/p>\n<p>Veste d&#8217;aide \u00e0 la flottabilit\u00e9 de 50N approuv\u00e9e ISO EN12402-5 pour petits voiliers et cano\u00ebs. Parfait pour les \u00e9coles de voile. Tissu r\u00e9sistant \u00e0 l&#8217;abrasion. Syst\u00e8me d&#8217;ajustement compos\u00e9 de boucles \u00e0 d\u00e9gagement rapide et de ceintures de taille. 50N &#8211; aide \u00e0 la flottabilit\u00e9 et \u00e0 la natation. Ceci n&#8217;est pas un gilet de sauvetage. Pour les nageurs r\u00e9guliers. \u00c0 utiliser pr\u00e8s du rivage.<\/p>\n","protected":false},"excerpt":{"rendered":"<p>Gilet flottant de sports nautiques 40\u00a0N, 25-40\u00a0kg &#8211; Veste d&#8217;aide \u00e0 la flottabilit\u00e9 de 50N approuv\u00e9e ISO EN12402-5 pour petits<\/p>\n","protected":false},"featured_media":5944471,"comment_status":"closed","ping_status":"closed","template":"","meta":[],"product_brand":[3514],"product_cat":[1029,1268],"product_tag":[],"class_list":{"0":"post-3365750","1":"product","2":"type-product","3":"status-publish","4":"has-post-thumbnail","6":"product_brand-veleria-san-giorgio-fr","7":"product_cat-gilets-bouyancy-aid","8":"product_cat-vestes-de-sport","10":"first","11":"instock","12":"shipping-taxable","13":"purchasable","14":"product-type-simple"},"_links":{"self":[{"href":"https:\/\/stoic-curie.212-227-153-4.plesk.page\/fr\/wp-json\/wp\/v2\/product\/3365750","targetHints":{"allow":["GET"]}}],"collection":[{"href":"https:\/\/stoic-curie.212-227-153-4.plesk.page\/fr\/wp-json\/wp\/v2\/product"}],"about":[{"href":"https:\/\/stoic-curie.212-227-153-4.plesk.page\/fr\/wp-json\/wp\/v2\/types\/product"}],"replies":[{"embeddable":true,"href":"https:\/\/stoic-curie.212-227-153-4.plesk.page\/fr\/wp-json\/wp\/v2\/comments?post=3365750"}],"version-history":[{"count":0,"href":"https:\/\/stoic-curie.212-227-153-4.plesk.page\/fr\/wp-json\/wp\/v2\/product\/3365750\/revisions"}],"wp:featuredmedia":[{"embeddable":true,"href":"https:\/\/stoic-curie.212-227-153-4.plesk.page\/fr\/wp-json\/wp\/v2\/media\/5944471"}],"wp:attachment":[{"href":"https:\/\/stoic-curie.212-227-153-4.plesk.page\/fr\/wp-json\/wp\/v2\/media?parent=3365750"}],"wp:term":[{"taxonomy":"product_brand","embeddable":true,"href":"https:\/\/stoic-curie.212-227-153-4.plesk.page\/fr\/wp-json\/wp\/v2\/product_brand?post=3365750"},{"taxonomy":"product_cat","embeddable":true,"href":"https:\/\/stoic-curie.212-227-153-4.plesk.page\/fr\/wp-json\/wp\/v2\/product_cat?post=3365750"},{"taxonomy":"product_tag","embeddable":true,"href":"https:\/\/stoic-curie.212-227-153-4.plesk.page\/fr\/wp-json\/wp\/v2\/product_tag?post=3365750"}],"curies":[{"name":"wp","href":"https:\/\/api.w.org\/{rel}","templated":true}]}}