{"id":3365763,"date":"2025-10-09T22:16:36","date_gmt":"2025-10-10T02:16:36","guid":{"rendered":"https:\/\/stoic-curie.212-227-153-4.plesk.page\/product\/crepine-en-bronze-pour-tube-d-1-2-13-mm\/"},"modified":"2026-02-24T23:08:35","modified_gmt":"2026-02-24T23:08:35","slug":"crepine-en-bronze-pour-tube-d-1-2-13-mm","status":"publish","type":"product","link":"https:\/\/stoic-curie.212-227-153-4.plesk.page\/fr\/product\/crepine-en-bronze-pour-tube-d-1-2-13-mm\/","title":{"rendered":"Cr\u00e9pine en bronze, pour tube D\u00a01\/2\u2019\u2019 (13\u00a0mm)"},"content":{"rendered":"<p>Cr\u00e9pine en bronze, pour tube D\u00a01\/2\u2019\u2019 (13\u00a0mm) &#8211; <\/p>\n<p>Filtre d&#8217;admission en bronze. \u00c0 compl\u00e9ter avec des connecteurs \u00e0 coque t\u00eate de champignon 1410023\/28.<\/p>\n","protected":false},"excerpt":{"rendered":"<p>Cr\u00e9pine en bronze, pour tube D\u00a01\/2\u2019\u2019 (13\u00a0mm) &#8211; Filtre d&#8217;admission en bronze. \u00c0 compl\u00e9ter avec des connecteurs \u00e0 coque t\u00eate<\/p>\n","protected":false},"featured_media":5941464,"comment_status":"closed","ping_status":"closed","template":"","meta":[],"product_brand":[2994],"product_cat":[1083],"product_tag":[],"class_list":{"0":"post-3365763","1":"product","2":"type-product","3":"status-publish","4":"has-post-thumbnail","6":"product_brand-guidi-marine-fr","7":"product_cat-crepines-prises-de-eau","9":"first","10":"instock","11":"shipping-taxable","12":"purchasable","13":"product-type-simple"},"_links":{"self":[{"href":"https:\/\/stoic-curie.212-227-153-4.plesk.page\/fr\/wp-json\/wp\/v2\/product\/3365763","targetHints":{"allow":["GET"]}}],"collection":[{"href":"https:\/\/stoic-curie.212-227-153-4.plesk.page\/fr\/wp-json\/wp\/v2\/product"}],"about":[{"href":"https:\/\/stoic-curie.212-227-153-4.plesk.page\/fr\/wp-json\/wp\/v2\/types\/product"}],"replies":[{"embeddable":true,"href":"https:\/\/stoic-curie.212-227-153-4.plesk.page\/fr\/wp-json\/wp\/v2\/comments?post=3365763"}],"version-history":[{"count":0,"href":"https:\/\/stoic-curie.212-227-153-4.plesk.page\/fr\/wp-json\/wp\/v2\/product\/3365763\/revisions"}],"wp:featuredmedia":[{"embeddable":true,"href":"https:\/\/stoic-curie.212-227-153-4.plesk.page\/fr\/wp-json\/wp\/v2\/media\/5941464"}],"wp:attachment":[{"href":"https:\/\/stoic-curie.212-227-153-4.plesk.page\/fr\/wp-json\/wp\/v2\/media?parent=3365763"}],"wp:term":[{"taxonomy":"product_brand","embeddable":true,"href":"https:\/\/stoic-curie.212-227-153-4.plesk.page\/fr\/wp-json\/wp\/v2\/product_brand?post=3365763"},{"taxonomy":"product_cat","embeddable":true,"href":"https:\/\/stoic-curie.212-227-153-4.plesk.page\/fr\/wp-json\/wp\/v2\/product_cat?post=3365763"},{"taxonomy":"product_tag","embeddable":true,"href":"https:\/\/stoic-curie.212-227-153-4.plesk.page\/fr\/wp-json\/wp\/v2\/product_tag?post=3365763"}],"curies":[{"name":"wp","href":"https:\/\/api.w.org\/{rel}","templated":true}]}}