{"id":3365771,"date":"2025-10-09T22:16:36","date_gmt":"2025-10-10T02:16:36","guid":{"rendered":"https:\/\/stoic-curie.212-227-153-4.plesk.page\/product\/kit-de-securite-x-41-pour-morse-ultraflex-b400\/"},"modified":"2026-02-24T23:08:35","modified_gmt":"2026-02-24T23:08:35","slug":"kit-de-securite-x-41-pour-morse-ultraflex-b400","status":"publish","type":"product","link":"https:\/\/stoic-curie.212-227-153-4.plesk.page\/fr\/product\/kit-de-securite-x-41-pour-morse-ultraflex-b400\/","title":{"rendered":"\u00a0Kit de s\u00e9curit\u00e9 X\u00a041 pour Morse Ultraflex\u00a0B400"},"content":{"rendered":"<p>\u00a0Kit de s\u00e9curit\u00e9 X\u00a041 pour Morse Ultraflex\u00a0B400 &#8211; <\/p>\n<p>Interrupteur de s\u00e9curit\u00e9 neutre pour le contr\u00f4le \u00e0 levier unique B400 afin d&#8217;\u00e9viter le d\u00e9marrage en prise.<\/p>\n","protected":false},"excerpt":{"rendered":"<p>\u00a0Kit de s\u00e9curit\u00e9 X\u00a041 pour Morse Ultraflex\u00a0B400 &#8211; Interrupteur de s\u00e9curit\u00e9 neutre pour le contr\u00f4le \u00e0 levier unique B400 afin<\/p>\n","protected":false},"featured_media":5944472,"comment_status":"closed","ping_status":"closed","template":"","meta":[],"product_brand":[3499],"product_cat":[1217],"product_tag":[],"class_list":{"0":"post-3365771","1":"product","2":"type-product","3":"status-publish","4":"has-post-thumbnail","6":"product_brand-ultraflex-uflex-fr","7":"product_cat-commandes-morse","9":"first","10":"instock","11":"shipping-taxable","12":"purchasable","13":"product-type-simple"},"_links":{"self":[{"href":"https:\/\/stoic-curie.212-227-153-4.plesk.page\/fr\/wp-json\/wp\/v2\/product\/3365771","targetHints":{"allow":["GET"]}}],"collection":[{"href":"https:\/\/stoic-curie.212-227-153-4.plesk.page\/fr\/wp-json\/wp\/v2\/product"}],"about":[{"href":"https:\/\/stoic-curie.212-227-153-4.plesk.page\/fr\/wp-json\/wp\/v2\/types\/product"}],"replies":[{"embeddable":true,"href":"https:\/\/stoic-curie.212-227-153-4.plesk.page\/fr\/wp-json\/wp\/v2\/comments?post=3365771"}],"version-history":[{"count":0,"href":"https:\/\/stoic-curie.212-227-153-4.plesk.page\/fr\/wp-json\/wp\/v2\/product\/3365771\/revisions"}],"wp:featuredmedia":[{"embeddable":true,"href":"https:\/\/stoic-curie.212-227-153-4.plesk.page\/fr\/wp-json\/wp\/v2\/media\/5944472"}],"wp:attachment":[{"href":"https:\/\/stoic-curie.212-227-153-4.plesk.page\/fr\/wp-json\/wp\/v2\/media?parent=3365771"}],"wp:term":[{"taxonomy":"product_brand","embeddable":true,"href":"https:\/\/stoic-curie.212-227-153-4.plesk.page\/fr\/wp-json\/wp\/v2\/product_brand?post=3365771"},{"taxonomy":"product_cat","embeddable":true,"href":"https:\/\/stoic-curie.212-227-153-4.plesk.page\/fr\/wp-json\/wp\/v2\/product_cat?post=3365771"},{"taxonomy":"product_tag","embeddable":true,"href":"https:\/\/stoic-curie.212-227-153-4.plesk.page\/fr\/wp-json\/wp\/v2\/product_tag?post=3365771"}],"curies":[{"name":"wp","href":"https:\/\/api.w.org\/{rel}","templated":true}]}}