{"id":3365786,"date":"2025-10-09T22:16:36","date_gmt":"2025-10-10T02:16:36","guid":{"rendered":"https:\/\/stoic-curie.212-227-153-4.plesk.page\/product\/support-en-inox-glomex-v9172-pour-antennes-tv-nashira-et-adhara\/"},"modified":"2026-02-24T23:08:35","modified_gmt":"2026-02-24T23:08:35","slug":"support-en-inox-glomex-v9172-pour-antennes-tv-nashira-et-adhara","status":"publish","type":"product","link":"https:\/\/stoic-curie.212-227-153-4.plesk.page\/fr\/product\/support-en-inox-glomex-v9172-pour-antennes-tv-nashira-et-adhara\/","title":{"rendered":"Support en inox Glomex V9172 pour antennes TV Nashira et Adhara"},"content":{"rendered":"<p>Support en inox Glomex V9172 pour antennes TV Nashira et Adhara &#8211; <\/p>\n<p>Antennes TV Glomex V9150AGC Adhara omnidirectionnelles pour signaux TV analogiques\/num\u00e9riques. Id\u00e9ale pour tout type de bateau. Gr\u00e2ce \u00e0 sa hauteur de 55 mm, elle peut recevoir des signaux TV polaris\u00e9s \u00e0 la fois verticalement et horizontalement. \u00c9quip\u00e9e d&#8217;un stylet pour recevoir le signal DAB et d&#8217;un amplificateur \u00e0 contr\u00f4le de gain automatique (AGC) qui garantit un signal parfait aussi bien en mer qu&#8217;\u00e0 quai. La base renforc\u00e9e avec le support en acier inoxydable micro-fondu garantit la meilleure stabilit\u00e9 de l&#8217;antenne dans toutes les conditions maritimes. Avec le r\u00e9partiteur V9147 en option, install\u00e9 entre l&#8217;antenne et l&#8217;amplificateur, l&#8217;antenne peut \u00e9galement recevoir des fr\u00e9quences de radio AM-FM. Compatible avec 6 appareils TV. Fr\u00e9quence 87,5\/774 MHz, 174\/240 MHz DAB &#8211; Imp\u00e9dance 75 Ohm &#8211; Alimentation universelle 12\/24V. Comprend 3&#215;20 m de c\u00e2bles coaxiaux et un cordon pour t\u00e9l\u00e9viseur.<\/p>\n","protected":false},"excerpt":{"rendered":"<p>Support en inox Glomex V9172 pour antennes TV Nashira et Adhara &#8211; Antennes TV Glomex V9150AGC Adhara omnidirectionnelles pour signaux<\/p>\n","protected":false},"featured_media":5944483,"comment_status":"closed","ping_status":"closed","template":"","meta":[],"product_brand":[2979],"product_cat":[1180],"product_tag":[],"class_list":{"0":"post-3365786","1":"product","2":"type-product","3":"status-publish","4":"has-post-thumbnail","6":"product_brand-glomex-fr","7":"product_cat-antennes-tv","9":"first","10":"instock","11":"shipping-taxable","12":"purchasable","13":"product-type-simple"},"_links":{"self":[{"href":"https:\/\/stoic-curie.212-227-153-4.plesk.page\/fr\/wp-json\/wp\/v2\/product\/3365786","targetHints":{"allow":["GET"]}}],"collection":[{"href":"https:\/\/stoic-curie.212-227-153-4.plesk.page\/fr\/wp-json\/wp\/v2\/product"}],"about":[{"href":"https:\/\/stoic-curie.212-227-153-4.plesk.page\/fr\/wp-json\/wp\/v2\/types\/product"}],"replies":[{"embeddable":true,"href":"https:\/\/stoic-curie.212-227-153-4.plesk.page\/fr\/wp-json\/wp\/v2\/comments?post=3365786"}],"version-history":[{"count":0,"href":"https:\/\/stoic-curie.212-227-153-4.plesk.page\/fr\/wp-json\/wp\/v2\/product\/3365786\/revisions"}],"wp:featuredmedia":[{"embeddable":true,"href":"https:\/\/stoic-curie.212-227-153-4.plesk.page\/fr\/wp-json\/wp\/v2\/media\/5944483"}],"wp:attachment":[{"href":"https:\/\/stoic-curie.212-227-153-4.plesk.page\/fr\/wp-json\/wp\/v2\/media?parent=3365786"}],"wp:term":[{"taxonomy":"product_brand","embeddable":true,"href":"https:\/\/stoic-curie.212-227-153-4.plesk.page\/fr\/wp-json\/wp\/v2\/product_brand?post=3365786"},{"taxonomy":"product_cat","embeddable":true,"href":"https:\/\/stoic-curie.212-227-153-4.plesk.page\/fr\/wp-json\/wp\/v2\/product_cat?post=3365786"},{"taxonomy":"product_tag","embeddable":true,"href":"https:\/\/stoic-curie.212-227-153-4.plesk.page\/fr\/wp-json\/wp\/v2\/product_tag?post=3365786"}],"curies":[{"name":"wp","href":"https:\/\/api.w.org\/{rel}","templated":true}]}}