{"id":3365893,"date":"2025-10-09T22:16:40","date_gmt":"2025-10-10T02:16:40","guid":{"rendered":"https:\/\/stoic-curie.212-227-153-4.plesk.page\/product\/mat-de-pavillon-en-inox-sans-embase-d-20-x-h-600-mm-2\/"},"modified":"2026-02-24T23:08:35","modified_gmt":"2026-02-24T23:08:35","slug":"mat-de-pavillon-en-inox-sans-embase-d-20-x-h-600-mm-2","status":"publish","type":"product","link":"https:\/\/stoic-curie.212-227-153-4.plesk.page\/fr\/product\/mat-de-pavillon-en-inox-sans-embase-d-20-x-h-600-mm-2\/","title":{"rendered":"M\u00e2t de pavillon en inox sans embase, D\u00a020\u00a0x\u00a0H\u00a0600\u00a0mm"},"content":{"rendered":"<p>M\u00e2t de pavillon en inox sans embase, D\u00a020\u00a0x\u00a0H\u00a0600\u00a0mm &#8211; <\/p>\n<p>Poteau de drapeau classique en acier inoxydable avec 2 \u0153illets pour cordage. \u00c0 compl\u00e9ter avec un socle standard ou encastr\u00e9.<\/p>\n","protected":false},"excerpt":{"rendered":"<p>M\u00e2t de pavillon en inox sans embase, D\u00a020\u00a0x\u00a0H\u00a0600\u00a0mm &#8211; Poteau de drapeau classique en acier inoxydable avec 2 \u0153illets pour<\/p>\n","protected":false},"featured_media":5944497,"comment_status":"closed","ping_status":"closed","template":"","meta":[],"product_brand":[3489],"product_cat":[1107],"product_tag":[],"class_list":{"0":"post-3365893","1":"product","2":"type-product","3":"status-publish","4":"has-post-thumbnail","6":"product_brand-trem-fr","7":"product_cat-mats-de-drapeau","9":"first","10":"instock","11":"shipping-taxable","12":"purchasable","13":"product-type-simple"},"_links":{"self":[{"href":"https:\/\/stoic-curie.212-227-153-4.plesk.page\/fr\/wp-json\/wp\/v2\/product\/3365893","targetHints":{"allow":["GET"]}}],"collection":[{"href":"https:\/\/stoic-curie.212-227-153-4.plesk.page\/fr\/wp-json\/wp\/v2\/product"}],"about":[{"href":"https:\/\/stoic-curie.212-227-153-4.plesk.page\/fr\/wp-json\/wp\/v2\/types\/product"}],"replies":[{"embeddable":true,"href":"https:\/\/stoic-curie.212-227-153-4.plesk.page\/fr\/wp-json\/wp\/v2\/comments?post=3365893"}],"version-history":[{"count":0,"href":"https:\/\/stoic-curie.212-227-153-4.plesk.page\/fr\/wp-json\/wp\/v2\/product\/3365893\/revisions"}],"wp:featuredmedia":[{"embeddable":true,"href":"https:\/\/stoic-curie.212-227-153-4.plesk.page\/fr\/wp-json\/wp\/v2\/media\/5944497"}],"wp:attachment":[{"href":"https:\/\/stoic-curie.212-227-153-4.plesk.page\/fr\/wp-json\/wp\/v2\/media?parent=3365893"}],"wp:term":[{"taxonomy":"product_brand","embeddable":true,"href":"https:\/\/stoic-curie.212-227-153-4.plesk.page\/fr\/wp-json\/wp\/v2\/product_brand?post=3365893"},{"taxonomy":"product_cat","embeddable":true,"href":"https:\/\/stoic-curie.212-227-153-4.plesk.page\/fr\/wp-json\/wp\/v2\/product_cat?post=3365893"},{"taxonomy":"product_tag","embeddable":true,"href":"https:\/\/stoic-curie.212-227-153-4.plesk.page\/fr\/wp-json\/wp\/v2\/product_tag?post=3365893"}],"curies":[{"name":"wp","href":"https:\/\/api.w.org\/{rel}","templated":true}]}}