{"id":3365978,"date":"2025-10-09T22:16:43","date_gmt":"2025-10-10T02:16:43","guid":{"rendered":"https:\/\/stoic-curie.212-227-153-4.plesk.page\/product\/charniere-en-inox-foresti-70-x-65-x-35-mm\/"},"modified":"2026-02-24T23:08:35","modified_gmt":"2026-02-24T23:08:35","slug":"charniere-en-inox-foresti-70-x-65-x-35-mm","status":"publish","type":"product","link":"https:\/\/stoic-curie.212-227-153-4.plesk.page\/fr\/product\/charniere-en-inox-foresti-70-x-65-x-35-mm\/","title":{"rendered":"Charni\u00e8re en inox Foresti, 70\u00a0x\u00a065\u00a0x\u00a03,5\u00a0mm"},"content":{"rendered":"<p>Charni\u00e8re en inox Foresti, 70\u00a0x\u00a065\u00a0x\u00a03,5\u00a0mm &#8211; <\/p>\n<p>Charni\u00e8re \u00e0 mortaise en acier inoxydable poli miroir. Fixation par vis depuis l&#8217;int\u00e9rieur.<\/p>\n","protected":false},"excerpt":{"rendered":"<p>Charni\u00e8re en inox Foresti, 70\u00a0x\u00a065\u00a0x\u00a03,5\u00a0mm &#8211; Charni\u00e8re \u00e0 mortaise en acier inoxydable poli miroir. Fixation par vis depuis l&#8217;int\u00e9rieur.<\/p>\n","protected":false},"featured_media":5944501,"comment_status":"closed","ping_status":"closed","template":"","meta":[],"product_brand":[2944],"product_cat":[1137],"product_tag":[],"class_list":{"0":"post-3365978","1":"product","2":"type-product","3":"status-publish","4":"has-post-thumbnail","6":"product_brand-foresti-suardi-fr","7":"product_cat-charnieres","9":"first","10":"instock","11":"shipping-taxable","12":"purchasable","13":"product-type-simple"},"_links":{"self":[{"href":"https:\/\/stoic-curie.212-227-153-4.plesk.page\/fr\/wp-json\/wp\/v2\/product\/3365978","targetHints":{"allow":["GET"]}}],"collection":[{"href":"https:\/\/stoic-curie.212-227-153-4.plesk.page\/fr\/wp-json\/wp\/v2\/product"}],"about":[{"href":"https:\/\/stoic-curie.212-227-153-4.plesk.page\/fr\/wp-json\/wp\/v2\/types\/product"}],"replies":[{"embeddable":true,"href":"https:\/\/stoic-curie.212-227-153-4.plesk.page\/fr\/wp-json\/wp\/v2\/comments?post=3365978"}],"version-history":[{"count":0,"href":"https:\/\/stoic-curie.212-227-153-4.plesk.page\/fr\/wp-json\/wp\/v2\/product\/3365978\/revisions"}],"wp:featuredmedia":[{"embeddable":true,"href":"https:\/\/stoic-curie.212-227-153-4.plesk.page\/fr\/wp-json\/wp\/v2\/media\/5944501"}],"wp:attachment":[{"href":"https:\/\/stoic-curie.212-227-153-4.plesk.page\/fr\/wp-json\/wp\/v2\/media?parent=3365978"}],"wp:term":[{"taxonomy":"product_brand","embeddable":true,"href":"https:\/\/stoic-curie.212-227-153-4.plesk.page\/fr\/wp-json\/wp\/v2\/product_brand?post=3365978"},{"taxonomy":"product_cat","embeddable":true,"href":"https:\/\/stoic-curie.212-227-153-4.plesk.page\/fr\/wp-json\/wp\/v2\/product_cat?post=3365978"},{"taxonomy":"product_tag","embeddable":true,"href":"https:\/\/stoic-curie.212-227-153-4.plesk.page\/fr\/wp-json\/wp\/v2\/product_tag?post=3365978"}],"curies":[{"name":"wp","href":"https:\/\/api.w.org\/{rel}","templated":true}]}}