{"id":3366008,"date":"2025-10-09T22:16:44","date_gmt":"2025-10-10T02:16:44","guid":{"rendered":"https:\/\/stoic-curie.212-227-153-4.plesk.page\/product\/chaussette-a-pare-battage-fendress-pour-pare-battage-polyform-f02-19-x-64-cm-gris-fonce\/"},"modified":"2026-02-24T23:08:36","modified_gmt":"2026-02-24T23:08:36","slug":"chaussette-a-pare-battage-fendress-pour-pare-battage-polyform-f02-19-x-64-cm-gris-fonce","status":"publish","type":"product","link":"https:\/\/stoic-curie.212-227-153-4.plesk.page\/fr\/product\/chaussette-a-pare-battage-fendress-pour-pare-battage-polyform-f02-19-x-64-cm-gris-fonce\/","title":{"rendered":"Chaussette \u00e0 pare-battage Fendress pour pare-battage Polyform\u00a0F02, 19\u00a0x\u00a064\u00a0cm, gris fonc\u00e9"},"content":{"rendered":"<p>Chaussette \u00e0 pare-battage Fendress pour pare-battage Polyform\u00a0F02, 19\u00a0x\u00a064\u00a0cm, gris fonc\u00e9 &#8211; <\/p>\n<p>Housses de fenders en fleece doux faites \u00e0 la main. Protection premium pour vos fenders, tout en \u00e9liminant les bruits de frottement et les marques. Douces et robustes, ces housses prot\u00e8gent efficacement la peinture en gel coat et prolongent la dur\u00e9e de vie de vos fenders.<\/p>\n<p>\u2022 Les &#8220;Fendress Covers&#8221; sont en acrylique 100% de fabrication artisanale, de qualit\u00e9 sup\u00e9rieure, r\u00e9sistantes et non abrasives. Les housses en fleece doux et moelleux offrent la protection ultime pour vos flancs. \u2022 Les &#8220;Fendress Covers&#8221; sont r\u00e9sistantes aux UV et \u00e0 l&#8217;eau de mer, prot\u00e9geant efficacement votre peinture en gel coat contre les marques et les abrasions. Le tissu en fleece solide int\u00e8gre toutes les meilleures caract\u00e9ristiques, y compris la r\u00e9sistance \u00e0 la d\u00e9chirure et \u00e0 l&#8217;abrasion, un s\u00e9chage rapide et un retrait facile pour le nettoyage. \u2022 Les &#8220;Fendress Covers&#8221; prolongent la dur\u00e9e de vie de vos fenders et \u00e9liminent les bruits de frottement irritants. Les couleurs r\u00e9sistantes aux UV ne laissent pas de traces sur vos flancs. Lavables en machine. \u2022 Les &#8220;Fendress Covers&#8221; ont un haut hautement r\u00e9sistant et un ourlet \u00e9lastique permettant un ajustement personnalis\u00e9 pour tous les types de fenders. Les housses sont disponibles en 9 couleurs.<\/p>\n","protected":false},"excerpt":{"rendered":"<p>Chaussette \u00e0 pare-battage Fendress pour pare-battage Polyform\u00a0F02, 19\u00a0x\u00a064\u00a0cm, gris fonc\u00e9 &#8211; Housses de fenders en fleece doux faites \u00e0 la<\/p>\n","protected":false},"featured_media":5944509,"comment_status":"closed","ping_status":"closed","template":"","meta":[],"product_brand":[2934],"product_cat":[1277],"product_tag":[],"class_list":{"0":"post-3366008","1":"product","2":"type-product","3":"status-publish","4":"has-post-thumbnail","6":"product_brand-fendress-fr","7":"product_cat-housses-de-pare-battage","9":"first","10":"instock","11":"shipping-taxable","12":"purchasable","13":"product-type-simple"},"_links":{"self":[{"href":"https:\/\/stoic-curie.212-227-153-4.plesk.page\/fr\/wp-json\/wp\/v2\/product\/3366008","targetHints":{"allow":["GET"]}}],"collection":[{"href":"https:\/\/stoic-curie.212-227-153-4.plesk.page\/fr\/wp-json\/wp\/v2\/product"}],"about":[{"href":"https:\/\/stoic-curie.212-227-153-4.plesk.page\/fr\/wp-json\/wp\/v2\/types\/product"}],"replies":[{"embeddable":true,"href":"https:\/\/stoic-curie.212-227-153-4.plesk.page\/fr\/wp-json\/wp\/v2\/comments?post=3366008"}],"version-history":[{"count":0,"href":"https:\/\/stoic-curie.212-227-153-4.plesk.page\/fr\/wp-json\/wp\/v2\/product\/3366008\/revisions"}],"wp:featuredmedia":[{"embeddable":true,"href":"https:\/\/stoic-curie.212-227-153-4.plesk.page\/fr\/wp-json\/wp\/v2\/media\/5944509"}],"wp:attachment":[{"href":"https:\/\/stoic-curie.212-227-153-4.plesk.page\/fr\/wp-json\/wp\/v2\/media?parent=3366008"}],"wp:term":[{"taxonomy":"product_brand","embeddable":true,"href":"https:\/\/stoic-curie.212-227-153-4.plesk.page\/fr\/wp-json\/wp\/v2\/product_brand?post=3366008"},{"taxonomy":"product_cat","embeddable":true,"href":"https:\/\/stoic-curie.212-227-153-4.plesk.page\/fr\/wp-json\/wp\/v2\/product_cat?post=3366008"},{"taxonomy":"product_tag","embeddable":true,"href":"https:\/\/stoic-curie.212-227-153-4.plesk.page\/fr\/wp-json\/wp\/v2\/product_tag?post=3366008"}],"curies":[{"name":"wp","href":"https:\/\/api.w.org\/{rel}","templated":true}]}}