{"id":3366020,"date":"2025-10-09T22:16:45","date_gmt":"2025-10-10T02:16:45","guid":{"rendered":"https:\/\/stoic-curie.212-227-153-4.plesk.page\/product\/chaussette-a-pare-battage-fendress-gris-fonce-88-x-29-cm\/"},"modified":"2026-02-24T23:08:36","modified_gmt":"2026-02-24T23:08:36","slug":"chaussette-a-pare-battage-fendress-gris-fonce-88-x-29-cm","status":"publish","type":"product","link":"https:\/\/stoic-curie.212-227-153-4.plesk.page\/fr\/product\/chaussette-a-pare-battage-fendress-gris-fonce-88-x-29-cm\/","title":{"rendered":"Chaussette \u00e0 pare-battage Fendress gris fonc\u00e9, 88\u00a0x\u00a029\u00a0cm"},"content":{"rendered":"<p>Chaussette \u00e0 pare-battage Fendress gris fonc\u00e9, 88\u00a0x\u00a029\u00a0cm &#8211; <\/p>\n<p>Couvre-fenders en polaire doux fait \u00e0 la main Fendress. Protection premium pour vos fenders, tout en \u00e9liminant les bruits de frottement et les marques de frottement. Doux mais robuste, ces couvre-fenders prot\u00e8gent efficacement votre peinture en gelcoat et prolongent la dur\u00e9e de vie de vos fenders. <\/p>\n<p> \u2022 Les \u201cFendress Covers\u201d sont 100% acrylique, faits \u00e0 la main avec une qualit\u00e9 premium, r\u00e9sistants et non abrasifs. Les couvre-fenders en polaire doux et pelucheux offrent la protection ultime pour vos surfaces sup\u00e9rieures. <br \/> \u2022 Les \u201cFendress Covers\u201d sont r\u00e9sistants aux UV et \u00e0 l&#8217;eau de mer, prot\u00e9geant efficacement votre peinture en gelcoat contre les marques de frottement et les abrasions. Le tissu polaire r\u00e9sistant contient toutes les meilleures caract\u00e9ristiques, notamment la r\u00e9sistance \u00e0 la d\u00e9chirure et \u00e0 l&#8217;abrasion, un s\u00e9chage rapide et une facile retrait pour nettoyage. <br \/> \u2022 Les \u201cFendress Covers\u201d prolongent la vie de vos fenders et \u00e9liminent les bruits de frottement irritants. Les couleurs r\u00e9sistantes aux UV ne laissent pas de traces sur vos surfaces. Lavable en machine. <br \/> \u2022 Les \u201cFendress Covers\u201d avec une haute r\u00e9sistance en haut et un ourlet \u00e9lastiqu\u00e9 permettent un ajustement sur mesure pour tous les types de fenders. Couvre-fenders disponibles en 9 couleurs.<\/p>\n","protected":false},"excerpt":{"rendered":"<p>Chaussette \u00e0 pare-battage Fendress gris fonc\u00e9, 88\u00a0x\u00a029\u00a0cm &#8211; Couvre-fenders en polaire doux fait \u00e0 la main Fendress. Protection premium pour<\/p>\n","protected":false},"featured_media":5944509,"comment_status":"closed","ping_status":"closed","template":"","meta":[],"product_brand":[2934],"product_cat":[1277],"product_tag":[],"class_list":{"0":"post-3366020","1":"product","2":"type-product","3":"status-publish","4":"has-post-thumbnail","6":"product_brand-fendress-fr","7":"product_cat-housses-de-pare-battage","9":"first","10":"instock","11":"shipping-taxable","12":"purchasable","13":"product-type-simple"},"_links":{"self":[{"href":"https:\/\/stoic-curie.212-227-153-4.plesk.page\/fr\/wp-json\/wp\/v2\/product\/3366020","targetHints":{"allow":["GET"]}}],"collection":[{"href":"https:\/\/stoic-curie.212-227-153-4.plesk.page\/fr\/wp-json\/wp\/v2\/product"}],"about":[{"href":"https:\/\/stoic-curie.212-227-153-4.plesk.page\/fr\/wp-json\/wp\/v2\/types\/product"}],"replies":[{"embeddable":true,"href":"https:\/\/stoic-curie.212-227-153-4.plesk.page\/fr\/wp-json\/wp\/v2\/comments?post=3366020"}],"version-history":[{"count":0,"href":"https:\/\/stoic-curie.212-227-153-4.plesk.page\/fr\/wp-json\/wp\/v2\/product\/3366020\/revisions"}],"wp:featuredmedia":[{"embeddable":true,"href":"https:\/\/stoic-curie.212-227-153-4.plesk.page\/fr\/wp-json\/wp\/v2\/media\/5944509"}],"wp:attachment":[{"href":"https:\/\/stoic-curie.212-227-153-4.plesk.page\/fr\/wp-json\/wp\/v2\/media?parent=3366020"}],"wp:term":[{"taxonomy":"product_brand","embeddable":true,"href":"https:\/\/stoic-curie.212-227-153-4.plesk.page\/fr\/wp-json\/wp\/v2\/product_brand?post=3366020"},{"taxonomy":"product_cat","embeddable":true,"href":"https:\/\/stoic-curie.212-227-153-4.plesk.page\/fr\/wp-json\/wp\/v2\/product_cat?post=3366020"},{"taxonomy":"product_tag","embeddable":true,"href":"https:\/\/stoic-curie.212-227-153-4.plesk.page\/fr\/wp-json\/wp\/v2\/product_tag?post=3366020"}],"curies":[{"name":"wp","href":"https:\/\/api.w.org\/{rel}","templated":true}]}}