{"id":3366038,"date":"2025-10-09T22:16:45","date_gmt":"2025-10-10T02:16:45","guid":{"rendered":"https:\/\/stoic-curie.212-227-153-4.plesk.page\/product\/connecteur-glomex-ra352-fme-pl259\/"},"modified":"2026-02-24T23:08:36","modified_gmt":"2026-02-24T23:08:36","slug":"connecteur-glomex-ra352-fme-pl259","status":"publish","type":"product","link":"https:\/\/stoic-curie.212-227-153-4.plesk.page\/fr\/product\/connecteur-glomex-ra352-fme-pl259\/","title":{"rendered":"Connecteur Glomex RA352 FME PL259"},"content":{"rendered":"<p>Connecteur Glomex RA352 FME PL259 &#8211; <\/p>\n<p>Pr\u00eat \u00e0 installer : c\u00e2ble coaxial VHF RG8X avec deux connecteurs FME pr\u00e9install\u00e9s \u00e0 chaque extr\u00e9mit\u00e9. C\u00e2ble de 6 mm 50 Ohm \u00e0 double \u00e9cran + faible perte avec protection \u00e0 double \u00e9cran et faible perte de signal.<\/p>\n","protected":false},"excerpt":{"rendered":"<p>Connecteur Glomex RA352 FME PL259 &#8211; Pr\u00eat \u00e0 installer : c\u00e2ble coaxial VHF RG8X avec deux connecteurs FME pr\u00e9install\u00e9s \u00e0<\/p>\n","protected":false},"featured_media":5944515,"comment_status":"closed","ping_status":"closed","template":"","meta":[],"product_brand":[2979],"product_cat":[1179],"product_tag":[],"class_list":{"0":"post-3366038","1":"product","2":"type-product","3":"status-publish","4":"has-post-thumbnail","6":"product_brand-glomex-fr","7":"product_cat-antennes-vhf","9":"first","10":"instock","11":"shipping-taxable","12":"purchasable","13":"product-type-simple"},"_links":{"self":[{"href":"https:\/\/stoic-curie.212-227-153-4.plesk.page\/fr\/wp-json\/wp\/v2\/product\/3366038","targetHints":{"allow":["GET"]}}],"collection":[{"href":"https:\/\/stoic-curie.212-227-153-4.plesk.page\/fr\/wp-json\/wp\/v2\/product"}],"about":[{"href":"https:\/\/stoic-curie.212-227-153-4.plesk.page\/fr\/wp-json\/wp\/v2\/types\/product"}],"replies":[{"embeddable":true,"href":"https:\/\/stoic-curie.212-227-153-4.plesk.page\/fr\/wp-json\/wp\/v2\/comments?post=3366038"}],"version-history":[{"count":0,"href":"https:\/\/stoic-curie.212-227-153-4.plesk.page\/fr\/wp-json\/wp\/v2\/product\/3366038\/revisions"}],"wp:featuredmedia":[{"embeddable":true,"href":"https:\/\/stoic-curie.212-227-153-4.plesk.page\/fr\/wp-json\/wp\/v2\/media\/5944515"}],"wp:attachment":[{"href":"https:\/\/stoic-curie.212-227-153-4.plesk.page\/fr\/wp-json\/wp\/v2\/media?parent=3366038"}],"wp:term":[{"taxonomy":"product_brand","embeddable":true,"href":"https:\/\/stoic-curie.212-227-153-4.plesk.page\/fr\/wp-json\/wp\/v2\/product_brand?post=3366038"},{"taxonomy":"product_cat","embeddable":true,"href":"https:\/\/stoic-curie.212-227-153-4.plesk.page\/fr\/wp-json\/wp\/v2\/product_cat?post=3366038"},{"taxonomy":"product_tag","embeddable":true,"href":"https:\/\/stoic-curie.212-227-153-4.plesk.page\/fr\/wp-json\/wp\/v2\/product_tag?post=3366038"}],"curies":[{"name":"wp","href":"https:\/\/api.w.org\/{rel}","templated":true}]}}