{"id":3366054,"date":"2025-10-09T22:16:46","date_gmt":"2025-10-10T02:16:46","guid":{"rendered":"https:\/\/stoic-curie.212-227-153-4.plesk.page\/product\/cable-vhf-avec-connecteurs-12-m\/"},"modified":"2026-02-24T23:08:36","modified_gmt":"2026-02-24T23:08:36","slug":"cable-vhf-avec-connecteurs-12-m","status":"publish","type":"product","link":"https:\/\/stoic-curie.212-227-153-4.plesk.page\/fr\/product\/cable-vhf-avec-connecteurs-12-m\/","title":{"rendered":"C\u00e2ble VHF avec connecteurs, 12\u00a0m"},"content":{"rendered":"<p>C\u00e2ble VHF avec connecteurs, 12\u00a0m &#8211; <\/p>\n<p>Pr\u00eat \u00e0 installer : c\u00e2ble coaxial VHF RG8X avec deux connecteurs FME pr\u00e9install\u00e9s \u00e0 chaque extr\u00e9mit\u00e9. C\u00e2ble \u00e0 double \u00e9cran de 6 mm et 50 Ohm avec protection \u00e0 double \u00e9cran et faible perte de signal.<\/p>\n","protected":false},"excerpt":{"rendered":"<p>C\u00e2ble VHF avec connecteurs, 12\u00a0m &#8211; Pr\u00eat \u00e0 installer : c\u00e2ble coaxial VHF RG8X avec deux connecteurs FME pr\u00e9install\u00e9s \u00e0<\/p>\n","protected":false},"featured_media":5944519,"comment_status":"closed","ping_status":"closed","template":"","meta":[],"product_brand":[2979],"product_cat":[1179],"product_tag":[],"class_list":{"0":"post-3366054","1":"product","2":"type-product","3":"status-publish","4":"has-post-thumbnail","6":"product_brand-glomex-fr","7":"product_cat-antennes-vhf","9":"first","10":"instock","11":"shipping-taxable","12":"purchasable","13":"product-type-simple"},"_links":{"self":[{"href":"https:\/\/stoic-curie.212-227-153-4.plesk.page\/fr\/wp-json\/wp\/v2\/product\/3366054","targetHints":{"allow":["GET"]}}],"collection":[{"href":"https:\/\/stoic-curie.212-227-153-4.plesk.page\/fr\/wp-json\/wp\/v2\/product"}],"about":[{"href":"https:\/\/stoic-curie.212-227-153-4.plesk.page\/fr\/wp-json\/wp\/v2\/types\/product"}],"replies":[{"embeddable":true,"href":"https:\/\/stoic-curie.212-227-153-4.plesk.page\/fr\/wp-json\/wp\/v2\/comments?post=3366054"}],"version-history":[{"count":0,"href":"https:\/\/stoic-curie.212-227-153-4.plesk.page\/fr\/wp-json\/wp\/v2\/product\/3366054\/revisions"}],"wp:featuredmedia":[{"embeddable":true,"href":"https:\/\/stoic-curie.212-227-153-4.plesk.page\/fr\/wp-json\/wp\/v2\/media\/5944519"}],"wp:attachment":[{"href":"https:\/\/stoic-curie.212-227-153-4.plesk.page\/fr\/wp-json\/wp\/v2\/media?parent=3366054"}],"wp:term":[{"taxonomy":"product_brand","embeddable":true,"href":"https:\/\/stoic-curie.212-227-153-4.plesk.page\/fr\/wp-json\/wp\/v2\/product_brand?post=3366054"},{"taxonomy":"product_cat","embeddable":true,"href":"https:\/\/stoic-curie.212-227-153-4.plesk.page\/fr\/wp-json\/wp\/v2\/product_cat?post=3366054"},{"taxonomy":"product_tag","embeddable":true,"href":"https:\/\/stoic-curie.212-227-153-4.plesk.page\/fr\/wp-json\/wp\/v2\/product_tag?post=3366054"}],"curies":[{"name":"wp","href":"https:\/\/api.w.org\/{rel}","templated":true}]}}