{"id":3366064,"date":"2025-10-09T22:16:46","date_gmt":"2025-10-10T02:16:46","guid":{"rendered":"https:\/\/stoic-curie.212-227-153-4.plesk.page\/product\/prise-usb-jack-pour-stereo-fusion-ms-cbusb3-5\/"},"modified":"2026-02-24T23:08:36","modified_gmt":"2026-02-24T23:08:36","slug":"prise-usb-jack-pour-stereo-fusion-ms-cbusb3-5","status":"publish","type":"product","link":"https:\/\/stoic-curie.212-227-153-4.plesk.page\/fr\/product\/prise-usb-jack-pour-stereo-fusion-ms-cbusb3-5\/","title":{"rendered":"Prise USB\/jack pour st\u00e9r\u00e9o Fusion MS-CBUSB3.5"},"content":{"rendered":"<p>Prise USB\/jack pour st\u00e9r\u00e9o Fusion MS-CBUSB3.5 &#8211; <\/p>\n<p>St\u00e9r\u00e9o marin Fusion MS-RA70N pour tableau de bord avec \u00e9cran LCD r\u00e9tro-\u00e9clair\u00e9 coll\u00e9 en verre. Radio RDS FM\/AM pr\u00eate pour DAB, entr\u00e9e USB et AUX \u00e0 l&#8217;arri\u00e8re. Bluetooth int\u00e9gr\u00e9 pour le streaming audio \u00e0 partir de smartphones et d&#8217;appareils compatibles. Dot\u00e9 de la fonction de contr\u00f4le \u00e0 distance Fusion-Link, qui permet de contr\u00f4ler la st\u00e9r\u00e9o avec une montre Garmin ou un affichage multifonction compatible NMEA2000. Contr\u00f4le des param\u00e8tres de zones multiples ind\u00e9pendantes pour deux zones audio distinctes. \u00c9tanche IPx7, peut \u00eatre mont\u00e9 \u00e0 plat ou encastr\u00e9. D=profondeur<\/p>\n","protected":false},"excerpt":{"rendered":"<p>Prise USB\/jack pour st\u00e9r\u00e9o Fusion MS-CBUSB3.5 &#8211; St\u00e9r\u00e9o marin Fusion MS-RA70N pour tableau de bord avec \u00e9cran LCD r\u00e9tro-\u00e9clair\u00e9 coll\u00e9<\/p>\n","protected":false},"featured_media":5944523,"comment_status":"closed","ping_status":"closed","template":"","meta":[],"product_brand":[2959],"product_cat":[1159],"product_tag":[],"class_list":{"0":"post-3366064","1":"product","2":"type-product","3":"status-publish","4":"has-post-thumbnail","6":"product_brand-fusion-fr","7":"product_cat-stereo-et-haut-parleurs","9":"first","10":"instock","11":"shipping-taxable","12":"purchasable","13":"product-type-simple"},"_links":{"self":[{"href":"https:\/\/stoic-curie.212-227-153-4.plesk.page\/fr\/wp-json\/wp\/v2\/product\/3366064","targetHints":{"allow":["GET"]}}],"collection":[{"href":"https:\/\/stoic-curie.212-227-153-4.plesk.page\/fr\/wp-json\/wp\/v2\/product"}],"about":[{"href":"https:\/\/stoic-curie.212-227-153-4.plesk.page\/fr\/wp-json\/wp\/v2\/types\/product"}],"replies":[{"embeddable":true,"href":"https:\/\/stoic-curie.212-227-153-4.plesk.page\/fr\/wp-json\/wp\/v2\/comments?post=3366064"}],"version-history":[{"count":0,"href":"https:\/\/stoic-curie.212-227-153-4.plesk.page\/fr\/wp-json\/wp\/v2\/product\/3366064\/revisions"}],"wp:featuredmedia":[{"embeddable":true,"href":"https:\/\/stoic-curie.212-227-153-4.plesk.page\/fr\/wp-json\/wp\/v2\/media\/5944523"}],"wp:attachment":[{"href":"https:\/\/stoic-curie.212-227-153-4.plesk.page\/fr\/wp-json\/wp\/v2\/media?parent=3366064"}],"wp:term":[{"taxonomy":"product_brand","embeddable":true,"href":"https:\/\/stoic-curie.212-227-153-4.plesk.page\/fr\/wp-json\/wp\/v2\/product_brand?post=3366064"},{"taxonomy":"product_cat","embeddable":true,"href":"https:\/\/stoic-curie.212-227-153-4.plesk.page\/fr\/wp-json\/wp\/v2\/product_cat?post=3366064"},{"taxonomy":"product_tag","embeddable":true,"href":"https:\/\/stoic-curie.212-227-153-4.plesk.page\/fr\/wp-json\/wp\/v2\/product_tag?post=3366064"}],"curies":[{"name":"wp","href":"https:\/\/api.w.org\/{rel}","templated":true}]}}