{"id":3366374,"date":"2025-10-09T22:16:57","date_gmt":"2025-10-10T02:16:57","guid":{"rendered":"https:\/\/stoic-curie.212-227-153-4.plesk.page\/product\/verres-plats-magnetiques-a-culot-gris-d-82-x-h-100-mm-2-unites\/"},"modified":"2026-02-24T23:08:36","modified_gmt":"2026-02-24T23:08:36","slug":"verres-plats-magnetiques-a-culot-gris-d-82-x-h-100-mm-2-unites","status":"publish","type":"product","link":"https:\/\/stoic-curie.212-227-153-4.plesk.page\/fr\/product\/verres-plats-magnetiques-a-culot-gris-d-82-x-h-100-mm-2-unites\/","title":{"rendered":"Verres plats magn\u00e9tiques \u00e0 culot gris, D\u00a082\u00a0x\u00a0H\u00a0100\u00a0mm, 2\u00a0unit\u00e9s"},"content":{"rendered":"<p>Verres plats magn\u00e9tiques \u00e0 culot gris, D\u00a082\u00a0x\u00a0H\u00a0100\u00a0mm, 2\u00a0unit\u00e9s &#8211; <\/p>\n<p>Verres Silwy \u00e9l\u00e9gants avec des aimants int\u00e9gr\u00e9s au fond qui les maintiennent en place m\u00eame en mer agit\u00e9e. Fabriqu\u00e9s en plastique alimentaire robuste, incassable, hautement transparent, certifi\u00e9 et test\u00e9. Rapport de force parfait entre le dessous de verre et le verre magn\u00e9tique. Les dessous de verre en gel nano m\u00e9tallique peuvent \u00eatre retir\u00e9s sans r\u00e9sidu, sont r\u00e9utilisables et adh\u00e8rent \u00e0 toutes les surfaces. Livr\u00e9s par ensemble de 2 verres comprenant des dessous de verre en gel m\u00e9tallique.<\/p>\n","protected":false},"excerpt":{"rendered":"<p>Verres plats magn\u00e9tiques \u00e0 culot gris, D\u00a082\u00a0x\u00a0H\u00a0100\u00a0mm, 2\u00a0unit\u00e9s &#8211; Verres Silwy \u00e9l\u00e9gants avec des aimants int\u00e9gr\u00e9s au fond qui les<\/p>\n","protected":false},"featured_media":5944616,"comment_status":"closed","ping_status":"closed","template":"","meta":[],"product_brand":[3234],"product_cat":[1071],"product_tag":[],"class_list":{"0":"post-3366374","1":"product","2":"type-product","3":"status-publish","4":"has-post-thumbnail","6":"product_brand-osculati-fr","7":"product_cat-vaisselle-de-melamine","9":"first","10":"instock","11":"shipping-taxable","12":"purchasable","13":"product-type-simple"},"_links":{"self":[{"href":"https:\/\/stoic-curie.212-227-153-4.plesk.page\/fr\/wp-json\/wp\/v2\/product\/3366374","targetHints":{"allow":["GET"]}}],"collection":[{"href":"https:\/\/stoic-curie.212-227-153-4.plesk.page\/fr\/wp-json\/wp\/v2\/product"}],"about":[{"href":"https:\/\/stoic-curie.212-227-153-4.plesk.page\/fr\/wp-json\/wp\/v2\/types\/product"}],"replies":[{"embeddable":true,"href":"https:\/\/stoic-curie.212-227-153-4.plesk.page\/fr\/wp-json\/wp\/v2\/comments?post=3366374"}],"version-history":[{"count":0,"href":"https:\/\/stoic-curie.212-227-153-4.plesk.page\/fr\/wp-json\/wp\/v2\/product\/3366374\/revisions"}],"wp:featuredmedia":[{"embeddable":true,"href":"https:\/\/stoic-curie.212-227-153-4.plesk.page\/fr\/wp-json\/wp\/v2\/media\/5944616"}],"wp:attachment":[{"href":"https:\/\/stoic-curie.212-227-153-4.plesk.page\/fr\/wp-json\/wp\/v2\/media?parent=3366374"}],"wp:term":[{"taxonomy":"product_brand","embeddable":true,"href":"https:\/\/stoic-curie.212-227-153-4.plesk.page\/fr\/wp-json\/wp\/v2\/product_brand?post=3366374"},{"taxonomy":"product_cat","embeddable":true,"href":"https:\/\/stoic-curie.212-227-153-4.plesk.page\/fr\/wp-json\/wp\/v2\/product_cat?post=3366374"},{"taxonomy":"product_tag","embeddable":true,"href":"https:\/\/stoic-curie.212-227-153-4.plesk.page\/fr\/wp-json\/wp\/v2\/product_tag?post=3366374"}],"curies":[{"name":"wp","href":"https:\/\/api.w.org\/{rel}","templated":true}]}}