{"id":3366407,"date":"2025-10-09T22:16:58","date_gmt":"2025-10-10T02:16:58","guid":{"rendered":"https:\/\/stoic-curie.212-227-153-4.plesk.page\/product\/cale-de-roue-en-plastique-noir\/"},"modified":"2026-02-24T23:08:36","modified_gmt":"2026-02-24T23:08:36","slug":"cale-de-roue-en-plastique-noir","status":"publish","type":"product","link":"https:\/\/stoic-curie.212-227-153-4.plesk.page\/fr\/product\/cale-de-roue-en-plastique-noir\/","title":{"rendered":"Cale de roue en plastique noir"},"content":{"rendered":"<p>Cale de roue en plastique noir &#8211; <\/p>\n<p>Bouchon de roue en plastique noir. Les v\u00e9hicules ayant une masse totale maximale \u00e0 pleine charge sup\u00e9rieure \u00e0 3,5 tonnes doivent \u00eatre \u00e9quip\u00e9s de cales de roue (Art. 353 du Code de la route italien).<\/p>\n","protected":false},"excerpt":{"rendered":"<p>Cale de roue en plastique noir &#8211; Bouchon de roue en plastique noir. Les v\u00e9hicules ayant une masse totale maximale<\/p>\n","protected":false},"featured_media":5944651,"comment_status":"closed","ping_status":"closed","template":"","meta":[],"product_brand":[2889],"product_cat":[1267],"product_tag":[],"class_list":{"0":"post-3366407","1":"product","2":"type-product","3":"status-publish","4":"has-post-thumbnail","6":"product_brand-domar-fr","7":"product_cat-accessoires-pour-remorques","9":"first","10":"instock","11":"shipping-taxable","12":"purchasable","13":"product-type-simple"},"_links":{"self":[{"href":"https:\/\/stoic-curie.212-227-153-4.plesk.page\/fr\/wp-json\/wp\/v2\/product\/3366407","targetHints":{"allow":["GET"]}}],"collection":[{"href":"https:\/\/stoic-curie.212-227-153-4.plesk.page\/fr\/wp-json\/wp\/v2\/product"}],"about":[{"href":"https:\/\/stoic-curie.212-227-153-4.plesk.page\/fr\/wp-json\/wp\/v2\/types\/product"}],"replies":[{"embeddable":true,"href":"https:\/\/stoic-curie.212-227-153-4.plesk.page\/fr\/wp-json\/wp\/v2\/comments?post=3366407"}],"version-history":[{"count":0,"href":"https:\/\/stoic-curie.212-227-153-4.plesk.page\/fr\/wp-json\/wp\/v2\/product\/3366407\/revisions"}],"wp:featuredmedia":[{"embeddable":true,"href":"https:\/\/stoic-curie.212-227-153-4.plesk.page\/fr\/wp-json\/wp\/v2\/media\/5944651"}],"wp:attachment":[{"href":"https:\/\/stoic-curie.212-227-153-4.plesk.page\/fr\/wp-json\/wp\/v2\/media?parent=3366407"}],"wp:term":[{"taxonomy":"product_brand","embeddable":true,"href":"https:\/\/stoic-curie.212-227-153-4.plesk.page\/fr\/wp-json\/wp\/v2\/product_brand?post=3366407"},{"taxonomy":"product_cat","embeddable":true,"href":"https:\/\/stoic-curie.212-227-153-4.plesk.page\/fr\/wp-json\/wp\/v2\/product_cat?post=3366407"},{"taxonomy":"product_tag","embeddable":true,"href":"https:\/\/stoic-curie.212-227-153-4.plesk.page\/fr\/wp-json\/wp\/v2\/product_tag?post=3366407"}],"curies":[{"name":"wp","href":"https:\/\/api.w.org\/{rel}","templated":true}]}}