{"id":3366510,"date":"2025-10-09T22:17:02","date_gmt":"2025-10-10T02:17:02","guid":{"rendered":"https:\/\/stoic-curie.212-227-153-4.plesk.page\/product\/kit-dencastrement-pour-fusion-ms-ra670-et-fusion-ms-ra210\/"},"modified":"2026-02-24T23:08:36","modified_gmt":"2026-02-24T23:08:36","slug":"kit-dencastrement-pour-fusion-ms-ra670-et-fusion-ms-ra210","status":"publish","type":"product","link":"https:\/\/stoic-curie.212-227-153-4.plesk.page\/fr\/product\/kit-dencastrement-pour-fusion-ms-ra670-et-fusion-ms-ra210\/","title":{"rendered":"Kit d\u2019encastrement pour Fusion MS-RA670 et Fusion MS-RA210"},"content":{"rendered":"<p>Kit d\u2019encastrement pour Fusion MS-RA670 et Fusion MS-RA210 &#8211; <\/p>\n<p>St\u00e9r\u00e9o marin Fusion MS-RA670 pour tableau de bord avec \u00e9cran LCD tactile en verre. Radio pr\u00eate RDS FM\/AM DAB, port USB et 2 entr\u00e9es AUX \u00e0 l&#8217;arri\u00e8re. Wi-Fi et Bluetooth int\u00e9gr\u00e9s pour la diffusion audio compatible avec les smartphones. Dot\u00e9 de la fonction de t\u00e9l\u00e9commande Fusion-Link, permettant de contr\u00f4ler la st\u00e9r\u00e9o avec une montre Garmin ou un affichage multifonction NMEA2000 compatible. \u00c9quip\u00e9 de la technologie DSP (Traitement Num\u00e9rique du Signal) pour optimiser le son en temps r\u00e9el. Contr\u00f4le des r\u00e9glages ind\u00e9pendants de plusieurs zones pour quatre zones audio distinctes. \u00c9tanche IPx7, peut \u00eatre mont\u00e9 \u00e0 plat ou en saillie. Gr\u00e2ce au kit de modernisation, la st\u00e9r\u00e9o peut \u00eatre adapt\u00e9e aux trous existants des s\u00e9ries 650\/750\/755. D=profondeur<\/p>\n","protected":false},"excerpt":{"rendered":"<p>Kit d\u2019encastrement pour Fusion MS-RA670 et Fusion MS-RA210 &#8211; St\u00e9r\u00e9o marin Fusion MS-RA670 pour tableau de bord avec \u00e9cran LCD<\/p>\n","protected":false},"featured_media":5944685,"comment_status":"closed","ping_status":"closed","template":"","meta":[],"product_brand":[2959],"product_cat":[1159],"product_tag":[],"class_list":{"0":"post-3366510","1":"product","2":"type-product","3":"status-publish","4":"has-post-thumbnail","6":"product_brand-fusion-fr","7":"product_cat-stereo-et-haut-parleurs","9":"first","10":"instock","11":"shipping-taxable","12":"purchasable","13":"product-type-simple"},"_links":{"self":[{"href":"https:\/\/stoic-curie.212-227-153-4.plesk.page\/fr\/wp-json\/wp\/v2\/product\/3366510","targetHints":{"allow":["GET"]}}],"collection":[{"href":"https:\/\/stoic-curie.212-227-153-4.plesk.page\/fr\/wp-json\/wp\/v2\/product"}],"about":[{"href":"https:\/\/stoic-curie.212-227-153-4.plesk.page\/fr\/wp-json\/wp\/v2\/types\/product"}],"replies":[{"embeddable":true,"href":"https:\/\/stoic-curie.212-227-153-4.plesk.page\/fr\/wp-json\/wp\/v2\/comments?post=3366510"}],"version-history":[{"count":0,"href":"https:\/\/stoic-curie.212-227-153-4.plesk.page\/fr\/wp-json\/wp\/v2\/product\/3366510\/revisions"}],"wp:featuredmedia":[{"embeddable":true,"href":"https:\/\/stoic-curie.212-227-153-4.plesk.page\/fr\/wp-json\/wp\/v2\/media\/5944685"}],"wp:attachment":[{"href":"https:\/\/stoic-curie.212-227-153-4.plesk.page\/fr\/wp-json\/wp\/v2\/media?parent=3366510"}],"wp:term":[{"taxonomy":"product_brand","embeddable":true,"href":"https:\/\/stoic-curie.212-227-153-4.plesk.page\/fr\/wp-json\/wp\/v2\/product_brand?post=3366510"},{"taxonomy":"product_cat","embeddable":true,"href":"https:\/\/stoic-curie.212-227-153-4.plesk.page\/fr\/wp-json\/wp\/v2\/product_cat?post=3366510"},{"taxonomy":"product_tag","embeddable":true,"href":"https:\/\/stoic-curie.212-227-153-4.plesk.page\/fr\/wp-json\/wp\/v2\/product_tag?post=3366510"}],"curies":[{"name":"wp","href":"https:\/\/api.w.org\/{rel}","templated":true}]}}