{"id":3366539,"date":"2025-10-09T22:17:03","date_gmt":"2025-10-10T02:17:03","guid":{"rendered":"https:\/\/stoic-curie.212-227-153-4.plesk.page\/product\/cendrier-a-couvercle-coupe-vent-mb-brun\/"},"modified":"2026-02-24T23:08:36","modified_gmt":"2026-02-24T23:08:36","slug":"cendrier-a-couvercle-coupe-vent-mb-brun","status":"publish","type":"product","link":"https:\/\/stoic-curie.212-227-153-4.plesk.page\/fr\/product\/cendrier-a-couvercle-coupe-vent-mb-brun\/","title":{"rendered":"Cendrier \u00e0 couvercle coupe-vent MB brun"},"content":{"rendered":"<p>Cendrier \u00e0 couvercle coupe-vent MB brun &#8211; <\/p>\n<p>Cendrier en acier inoxydable et de qualit\u00e9 marine Skay, r\u00e9sistant au vent, avec une base antid\u00e9rapante.<\/p>\n","protected":false},"excerpt":{"rendered":"<p>Cendrier \u00e0 couvercle coupe-vent MB brun &#8211; Cendrier en acier inoxydable et de qualit\u00e9 marine Skay, r\u00e9sistant au vent, avec<\/p>\n","protected":false},"featured_media":5944704,"comment_status":"closed","ping_status":"closed","template":"","meta":[],"product_brand":[3109],"product_cat":[1070,1066],"product_tag":[],"class_list":{"0":"post-3366539","1":"product","2":"type-product","3":"status-publish","4":"has-post-thumbnail","6":"product_brand-marine-business-mb-fr","7":"product_cat-accessoires-de-rangements","8":"product_cat-decors-nautique","10":"first","11":"instock","12":"shipping-taxable","13":"purchasable","14":"product-type-simple"},"_links":{"self":[{"href":"https:\/\/stoic-curie.212-227-153-4.plesk.page\/fr\/wp-json\/wp\/v2\/product\/3366539","targetHints":{"allow":["GET"]}}],"collection":[{"href":"https:\/\/stoic-curie.212-227-153-4.plesk.page\/fr\/wp-json\/wp\/v2\/product"}],"about":[{"href":"https:\/\/stoic-curie.212-227-153-4.plesk.page\/fr\/wp-json\/wp\/v2\/types\/product"}],"replies":[{"embeddable":true,"href":"https:\/\/stoic-curie.212-227-153-4.plesk.page\/fr\/wp-json\/wp\/v2\/comments?post=3366539"}],"version-history":[{"count":0,"href":"https:\/\/stoic-curie.212-227-153-4.plesk.page\/fr\/wp-json\/wp\/v2\/product\/3366539\/revisions"}],"wp:featuredmedia":[{"embeddable":true,"href":"https:\/\/stoic-curie.212-227-153-4.plesk.page\/fr\/wp-json\/wp\/v2\/media\/5944704"}],"wp:attachment":[{"href":"https:\/\/stoic-curie.212-227-153-4.plesk.page\/fr\/wp-json\/wp\/v2\/media?parent=3366539"}],"wp:term":[{"taxonomy":"product_brand","embeddable":true,"href":"https:\/\/stoic-curie.212-227-153-4.plesk.page\/fr\/wp-json\/wp\/v2\/product_brand?post=3366539"},{"taxonomy":"product_cat","embeddable":true,"href":"https:\/\/stoic-curie.212-227-153-4.plesk.page\/fr\/wp-json\/wp\/v2\/product_cat?post=3366539"},{"taxonomy":"product_tag","embeddable":true,"href":"https:\/\/stoic-curie.212-227-153-4.plesk.page\/fr\/wp-json\/wp\/v2\/product_tag?post=3366539"}],"curies":[{"name":"wp","href":"https:\/\/api.w.org\/{rel}","templated":true}]}}