{"id":3366578,"date":"2025-10-09T22:17:04","date_gmt":"2025-10-10T02:17:04","guid":{"rendered":"https:\/\/stoic-curie.212-227-153-4.plesk.page\/product\/verres-plats-mb-harmony-aqua-6-unites\/"},"modified":"2026-02-24T23:08:36","modified_gmt":"2026-02-24T23:08:36","slug":"verres-plats-mb-harmony-aqua-6-unites","status":"publish","type":"product","link":"https:\/\/stoic-curie.212-227-153-4.plesk.page\/fr\/product\/verres-plats-mb-harmony-aqua-6-unites\/","title":{"rendered":"Verres plats MB Harmony Aqua, 6\u00a0unit\u00e9s"},"content":{"rendered":"<p>Verres plats MB Harmony Aqua, 6\u00a0unit\u00e9s &#8211; <\/p>\n<p>Verre \u00e0 eau de style Harmony Aqua. Fabriqu\u00e9 en MS certifi\u00e9 100 % s\u00fbr pour les aliments. R\u00e9sistant au lave-vaisselle, incassable et r\u00e9sistant aux taches. 6 pi\u00e8ces par emballage.<\/p>\n","protected":false},"excerpt":{"rendered":"<p>Verres plats MB Harmony Aqua, 6\u00a0unit\u00e9s &#8211; Verre \u00e0 eau de style Harmony Aqua. Fabriqu\u00e9 en MS certifi\u00e9 100 %<\/p>\n","protected":false},"featured_media":5944723,"comment_status":"closed","ping_status":"closed","template":"","meta":[],"product_brand":[3109],"product_cat":[1071],"product_tag":[],"class_list":{"0":"post-3366578","1":"product","2":"type-product","3":"status-publish","4":"has-post-thumbnail","6":"product_brand-marine-business-mb-fr","7":"product_cat-vaisselle-de-melamine","9":"first","10":"instock","11":"shipping-taxable","12":"purchasable","13":"product-type-simple"},"_links":{"self":[{"href":"https:\/\/stoic-curie.212-227-153-4.plesk.page\/fr\/wp-json\/wp\/v2\/product\/3366578","targetHints":{"allow":["GET"]}}],"collection":[{"href":"https:\/\/stoic-curie.212-227-153-4.plesk.page\/fr\/wp-json\/wp\/v2\/product"}],"about":[{"href":"https:\/\/stoic-curie.212-227-153-4.plesk.page\/fr\/wp-json\/wp\/v2\/types\/product"}],"replies":[{"embeddable":true,"href":"https:\/\/stoic-curie.212-227-153-4.plesk.page\/fr\/wp-json\/wp\/v2\/comments?post=3366578"}],"version-history":[{"count":0,"href":"https:\/\/stoic-curie.212-227-153-4.plesk.page\/fr\/wp-json\/wp\/v2\/product\/3366578\/revisions"}],"wp:featuredmedia":[{"embeddable":true,"href":"https:\/\/stoic-curie.212-227-153-4.plesk.page\/fr\/wp-json\/wp\/v2\/media\/5944723"}],"wp:attachment":[{"href":"https:\/\/stoic-curie.212-227-153-4.plesk.page\/fr\/wp-json\/wp\/v2\/media?parent=3366578"}],"wp:term":[{"taxonomy":"product_brand","embeddable":true,"href":"https:\/\/stoic-curie.212-227-153-4.plesk.page\/fr\/wp-json\/wp\/v2\/product_brand?post=3366578"},{"taxonomy":"product_cat","embeddable":true,"href":"https:\/\/stoic-curie.212-227-153-4.plesk.page\/fr\/wp-json\/wp\/v2\/product_cat?post=3366578"},{"taxonomy":"product_tag","embeddable":true,"href":"https:\/\/stoic-curie.212-227-153-4.plesk.page\/fr\/wp-json\/wp\/v2\/product_tag?post=3366578"}],"curies":[{"name":"wp","href":"https:\/\/api.w.org\/{rel}","templated":true}]}}