{"id":3366700,"date":"2025-10-09T22:17:08","date_gmt":"2025-10-10T02:17:08","guid":{"rendered":"https:\/\/stoic-curie.212-227-153-4.plesk.page\/product\/pomme-de-touline-en-cuir-leste-04-kg\/"},"modified":"2026-02-24T23:08:36","modified_gmt":"2026-02-24T23:08:36","slug":"pomme-de-touline-en-cuir-leste-04-kg","status":"publish","type":"product","link":"https:\/\/stoic-curie.212-227-153-4.plesk.page\/fr\/product\/pomme-de-touline-en-cuir-leste-04-kg\/","title":{"rendered":"Pomme de touline en cuir lest\u00e9, 0,4\u00a0kg"},"content":{"rendered":"<p>Pomme de touline en cuir lest\u00e9, 0,4\u00a0kg &#8211; <\/p>\n<p>Lanceur de ligne r\u00e9sistant aux UV et \u00e0 l&#8217;environnement marin avec un \u0153illet en acier inoxydable. Utilis\u00e9 pour lancer des lignes d&#8217;amarrage du navire vers la rive et vice versa.<\/p>\n","protected":false},"excerpt":{"rendered":"<p>Pomme de touline en cuir lest\u00e9, 0,4\u00a0kg &#8211; Lanceur de ligne r\u00e9sistant aux UV et \u00e0 l&#8217;environnement marin avec un<\/p>\n","protected":false},"featured_media":5944741,"comment_status":"closed","ping_status":"closed","template":"","meta":[],"product_brand":[3364],"product_cat":[1030,1031],"product_tag":[],"class_list":{"0":"post-3366700","1":"product","2":"type-product","3":"status-publish","4":"has-post-thumbnail","6":"product_brand-securmar-fr","7":"product_cat-bouees-et-slings-de-sauvetage","8":"product_cat-materiel-de-securite","10":"first","11":"instock","12":"shipping-taxable","13":"purchasable","14":"product-type-simple"},"_links":{"self":[{"href":"https:\/\/stoic-curie.212-227-153-4.plesk.page\/fr\/wp-json\/wp\/v2\/product\/3366700","targetHints":{"allow":["GET"]}}],"collection":[{"href":"https:\/\/stoic-curie.212-227-153-4.plesk.page\/fr\/wp-json\/wp\/v2\/product"}],"about":[{"href":"https:\/\/stoic-curie.212-227-153-4.plesk.page\/fr\/wp-json\/wp\/v2\/types\/product"}],"replies":[{"embeddable":true,"href":"https:\/\/stoic-curie.212-227-153-4.plesk.page\/fr\/wp-json\/wp\/v2\/comments?post=3366700"}],"version-history":[{"count":0,"href":"https:\/\/stoic-curie.212-227-153-4.plesk.page\/fr\/wp-json\/wp\/v2\/product\/3366700\/revisions"}],"wp:featuredmedia":[{"embeddable":true,"href":"https:\/\/stoic-curie.212-227-153-4.plesk.page\/fr\/wp-json\/wp\/v2\/media\/5944741"}],"wp:attachment":[{"href":"https:\/\/stoic-curie.212-227-153-4.plesk.page\/fr\/wp-json\/wp\/v2\/media?parent=3366700"}],"wp:term":[{"taxonomy":"product_brand","embeddable":true,"href":"https:\/\/stoic-curie.212-227-153-4.plesk.page\/fr\/wp-json\/wp\/v2\/product_brand?post=3366700"},{"taxonomy":"product_cat","embeddable":true,"href":"https:\/\/stoic-curie.212-227-153-4.plesk.page\/fr\/wp-json\/wp\/v2\/product_cat?post=3366700"},{"taxonomy":"product_tag","embeddable":true,"href":"https:\/\/stoic-curie.212-227-153-4.plesk.page\/fr\/wp-json\/wp\/v2\/product_tag?post=3366700"}],"curies":[{"name":"wp","href":"https:\/\/api.w.org\/{rel}","templated":true}]}}