{"id":3366711,"date":"2025-10-09T22:17:09","date_gmt":"2025-10-10T02:17:09","guid":{"rendered":"https:\/\/stoic-curie.212-227-153-4.plesk.page\/product\/graisse-au-teflon-crc-500-ml\/"},"modified":"2026-02-24T23:08:36","modified_gmt":"2026-02-24T23:08:36","slug":"graisse-au-teflon-crc-500-ml","status":"publish","type":"product","link":"https:\/\/stoic-curie.212-227-153-4.plesk.page\/fr\/product\/graisse-au-teflon-crc-500-ml\/","title":{"rendered":"Graisse au t\u00e9flon CRC, 500\u00a0ml"},"content":{"rendered":"<p>Graisse au t\u00e9flon CRC, 500\u00a0ml &#8211; <\/p>\n<p>Graisse blanche Teflub \u00e0 base de lubrifiant solide PTFE \u00e0 action prolong\u00e9e. Elle r\u00e9duit le coefficient de friction et garantit des effets m\u00e9caniques anti-usure et anti-grippage. Contient des inhibiteurs de corrosion, r\u00e9siste au lavage m\u00eame \u00e0 des temp\u00e9ratures \u00e9lev\u00e9es allant jusqu&#8217;\u00e0 90\u00c2\u00b0. Temp\u00e9rature de fonctionnement de -20 \u00e0 +160 \u00c2\u00b0C. Sp\u00e9cifique pour les raccords en m\u00e9tal et en plastique, pour le mat\u00e9riel, les moteurs marins et tout \u00e9l\u00e9ment expos\u00e9 \u00e0 la condensation, \u00e0 la pluie ou aux jets d&#8217;eau.<\/p>\n","protected":false},"excerpt":{"rendered":"<p>Graisse au t\u00e9flon CRC, 500\u00a0ml &#8211; Graisse blanche Teflub \u00e0 base de lubrifiant solide PTFE \u00e0 action prolong\u00e9e. Elle r\u00e9duit<\/p>\n","protected":false},"featured_media":5944749,"comment_status":"closed","ping_status":"closed","template":"","meta":[],"product_brand":[2869],"product_cat":[1221],"product_tag":[],"class_list":{"0":"post-3366711","1":"product","2":"type-product","3":"status-publish","4":"has-post-thumbnail","6":"product_brand-crc-marine-fr","7":"product_cat-lubrifiants-marins","9":"first","10":"instock","11":"shipping-taxable","12":"purchasable","13":"product-type-simple"},"_links":{"self":[{"href":"https:\/\/stoic-curie.212-227-153-4.plesk.page\/fr\/wp-json\/wp\/v2\/product\/3366711","targetHints":{"allow":["GET"]}}],"collection":[{"href":"https:\/\/stoic-curie.212-227-153-4.plesk.page\/fr\/wp-json\/wp\/v2\/product"}],"about":[{"href":"https:\/\/stoic-curie.212-227-153-4.plesk.page\/fr\/wp-json\/wp\/v2\/types\/product"}],"replies":[{"embeddable":true,"href":"https:\/\/stoic-curie.212-227-153-4.plesk.page\/fr\/wp-json\/wp\/v2\/comments?post=3366711"}],"version-history":[{"count":0,"href":"https:\/\/stoic-curie.212-227-153-4.plesk.page\/fr\/wp-json\/wp\/v2\/product\/3366711\/revisions"}],"wp:featuredmedia":[{"embeddable":true,"href":"https:\/\/stoic-curie.212-227-153-4.plesk.page\/fr\/wp-json\/wp\/v2\/media\/5944749"}],"wp:attachment":[{"href":"https:\/\/stoic-curie.212-227-153-4.plesk.page\/fr\/wp-json\/wp\/v2\/media?parent=3366711"}],"wp:term":[{"taxonomy":"product_brand","embeddable":true,"href":"https:\/\/stoic-curie.212-227-153-4.plesk.page\/fr\/wp-json\/wp\/v2\/product_brand?post=3366711"},{"taxonomy":"product_cat","embeddable":true,"href":"https:\/\/stoic-curie.212-227-153-4.plesk.page\/fr\/wp-json\/wp\/v2\/product_cat?post=3366711"},{"taxonomy":"product_tag","embeddable":true,"href":"https:\/\/stoic-curie.212-227-153-4.plesk.page\/fr\/wp-json\/wp\/v2\/product_tag?post=3366711"}],"curies":[{"name":"wp","href":"https:\/\/api.w.org\/{rel}","templated":true}]}}