{"id":3366777,"date":"2025-10-09T22:17:11","date_gmt":"2025-10-10T02:17:11","guid":{"rendered":"https:\/\/stoic-curie.212-227-153-4.plesk.page\/product\/coude-en-laiton-f-f-3-4-19-mm\/"},"modified":"2026-02-24T23:08:37","modified_gmt":"2026-02-24T23:08:37","slug":"coude-en-laiton-f-f-3-4-19-mm","status":"publish","type":"product","link":"https:\/\/stoic-curie.212-227-153-4.plesk.page\/fr\/product\/coude-en-laiton-f-f-3-4-19-mm\/","title":{"rendered":"Coude en laiton, F-F, 3\/4\u2019\u2019 (19\u00a0mm)"},"content":{"rendered":"<p>Coude en laiton, F-F, 3\/4\u2019\u2019 (19\u00a0mm) &#8211; <\/p>\n<p>Coud\u00e9 en laiton femelle-femelle \u00e0 45\u00c2\u00b0.<\/p>\n","protected":false},"excerpt":{"rendered":"<p>Coude en laiton, F-F, 3\/4\u2019\u2019 (19\u00a0mm) &#8211; Coud\u00e9 en laiton femelle-femelle \u00e0 45\u00c2\u00b0.<\/p>\n","protected":false},"featured_media":5944753,"comment_status":"closed","ping_status":"closed","template":"","meta":[],"product_brand":[2994],"product_cat":[1099],"product_tag":[],"class_list":{"0":"post-3366777","1":"product","2":"type-product","3":"status-publish","4":"has-post-thumbnail","6":"product_brand-guidi-marine-fr","7":"product_cat-plomberie-en-laiton","9":"first","10":"instock","11":"shipping-taxable","12":"purchasable","13":"product-type-simple"},"_links":{"self":[{"href":"https:\/\/stoic-curie.212-227-153-4.plesk.page\/fr\/wp-json\/wp\/v2\/product\/3366777","targetHints":{"allow":["GET"]}}],"collection":[{"href":"https:\/\/stoic-curie.212-227-153-4.plesk.page\/fr\/wp-json\/wp\/v2\/product"}],"about":[{"href":"https:\/\/stoic-curie.212-227-153-4.plesk.page\/fr\/wp-json\/wp\/v2\/types\/product"}],"replies":[{"embeddable":true,"href":"https:\/\/stoic-curie.212-227-153-4.plesk.page\/fr\/wp-json\/wp\/v2\/comments?post=3366777"}],"version-history":[{"count":0,"href":"https:\/\/stoic-curie.212-227-153-4.plesk.page\/fr\/wp-json\/wp\/v2\/product\/3366777\/revisions"}],"wp:featuredmedia":[{"embeddable":true,"href":"https:\/\/stoic-curie.212-227-153-4.plesk.page\/fr\/wp-json\/wp\/v2\/media\/5944753"}],"wp:attachment":[{"href":"https:\/\/stoic-curie.212-227-153-4.plesk.page\/fr\/wp-json\/wp\/v2\/media?parent=3366777"}],"wp:term":[{"taxonomy":"product_brand","embeddable":true,"href":"https:\/\/stoic-curie.212-227-153-4.plesk.page\/fr\/wp-json\/wp\/v2\/product_brand?post=3366777"},{"taxonomy":"product_cat","embeddable":true,"href":"https:\/\/stoic-curie.212-227-153-4.plesk.page\/fr\/wp-json\/wp\/v2\/product_cat?post=3366777"},{"taxonomy":"product_tag","embeddable":true,"href":"https:\/\/stoic-curie.212-227-153-4.plesk.page\/fr\/wp-json\/wp\/v2\/product_tag?post=3366777"}],"curies":[{"name":"wp","href":"https:\/\/api.w.org\/{rel}","templated":true}]}}