{"id":3366809,"date":"2025-10-09T22:17:12","date_gmt":"2025-10-10T02:17:12","guid":{"rendered":"https:\/\/stoic-curie.212-227-153-4.plesk.page\/product\/panneau-solaire-souple-20-w-12-24-v-500-x-355-mm\/"},"modified":"2026-02-24T23:08:37","modified_gmt":"2026-02-24T23:08:37","slug":"panneau-solaire-souple-20-w-12-24-v-500-x-355-mm","status":"publish","type":"product","link":"https:\/\/stoic-curie.212-227-153-4.plesk.page\/fr\/product\/panneau-solaire-souple-20-w-12-24-v-500-x-355-mm\/","title":{"rendered":"Panneau solaire souple, 20\u00a0W, 12\/24\u00a0V, 500\u00a0x\u00a0355\u00a0mm"},"content":{"rendered":"<p>Panneau solaire souple, 20\u00a0W, 12\/24\u00a0V, 500\u00a0x\u00a0355\u00a0mm &#8211; <\/p>\n<p>Panneaux solaires semi-flexibles, l\u00e9gers et r\u00e9sistants dot\u00e9s de cellules en silicium monocristallin \u00e0 haute efficacit\u00e9. Couverture en polym\u00e8re ETFE et base composite en stratifi\u00e9 TPT avec une \u00e9paisseur totale de 2,5 mm pour une flexibilit\u00e9 et une r\u00e9sistance sup\u00e9rieures. Fourni avec des \u0153illets en acier inoxydable pour le montage, deux c\u00e2bles de 90 cm et des connecteurs MC4. Diode et bo\u00eetier de connexion immerg\u00e9s dans une p\u00e2te de silicone IP68. \u00c0 compl\u00e9ter avec un contr\u00f4leur de charge en fonction du nombre de sorties requises et de la somme des courants (Imp) de chaque panneau individuel. Wp = Puissance nominale (W) Imp = Courant maximum (A) Voc = Tension \u00e0 circuit ouvert (V)<\/p>\n","protected":false},"excerpt":{"rendered":"<p>Panneau solaire souple, 20\u00a0W, 12\/24\u00a0V, 500\u00a0x\u00a0355\u00a0mm &#8211; Panneaux solaires semi-flexibles, l\u00e9gers et r\u00e9sistants dot\u00e9s de cellules en silicium monocristallin \u00e0<\/p>\n","protected":false},"featured_media":5943387,"comment_status":"closed","ping_status":"closed","template":"","meta":[],"product_brand":[2829],"product_cat":[1175],"product_tag":[],"class_list":{"0":"post-3366809","1":"product","2":"type-product","3":"status-publish","4":"has-post-thumbnail","6":"product_brand-blue-sea-systems-fr","7":"product_cat-panneaux-solaires","9":"first","10":"instock","11":"shipping-taxable","12":"purchasable","13":"product-type-simple"},"_links":{"self":[{"href":"https:\/\/stoic-curie.212-227-153-4.plesk.page\/fr\/wp-json\/wp\/v2\/product\/3366809","targetHints":{"allow":["GET"]}}],"collection":[{"href":"https:\/\/stoic-curie.212-227-153-4.plesk.page\/fr\/wp-json\/wp\/v2\/product"}],"about":[{"href":"https:\/\/stoic-curie.212-227-153-4.plesk.page\/fr\/wp-json\/wp\/v2\/types\/product"}],"replies":[{"embeddable":true,"href":"https:\/\/stoic-curie.212-227-153-4.plesk.page\/fr\/wp-json\/wp\/v2\/comments?post=3366809"}],"version-history":[{"count":0,"href":"https:\/\/stoic-curie.212-227-153-4.plesk.page\/fr\/wp-json\/wp\/v2\/product\/3366809\/revisions"}],"wp:featuredmedia":[{"embeddable":true,"href":"https:\/\/stoic-curie.212-227-153-4.plesk.page\/fr\/wp-json\/wp\/v2\/media\/5943387"}],"wp:attachment":[{"href":"https:\/\/stoic-curie.212-227-153-4.plesk.page\/fr\/wp-json\/wp\/v2\/media?parent=3366809"}],"wp:term":[{"taxonomy":"product_brand","embeddable":true,"href":"https:\/\/stoic-curie.212-227-153-4.plesk.page\/fr\/wp-json\/wp\/v2\/product_brand?post=3366809"},{"taxonomy":"product_cat","embeddable":true,"href":"https:\/\/stoic-curie.212-227-153-4.plesk.page\/fr\/wp-json\/wp\/v2\/product_cat?post=3366809"},{"taxonomy":"product_tag","embeddable":true,"href":"https:\/\/stoic-curie.212-227-153-4.plesk.page\/fr\/wp-json\/wp\/v2\/product_tag?post=3366809"}],"curies":[{"name":"wp","href":"https:\/\/api.w.org\/{rel}","templated":true}]}}