{"id":3366833,"date":"2025-10-09T22:17:13","date_gmt":"2025-10-10T02:17:13","guid":{"rendered":"https:\/\/stoic-curie.212-227-153-4.plesk.page\/product\/coussin-pour-siege-eltex-marine-425-x-380-x-h-475-mm\/"},"modified":"2026-02-24T23:08:37","modified_gmt":"2026-02-24T23:08:37","slug":"coussin-pour-siege-eltex-marine-425-x-380-x-h-475-mm","status":"publish","type":"product","link":"https:\/\/stoic-curie.212-227-153-4.plesk.page\/fr\/product\/coussin-pour-siege-eltex-marine-425-x-380-x-h-475-mm\/","title":{"rendered":"Coussin pour si\u00e8ge Eltex Marine, 425\u00a0x\u00a0380\u00a0x\u00a0H\u00a0475\u00a0mm"},"content":{"rendered":"<p>Coussin pour si\u00e8ge Eltex Marine, 425\u00a0x\u00a0380\u00a0x\u00a0H\u00a0475\u00a0mm &#8211; <\/p>\n<p>Si\u00e8ge pliant en poly\u00e9thyl\u00e8ne marine r\u00e9sistant. Solide et robuste, enti\u00e8rement sans entretien. Peut \u00eatre compl\u00e9t\u00e9 avec des coussins. Base de connexion de 270 x 327 mm fournie avec des vis.<\/p>\n","protected":false},"excerpt":{"rendered":"<p>Coussin pour si\u00e8ge Eltex Marine, 425\u00a0x\u00a0380\u00a0x\u00a0H\u00a0475\u00a0mm &#8211; Si\u00e8ge pliant en poly\u00e9thyl\u00e8ne marine r\u00e9sistant. Solide et robuste, enti\u00e8rement sans entretien. Peut<\/p>\n","protected":false},"featured_media":5944762,"comment_status":"closed","ping_status":"closed","template":"","meta":[],"product_brand":[2964],"product_cat":[1104],"product_tag":[],"class_list":{"0":"post-3366833","1":"product","2":"type-product","3":"status-publish","4":"has-post-thumbnail","6":"product_brand-garelick-fr","7":"product_cat-sieges","9":"first","10":"instock","11":"shipping-taxable","12":"purchasable","13":"product-type-simple"},"_links":{"self":[{"href":"https:\/\/stoic-curie.212-227-153-4.plesk.page\/fr\/wp-json\/wp\/v2\/product\/3366833","targetHints":{"allow":["GET"]}}],"collection":[{"href":"https:\/\/stoic-curie.212-227-153-4.plesk.page\/fr\/wp-json\/wp\/v2\/product"}],"about":[{"href":"https:\/\/stoic-curie.212-227-153-4.plesk.page\/fr\/wp-json\/wp\/v2\/types\/product"}],"replies":[{"embeddable":true,"href":"https:\/\/stoic-curie.212-227-153-4.plesk.page\/fr\/wp-json\/wp\/v2\/comments?post=3366833"}],"version-history":[{"count":0,"href":"https:\/\/stoic-curie.212-227-153-4.plesk.page\/fr\/wp-json\/wp\/v2\/product\/3366833\/revisions"}],"wp:featuredmedia":[{"embeddable":true,"href":"https:\/\/stoic-curie.212-227-153-4.plesk.page\/fr\/wp-json\/wp\/v2\/media\/5944762"}],"wp:attachment":[{"href":"https:\/\/stoic-curie.212-227-153-4.plesk.page\/fr\/wp-json\/wp\/v2\/media?parent=3366833"}],"wp:term":[{"taxonomy":"product_brand","embeddable":true,"href":"https:\/\/stoic-curie.212-227-153-4.plesk.page\/fr\/wp-json\/wp\/v2\/product_brand?post=3366833"},{"taxonomy":"product_cat","embeddable":true,"href":"https:\/\/stoic-curie.212-227-153-4.plesk.page\/fr\/wp-json\/wp\/v2\/product_cat?post=3366833"},{"taxonomy":"product_tag","embeddable":true,"href":"https:\/\/stoic-curie.212-227-153-4.plesk.page\/fr\/wp-json\/wp\/v2\/product_tag?post=3366833"}],"curies":[{"name":"wp","href":"https:\/\/api.w.org\/{rel}","templated":true}]}}